{"id":1145,"date":"2024-03-10T14:08:37","date_gmt":"2024-03-10T14:08:37","guid":{"rendered":"https:\/\/surmelihotels.com\/adana\/?page_id=1145"},"modified":"2024-03-10T17:16:39","modified_gmt":"2024-03-10T17:16:39","slug":"junior-suite","status":"publish","type":"page","link":"https:\/\/surmelihotels.com\/adana\/junior-suite\/","title":{"rendered":"Junior Suite"},"content":{"rendered":"\t<section class=\"section dark\" id=\"section_482216700\">\n\t\t<div class=\"bg section-bg fill bg-fill  \" >\n\n\t\t\t\n\t\t\t\n\t\t\t\n\n\t\t<\/div>\n\n\t\t\n\n\t\t<div class=\"section-content relative\">\n\t\t\t\n\t\t<\/div>\n\n\t\t\n<style>\n#section_482216700 {\n  padding-top: 30px;\n  padding-bottom: 30px;\n  min-height: 300px;\n}\n#section_482216700 .section-bg.bg-loaded {\n  background-image: url(https:\/\/surmelihotels.com\/adana\/wp-content\/uploads\/2024\/03\/Adana-Room.jpg);\n}\n#section_482216700 .section-bg {\n  background-position: 50% 37%;\n}\n<\/style>\n\t<\/section>\n\t\n\t<section class=\"section\" id=\"section_735879117\">\n\t\t<div class=\"bg section-bg fill bg-fill  bg-loaded\" >\n\n\t\t\t\n\t\t\t<div class=\"section-bg-overlay absolute fill\"><\/div>\n\t\t\t\n\n\t\t<\/div>\n\n\t\t\n\n\t\t<div class=\"section-content relative\">\n\t\t\t\n<div class=\"row\"  id=\"row-331132690\">\n\n\t<div id=\"col-708497264\" class=\"col small-12 large-12\"  >\n\t\t\t\t<div class=\"col-inner\"  >\n\t\t\t\n\t\t\t\n<div class=\"row\"  id=\"row-894254865\">\n\n\t<div id=\"col-608914055\" class=\"col small-12 large-12\"  >\n\t\t\t\t<div class=\"col-inner\"  >\n\t\t\t\n\t\t\t\n\t<div id=\"text-3640156835\" class=\"text\">\n\t\t\n<h3><span style=\"color: #c7ab5e;\">Junior Suite<\/span><\/h3>\n\t\t\n<style>\n#text-3640156835 {\n  text-align: left;\n}\n<\/style>\n\t<\/div>\n\t\n<div class=\"text-center\"><div class=\"is-divider divider clearfix\" style=\"max-width:1050px;height:1px;background-color:rgb(199, 171, 94);\"><\/div><\/div>\n\t\t<\/div>\n\t\t\t\t\t<\/div>\n\n\t\n<\/div>\n\t\t<\/div>\n\t\t\t\t\t<\/div>\n\n\t\n<\/div>\n<div class=\"row\"  id=\"row-1609412550\">\n\n\t<div id=\"col-1312919894\" class=\"col medium-6 small-12 large-6\"  >\n\t\t\t\t<div class=\"col-inner text-right\"  >\n\t\t\t\n\t\t\t\n\t<div class=\"img has-hover x md-x lg-x y md-y lg-y\" id=\"image_847866305\">\n\t\t\t\t\t\t\t\t<div class=\"img-inner dark\" >\n\t\t\t<img loading=\"lazy\" decoding=\"async\" width=\"1020\" height=\"678\" src=\"https:\/\/surmelihotels.com\/adana\/wp-content\/uploads\/2024\/03\/173201611116120-1-1204x800.jpg\" class=\"attachment-large size-large\" alt=\"\" srcset=\"https:\/\/surmelihotels.com\/adana\/wp-content\/uploads\/2024\/03\/173201611116120-1-1204x800.jpg 1204w, https:\/\/surmelihotels.com\/adana\/wp-content\/uploads\/2024\/03\/173201611116120-1-602x400.jpg 602w, https:\/\/surmelihotels.com\/adana\/wp-content\/uploads\/2024\/03\/173201611116120-1-768x510.jpg 768w, https:\/\/surmelihotels.com\/adana\/wp-content\/uploads\/2024\/03\/173201611116120-1.jpg 1355w\" sizes=\"auto, (max-width: 1020px) 100vw, 1020px\" \/>\t\t\t\t\t\t\n\t\t\t\t\t<\/div>\n\t\t\t\t\t\t\t\t\n<style>\n#image_847866305 {\n  width: 100%;\n}\n<\/style>\n\t<\/div>\n\t\n\t\t<\/div>\n\t\t\t\t\t<\/div>\n\n\t\n\n\t<div id=\"col-459489266\" class=\"col medium-6 small-12 large-6\"  >\n\t\t\t\t<div class=\"col-inner\"  >\n\t\t\t\n\t\t\t\n\t<div id=\"text-1175490936\" class=\"text\">\n\t\t\n<p>50 M2\u00a0 geni\u015fli\u011finde yatak odas\u0131 ve ayr\u0131 oturma salonundan olu\u015fan suit odada,\u00a0 giri\u015f hol, kahve-\u00e7ay seti, mini bar, \u00e7al\u0131\u015fma masas\u0131 ve oturma grubu ile\u00a0 konforunuza sunulmaktad\u0131r.<\/p>\n\t\t\n<style>\n#text-1175490936 {\n  font-size: 0.85rem;\n  line-height: 1.45;\n}\n@media (min-width:550px) {\n  #text-1175490936 {\n    font-size: 0.85rem;\n    line-height: 1.35;\n  }\n}\n<\/style>\n\t<\/div>\n\t\n\t\t<\/div>\n\t\t\t\t\n<style>\n#col-459489266 > .col-inner {\n  padding: 150px 0px 0px 0px;\n}\n<\/style>\n\t<\/div>\n\n\t\n<\/div>\n<div class=\"row\"  id=\"row-1722788862\">\n\n\t<div id=\"col-1685143053\" class=\"col medium-4 small-12 large-4\"  >\n\t\t\t\t<div class=\"col-inner\"  >\n\t\t\t\n\t\t\t\n\t<div class=\"img has-hover x md-x lg-x y md-y lg-y\" id=\"image_1576619433\">\n\t\t\t\t\t\t\t\t<div class=\"img-inner dark\" >\n\t\t\t<img loading=\"lazy\" decoding=\"async\" width=\"960\" height=\"640\" src=\"https:\/\/surmelihotels.com\/adana\/wp-content\/uploads\/2024\/03\/2932016164358500.jpg\" class=\"attachment-large size-large\" alt=\"\" srcset=\"https:\/\/surmelihotels.com\/adana\/wp-content\/uploads\/2024\/03\/2932016164358500.jpg 960w, https:\/\/surmelihotels.com\/adana\/wp-content\/uploads\/2024\/03\/2932016164358500-600x400.jpg 600w, https:\/\/surmelihotels.com\/adana\/wp-content\/uploads\/2024\/03\/2932016164358500-768x512.jpg 768w\" sizes=\"auto, (max-width: 960px) 100vw, 960px\" \/>\t\t\t\t\t\t\n\t\t\t\t\t<\/div>\n\t\t\t\t\t\t\t\t\n<style>\n#image_1576619433 {\n  width: 100%;\n}\n<\/style>\n\t<\/div>\n\t\n\t\t<\/div>\n\t\t\t\t\t<\/div>\n\n\t\n\n\t<div id=\"col-1283114372\" class=\"col medium-4 small-12 large-4\"  >\n\t\t\t\t<div class=\"col-inner\"  >\n\t\t\t\n\t\t\t\n\t<div class=\"img has-hover x md-x lg-x y md-y lg-y\" id=\"image_2047706674\">\n\t\t\t\t\t\t\t\t<div class=\"img-inner dark\" >\n\t\t\t<img loading=\"lazy\" decoding=\"async\" width=\"1020\" height=\"678\" src=\"https:\/\/surmelihotels.com\/adana\/wp-content\/uploads\/2024\/03\/243201613511954-1204x800.png\" class=\"attachment-large size-large\" alt=\"\" srcset=\"https:\/\/surmelihotels.com\/adana\/wp-content\/uploads\/2024\/03\/243201613511954-1204x800.png 1204w, https:\/\/surmelihotels.com\/adana\/wp-content\/uploads\/2024\/03\/243201613511954-602x400.png 602w, https:\/\/surmelihotels.com\/adana\/wp-content\/uploads\/2024\/03\/243201613511954-768x510.png 768w, https:\/\/surmelihotels.com\/adana\/wp-content\/uploads\/2024\/03\/243201613511954.png 1279w\" sizes=\"auto, (max-width: 1020px) 100vw, 1020px\" \/>\t\t\t\t\t\t\n\t\t\t\t\t<\/div>\n\t\t\t\t\t\t\t\t\n<style>\n#image_2047706674 {\n  width: 100%;\n}\n<\/style>\n\t<\/div>\n\t\n\t\t<\/div>\n\t\t\t\t\t<\/div>\n\n\t\n\n\t<div id=\"col-1158715517\" class=\"col medium-4 small-12 large-4\"  >\n\t\t\t\t<div class=\"col-inner\"  >\n\t\t\t\n\t\t\t\n\t<div class=\"img has-hover x md-x lg-x y md-y lg-y\" id=\"image_1924790758\">\n\t\t\t\t\t\t\t\t<div class=\"img-inner dark\" >\n\t\t\t<img loading=\"lazy\" decoding=\"async\" width=\"1020\" height=\"680\" src=\"https:\/\/surmelihotels.com\/adana\/wp-content\/uploads\/2024\/03\/10032024.jpg\" class=\"attachment-large size-large\" alt=\"\" srcset=\"https:\/\/surmelihotels.com\/adana\/wp-content\/uploads\/2024\/03\/10032024.jpg 1024w, https:\/\/surmelihotels.com\/adana\/wp-content\/uploads\/2024\/03\/10032024-600x400.jpg 600w, https:\/\/surmelihotels.com\/adana\/wp-content\/uploads\/2024\/03\/10032024-768x512.jpg 768w\" sizes=\"auto, (max-width: 1020px) 100vw, 1020px\" \/>\t\t\t\t\t\t\n\t\t\t\t\t<\/div>\n\t\t\t\t\t\t\t\t\n<style>\n#image_1924790758 {\n  width: 100%;\n}\n<\/style>\n\t<\/div>\n\t\n\t\t<\/div>\n\t\t\t\t\t<\/div>\n\n\t\n<\/div>\n<div class=\"row\"  id=\"row-1283104752\">\n\n\t<div id=\"col-1786704229\" class=\"col medium-3 small-6 large-3\"  >\n\t\t\t\t<div class=\"col-inner\"  >\n\t\t\t\n\t\t\t\n\t<div id=\"text-3222967609\" class=\"text\">\n\t\t\n<p><span style=\"color: #000000;\"><img loading=\"lazy\" decoding=\"async\" class=\"alignnone wp-image-556\" src=\"https:\/\/surmelihotels.com\/adana\/wp-content\/uploads\/2024\/02\/check-1.png\" alt=\"\" width=\"15\" height=\"14\" \/>\u00a0 \u00a025 &#8211; 30 m<sup>2<\/sup><\/span><\/p>\n<p><span style=\"color: #000000;\"><img loading=\"lazy\" decoding=\"async\" class=\"alignnone wp-image-556\" src=\"https:\/\/surmelihotels.com\/adana\/wp-content\/uploads\/2024\/02\/check-1.png\" alt=\"\" width=\"15\" height=\"14\" \/>\u00a0 \u00c7al\u0131\u015fma masas\u0131<\/span><\/p>\n<p><span style=\"color: #000000; font-size: 14.4px;\"><img loading=\"lazy\" decoding=\"async\" class=\"alignnone wp-image-556\" src=\"https:\/\/surmelihotels.com\/adana\/wp-content\/uploads\/2024\/02\/check-1.png\" alt=\"\" width=\"15\" height=\"14\" \/>\u00a0 Su \u0131s\u0131t\u0131c\u0131s\u0131<\/span><\/p>\n<p><span style=\"color: #000000; font-size: 14.4px;\"><img loading=\"lazy\" decoding=\"async\" class=\"alignnone wp-image-556\" src=\"https:\/\/surmelihotels.com\/adana\/wp-content\/uploads\/2024\/02\/check-1.png\" alt=\"\" width=\"15\" height=\"14\" \/>\u00a0 \u00dccretsiz internet<\/span><\/p>\n<p><span style=\"color: #000000; font-size: 14.4px;\"><img loading=\"lazy\" decoding=\"async\" class=\"alignnone wp-image-556\" src=\"https:\/\/surmelihotels.com\/adana\/wp-content\/uploads\/2024\/02\/check-1.png\" alt=\"\" width=\"15\" height=\"14\" \/>\u00a0 Transfer servisi<\/span><i class=\"fusion-li-icon icon-hotel-check-circle-regular\" aria-hidden=\"true\"><\/i><\/p>\n\t\t\n<style>\n#text-3222967609 {\n  font-size: 0.8rem;\n  line-height: 0.8;\n}\n@media (min-width:550px) {\n  #text-3222967609 {\n    font-size: 0.9rem;\n    line-height: 0.85;\n  }\n}\n<\/style>\n\t<\/div>\n\t\n\t\t<\/div>\n\t\t\t\t\t<\/div>\n\n\t\n\n\t<div id=\"col-88726655\" class=\"col medium-3 small-6 large-3\"  >\n\t\t\t\t<div class=\"col-inner\"  >\n\t\t\t\n\t\t\t\n\t<div id=\"text-4244812252\" class=\"text\">\n\t\t\n<p><span style=\"color: #000000;\"><img loading=\"lazy\" decoding=\"async\" class=\"alignnone wp-image-556\" src=\"https:\/\/surmelihotels.com\/adana\/wp-content\/uploads\/2024\/02\/check-1.png\" alt=\"\" width=\"15\" height=\"14\" \/>\u00a0 Bagaj muhafaza<\/span><\/p>\n<p><span style=\"color: #000000;\"><img loading=\"lazy\" decoding=\"async\" class=\"alignnone wp-image-556\" src=\"https:\/\/surmelihotels.com\/adana\/wp-content\/uploads\/2024\/02\/check-1.png\" alt=\"\" width=\"15\" height=\"14\" \/>\u00a0 Geni\u015f g\u00f6mme dolaplar<\/span><\/p>\n<p><span style=\"color: #000000; font-size: 14.4px;\"><img loading=\"lazy\" decoding=\"async\" class=\"alignnone wp-image-556\" src=\"https:\/\/surmelihotels.com\/adana\/wp-content\/uploads\/2024\/02\/check-1.png\" alt=\"\" width=\"15\" height=\"14\" \/>\u00a0 Klima<\/span><\/p>\n<p><span style=\"color: #000000; font-size: 14.4px;\"><img loading=\"lazy\" decoding=\"async\" class=\"alignnone wp-image-556\" src=\"https:\/\/surmelihotels.com\/adana\/wp-content\/uploads\/2024\/02\/check-1.png\" alt=\"\" width=\"15\" height=\"14\" \/>\u00a0 Sa\u00e7 kurutma mak.<\/span><\/p>\n<p><span style=\"color: #000000; font-size: 14.4px;\"><img loading=\"lazy\" decoding=\"async\" class=\"alignnone wp-image-556\" src=\"https:\/\/surmelihotels.com\/adana\/wp-content\/uploads\/2024\/02\/check-1.png\" alt=\"\" width=\"15\" height=\"14\" \/> 24 saat oda servisi<\/span><i class=\"fusion-li-icon icon-hotel-check-circle-regular\" aria-hidden=\"true\"><\/i><\/p>\n\t\t\n<style>\n#text-4244812252 {\n  font-size: 0.8rem;\n  line-height: 0.8;\n}\n@media (min-width:550px) {\n  #text-4244812252 {\n    font-size: 0.9rem;\n    line-height: 0.85;\n  }\n}\n<\/style>\n\t<\/div>\n\t\n\t\t<\/div>\n\t\t\t\t\t<\/div>\n\n\t\n\n\t<div id=\"col-489679317\" class=\"col medium-3 small-6 large-3\"  >\n\t\t\t\t<div class=\"col-inner\"  >\n\t\t\t\n\t\t\t\n\t<div id=\"text-3959207395\" class=\"text\">\n\t\t\n<p><span style=\"color: #000000;\"><img loading=\"lazy\" decoding=\"async\" class=\"alignnone wp-image-556\" src=\"https:\/\/surmelihotels.com\/adana\/wp-content\/uploads\/2024\/02\/check-1.png\" alt=\"\" width=\"15\" height=\"14\" \/> Business Center<\/span><\/p>\n<p><span style=\"color: #000000;\"><img loading=\"lazy\" decoding=\"async\" class=\"alignnone wp-image-556\" src=\"https:\/\/surmelihotels.com\/adana\/wp-content\/uploads\/2024\/02\/check-1.png\" alt=\"\" width=\"15\" height=\"14\" \/> Bornoz ve terlik<\/span><\/p>\n<p><span style=\"color: #000000; font-size: 14.4px;\"><img loading=\"lazy\" decoding=\"async\" class=\"alignnone wp-image-556\" src=\"https:\/\/surmelihotels.com\/adana\/wp-content\/uploads\/2024\/02\/check-1.png\" alt=\"\" width=\"15\" height=\"14\" \/> Sauna<\/span><\/p>\n<p><span style=\"color: #000000; font-size: 14.4px;\"><img loading=\"lazy\" decoding=\"async\" class=\"alignnone wp-image-556\" src=\"https:\/\/surmelihotels.com\/adana\/wp-content\/uploads\/2024\/02\/check-1.png\" alt=\"\" width=\"15\" height=\"14\" \/> Uydu kanallar\u0131<\/span><\/p>\n<p><span style=\"color: #000000; font-size: 14.4px;\"><img loading=\"lazy\" decoding=\"async\" class=\"alignnone wp-image-556\" src=\"https:\/\/surmelihotels.com\/adana\/wp-content\/uploads\/2024\/02\/check-1.png\" alt=\"\" width=\"15\" height=\"14\" \/> Elektronik kasa<\/span><i class=\"fusion-li-icon icon-hotel-check-circle-regular\" aria-hidden=\"true\"><\/i><\/p>\n\t\t\n<style>\n#text-3959207395 {\n  font-size: 0.8rem;\n  line-height: 0.8;\n}\n@media (min-width:550px) {\n  #text-3959207395 {\n    font-size: 0.9rem;\n    line-height: 0.85;\n  }\n}\n<\/style>\n\t<\/div>\n\t\n\t\t<\/div>\n\t\t\t\t\t<\/div>\n\n\t\n\n\t<div id=\"col-1709367137\" class=\"col medium-3 small-6 large-3\"  >\n\t\t\t\t<div class=\"col-inner\"  >\n\t\t\t\n\t\t\t\n\t<div id=\"text-4133884687\" class=\"text\">\n\t\t\n<p><span style=\"color: #000000;\"><img loading=\"lazy\" decoding=\"async\" class=\"alignnone wp-image-556\" src=\"https:\/\/surmelihotels.com\/adana\/wp-content\/uploads\/2024\/02\/check-1.png\" alt=\"\" width=\"15\" height=\"14\" \/>\u00a0 Banyo k\u00fcveti<\/span><\/p>\n<p><span style=\"color: #000000;\"><img loading=\"lazy\" decoding=\"async\" class=\"alignnone wp-image-556\" src=\"https:\/\/surmelihotels.com\/adana\/wp-content\/uploads\/2024\/02\/check-1.png\" alt=\"\" width=\"15\" height=\"14\" \/> Uyand\u0131rma servisi<\/span><\/p>\n<p><span style=\"color: #000000; font-size: 14.4px;\"><img loading=\"lazy\" decoding=\"async\" class=\"alignnone wp-image-556\" src=\"https:\/\/surmelihotels.com\/adana\/wp-content\/uploads\/2024\/02\/check-1.png\" alt=\"\" width=\"15\" height=\"14\" \/> \u00dccretsiz otopark<\/span><\/p>\n<p><span style=\"color: #000000; font-size: 14.4px;\"><img loading=\"lazy\" decoding=\"async\" class=\"alignnone wp-image-556\" src=\"https:\/\/surmelihotels.com\/adana\/wp-content\/uploads\/2024\/02\/check-1.png\" alt=\"\" width=\"15\" height=\"14\" \/> Kuru temizleme<\/span><\/p>\n<p><span style=\"color: #000000; font-size: 14.4px;\"><img loading=\"lazy\" decoding=\"async\" class=\"alignnone wp-image-556\" src=\"https:\/\/surmelihotels.com\/adana\/wp-content\/uploads\/2024\/02\/check-1.png\" alt=\"\" width=\"15\" height=\"14\" \/> Mini bar<\/span><i class=\"fusion-li-icon icon-hotel-check-circle-regular\" aria-hidden=\"true\"><\/i><\/p>\n\t\t\n<style>\n#text-4133884687 {\n  font-size: 0.8rem;\n  line-height: 0.8;\n  text-align: left;\n}\n@media (min-width:550px) {\n  #text-4133884687 {\n    font-size: 0.9rem;\n    line-height: 0.85;\n  }\n}\n<\/style>\n\t<\/div>\n\t\n\t\t<\/div>\n\t\t\t\t\t<\/div>\n\n\t\n<\/div>\n<div class=\"social-icons follow-icons full-width text-center\" ><a href=\"https:\/\/www.facebook.com\/SurmeliHotelsResorts\/\" target=\"_blank\" data-label=\"Facebook\" class=\"icon primary button circle facebook tooltip\" title=\"Facebook&amp;apos; ta takip et\" aria-label=\"Facebook&amp;apos; ta takip et\" rel=\"noopener nofollow\" ><i class=\"icon-facebook\" ><\/i><\/a><a href=\"https:\/\/www.instagram.com\/surmelihotels\/\" target=\"_blank\" data-label=\"Instagram\" class=\"icon primary button circle instagram tooltip\" title=\"Instagram&amp;apos; da takip et\" aria-label=\"Instagram&amp;apos; da takip et\" rel=\"noopener nofollow\" ><i class=\"icon-instagram\" ><\/i><\/a><a href=\"https:\/\/twitter.com\/surmelihotel\" data-label=\"X\" target=\"_blank\" class=\"icon primary button circle x tooltip\" title=\"Follow on X\" aria-label=\"Follow on X\" rel=\"noopener nofollow\" ><i class=\"icon-x\" ><\/i><\/a><a href=\"https:\/\/www.youtube.com\/channel\/UCkYLggujgzqMYrv2CxeWQrw\" data-label=\"YouTube\" target=\"_blank\" class=\"icon primary button circle youtube tooltip\" title=\"YouTube&amp;apos; da takip et\" aria-label=\"YouTube&amp;apos; da takip et\" rel=\"noopener nofollow\" ><i class=\"icon-youtube\" ><\/i><\/a><\/div>\n\t\t<\/div>\n\n\t\t\n<style>\n#section_735879117 {\n  padding-top: 90px;\n  padding-bottom: 90px;\n  background-color: rgba(255, 255, 255, 0.971);\n}\n#section_735879117 .section-bg-overlay {\n  background-color: rgba(255, 255, 255, 0);\n}\n<\/style>\n\t<\/section>\n\t\n","protected":false},"excerpt":{"rendered":"","protected":false},"author":1,"featured_media":0,"parent":0,"menu_order":0,"comment_status":"closed","ping_status":"closed","template":"page-blank.php","meta":{"footnotes":""},"class_list":["post-1145","page","type-page","status-publish","hentry"],"_links":{"self":[{"href":"https:\/\/surmelihotels.com\/adana\/wp-json\/wp\/v2\/pages\/1145","targetHints":{"allow":["GET"]}}],"collection":[{"href":"https:\/\/surmelihotels.com\/adana\/wp-json\/wp\/v2\/pages"}],"about":[{"href":"https:\/\/surmelihotels.com\/adana\/wp-json\/wp\/v2\/types\/page"}],"author":[{"embeddable":true,"href":"https:\/\/surmelihotels.com\/adana\/wp-json\/wp\/v2\/users\/1"}],"replies":[{"embeddable":true,"href":"https:\/\/surmelihotels.com\/adana\/wp-json\/wp\/v2\/comments?post=1145"}],"version-history":[{"count":6,"href":"https:\/\/surmelihotels.com\/adana\/wp-json\/wp\/v2\/pages\/1145\/revisions"}],"predecessor-version":[{"id":1193,"href":"https:\/\/surmelihotels.com\/adana\/wp-json\/wp\/v2\/pages\/1145\/revisions\/1193"}],"wp:attachment":[{"href":"https:\/\/surmelihotels.com\/adana\/wp-json\/wp\/v2\/media?parent=1145"}],"curies":[{"name":"wp","href":"https:\/\/api.w.org\/{rel}","templated":true}]}}