{"id":1360,"date":"2024-04-02T21:12:36","date_gmt":"2024-04-02T21:12:36","guid":{"rendered":"https:\/\/surmelihotels.com\/adana\/?page_id=1360"},"modified":"2024-04-02T21:56:50","modified_gmt":"2024-04-02T21:56:50","slug":"odalarimiz-2","status":"publish","type":"page","link":"https:\/\/surmelihotels.com\/adana\/odalarimiz-2\/","title":{"rendered":"Odalar\u0131m\u0131z"},"content":{"rendered":"\t<section class=\"section dark\" id=\"section_296559936\">\n\t\t<div class=\"bg section-bg fill bg-fill  \" >\n\n\t\t\t\n\t\t\t\n\t\t\t\n\n\t\t<\/div>\n\n\t\t\n\n\t\t<div class=\"section-content relative\">\n\t\t\t\n\t\t<\/div>\n\n\t\t\n<style>\n#section_296559936 {\n  padding-top: 30px;\n  padding-bottom: 30px;\n  min-height: 300px;\n}\n#section_296559936 .section-bg.bg-loaded {\n  background-image: url(https:\/\/surmelihotels.com\/adana\/wp-content\/uploads\/2024\/02\/Oda-Banner.jpg);\n}\n#section_296559936 .section-bg {\n  background-position: 50% 37%;\n}\n<\/style>\n\t<\/section>\n\t\n\t<div id=\"gap-819682118\" class=\"gap-element clearfix\" style=\"display:block; height:auto;\">\n\t\t\n<style>\n#gap-819682118 {\n  padding-top: 0px;\n}\n<\/style>\n\t<\/div>\n\t\n\t<section class=\"section info-card-1\" id=\"section_2013173313\">\n\t\t<div class=\"bg section-bg fill bg-fill  bg-loaded\" >\n\n\t\t\t\n\t\t\t\n\t\t\t\n\n\t\t<\/div>\n\n\t\t\n\n\t\t<div class=\"section-content relative\">\n\t\t\t\n<div class=\"row\"  id=\"row-784798017\">\n\n\t<div id=\"col-843202946\" class=\"col small-12 large-12\"  >\n\t\t\t\t<div class=\"col-inner text-center\"  >\n\t\t\t\n\t\t\t\n<div class=\"container section-title-container\" ><h3 class=\"section-title section-title-center\"><b><\/b><span class=\"section-title-main\" style=\"font-size:130%;color:rgb(199, 171, 94);\">KONAKLAMA<\/span><b><\/b><\/h3><\/div>\n\t\t<\/div>\n\t\t\t\t\n<style>\n#col-843202946 > .col-inner {\n  padding: 20px 0px 0px 0px;\n}\n<\/style>\n\t<\/div>\n\n\t\n<\/div>\n<div class=\"row row-small align-equal\"  id=\"row-1681721167\">\n\n\t<div id=\"col-312417227\" class=\"col medium-4 small-12 large-4\"  >\n\t\t\t\t<div class=\"col-inner text-center\"  >\n\t\t\t\n\t\t\t\n\t<div class=\"box has-hover   has-hover box-push box-text-bottom\" >\n\n\t\t<div class=\"box-image\" >\n\t\t\t<a href=\"https:\/\/surmelihotels.com\/adana\/standart-oda\/\" >\t\t\t<div class=\"image-zoom image-cover\" style=\"padding-top:70%;\">\n\t\t\t\t<img loading=\"lazy\" decoding=\"async\" width=\"1355\" height=\"900\" src=\"https:\/\/surmelihotels.com\/adana\/wp-content\/uploads\/2024\/03\/173201610222042.jpg\" class=\"attachment- size-\" alt=\"\" srcset=\"https:\/\/surmelihotels.com\/adana\/wp-content\/uploads\/2024\/03\/173201610222042.jpg 1355w, https:\/\/surmelihotels.com\/adana\/wp-content\/uploads\/2024\/03\/173201610222042-602x400.jpg 602w, https:\/\/surmelihotels.com\/adana\/wp-content\/uploads\/2024\/03\/173201610222042-1204x800.jpg 1204w, https:\/\/surmelihotels.com\/adana\/wp-content\/uploads\/2024\/03\/173201610222042-768x510.jpg 768w\" sizes=\"auto, (max-width: 1355px) 100vw, 1355px\" \/>\t\t\t\t\t\t\t\t\t\t\t<\/div>\n\t\t\t<\/a>\t\t<\/div>\n\n\t\t<div class=\"box-text text-center\" style=\"background-color:rgb(255, 255, 255);padding:20px 5% 20px 5%;\">\n\t\t\t<div class=\"box-text-inner\">\n\t\t\t\t\n\t<div id=\"text-3380304185\" class=\"text\">\n\t\t\n<h3><span style=\"color: #c7ab5e;\">Standart Oda<\/span><\/h3>\n<p style=\"text-align: left;\"><span style=\"color: #000000;\">25- 30 m2 geni\u015fli\u011finde ergonomik ve modern mimari tasar\u0131m\u0131 ile \u015fehrin merkezinde evinizde konforlu bir konaklama ya\u015fayacaks\u0131n\u0131z.. &#8230;<\/span><\/p>\n\t\t\n<style>\n#text-3380304185 {\n  font-size: 0.8rem;\n  line-height: 1.9;\n  text-align: center;\n}\n<\/style>\n\t<\/div>\n\t\n\t\t\t<\/div>\n\t\t<\/div>\n\t<\/div>\n\t\n<a href=\"https:\/\/surmelihotels.com\/adana\/standart-oda\/\" class=\"button primary is-small lowercase\"  style=\"border-radius:2px;\">\n    <span>Daha Fazla Bilgi<\/span>\n  <\/a>\n\n\t\t<\/div>\n\t\t\t\t\t<\/div>\n\n\t\n\n\t<div id=\"col-906457718\" class=\"col medium-4 small-12 large-4\"  >\n\t\t\t\t<div class=\"col-inner text-center\"  >\n\t\t\t\n\t\t\t\n\t<div class=\"box has-hover   has-hover box-push box-text-bottom\" >\n\n\t\t<div class=\"box-image\" >\n\t\t\t<a href=\"https:\/\/surmelihotels.com\/adana\/junior-suite\/\" >\t\t\t<div class=\"image-zoom image-cover\" style=\"padding-top:70%;\">\n\t\t\t\t<img loading=\"lazy\" decoding=\"async\" width=\"1355\" height=\"900\" src=\"https:\/\/surmelihotels.com\/adana\/wp-content\/uploads\/2024\/03\/173201611116120.jpg\" class=\"attachment- size-\" alt=\"\" srcset=\"https:\/\/surmelihotels.com\/adana\/wp-content\/uploads\/2024\/03\/173201611116120.jpg 1355w, https:\/\/surmelihotels.com\/adana\/wp-content\/uploads\/2024\/03\/173201611116120-602x400.jpg 602w, https:\/\/surmelihotels.com\/adana\/wp-content\/uploads\/2024\/03\/173201611116120-1204x800.jpg 1204w, https:\/\/surmelihotels.com\/adana\/wp-content\/uploads\/2024\/03\/173201611116120-768x510.jpg 768w\" sizes=\"auto, (max-width: 1355px) 100vw, 1355px\" \/>\t\t\t\t\t\t\t\t\t\t\t<\/div>\n\t\t\t<\/a>\t\t<\/div>\n\n\t\t<div class=\"box-text text-center\" style=\"background-color:rgb(255, 255, 255);padding:20px 5% 20px 5%;\">\n\t\t\t<div class=\"box-text-inner\">\n\t\t\t\t\n\t<div id=\"text-17004059\" class=\"text\">\n\t\t\n<h3><span style=\"color: #c7ab5e;\">Junior Suite<\/span><\/h3>\n<p><span style=\"color: #000000;\">50 M2\u00a0 geni\u015fli\u011finde yatak odas\u0131 ve ayr\u0131 oturma salonundan olu\u015fan suit odada,\u00a0 giri\u015f hol, kahve-\u00e7ay seti, mini bar, \u00e7al\u0131\u015fma masas\u0131. &#8230;<\/span><\/p>\n\t\t\n<style>\n#text-17004059 {\n  font-size: 0.75rem;\n  line-height: 1.35;\n  text-align: center;\n}\n@media (min-width:550px) {\n  #text-17004059 {\n    font-size: 0.8rem;\n    line-height: 1.9;\n  }\n}\n<\/style>\n\t<\/div>\n\t\n\t\t\t<\/div>\n\t\t<\/div>\n\t<\/div>\n\t\n<a href=\"https:\/\/surmelihotels.com\/adana\/junior-suite\/\" class=\"button primary is-small lowercase\"  style=\"border-radius:2px;\">\n    <span>Daha Fazla Bilgi<\/span>\n  <\/a>\n\n\t\t<\/div>\n\t\t\t\t\t<\/div>\n\n\t\n\n\t<div id=\"col-338242154\" class=\"col medium-4 small-12 large-4\"  >\n\t\t\t\t<div class=\"col-inner text-center\"  >\n\t\t\t\n\t\t\t\n\t<div class=\"box has-hover   has-hover box-push box-text-bottom\" >\n\n\t\t<div class=\"box-image\" >\n\t\t\t<a href=\"https:\/\/surmelihotels.com\/adana\/senior-suite\/\" >\t\t\t<div class=\"image-zoom image-cover\" style=\"padding-top:70%;\">\n\t\t\t\t<img loading=\"lazy\" decoding=\"async\" width=\"1355\" height=\"900\" src=\"https:\/\/surmelihotels.com\/adana\/wp-content\/uploads\/2024\/03\/173201611033906.jpg\" class=\"attachment- size-\" alt=\"\" srcset=\"https:\/\/surmelihotels.com\/adana\/wp-content\/uploads\/2024\/03\/173201611033906.jpg 1355w, https:\/\/surmelihotels.com\/adana\/wp-content\/uploads\/2024\/03\/173201611033906-602x400.jpg 602w, https:\/\/surmelihotels.com\/adana\/wp-content\/uploads\/2024\/03\/173201611033906-1204x800.jpg 1204w, https:\/\/surmelihotels.com\/adana\/wp-content\/uploads\/2024\/03\/173201611033906-768x510.jpg 768w\" sizes=\"auto, (max-width: 1355px) 100vw, 1355px\" \/>\t\t\t\t\t\t\t\t\t\t\t<\/div>\n\t\t\t<\/a>\t\t<\/div>\n\n\t\t<div class=\"box-text text-center\" style=\"background-color:rgb(255, 255, 255);padding:20px 5% 20px 5%;\">\n\t\t\t<div class=\"box-text-inner\">\n\t\t\t\t\n\t<div id=\"text-4215686422\" class=\"text\">\n\t\t\n<h3><span style=\"color: #c7ab5e;\">Senior<\/span><span style=\"color: #c7ab5e;\"> Suite<\/span><\/h3>\n<p><span style=\"color: #000000; font-size: 100%;\">55 \u2013 60 m2 \u00f6zel dekorasyonlu ile bir geni\u015f rahat yatak odas\u0131 ile\u00a0 \u00a0minimal mimaride tasarlanm\u0131\u015f modern ve &#8230;<\/span><\/p>\n\t\t\n<style>\n#text-4215686422 {\n  font-size: 0.75rem;\n  line-height: 1.35;\n  text-align: center;\n}\n@media (min-width:550px) {\n  #text-4215686422 {\n    font-size: 0.8rem;\n    line-height: 1.9;\n  }\n}\n<\/style>\n\t<\/div>\n\t\n\t\t\t<\/div>\n\t\t<\/div>\n\t<\/div>\n\t\n<a href=\"https:\/\/surmelihotels.com\/adana\/senior-suite\/\" class=\"button primary is-small lowercase\"  style=\"border-radius:2px;\">\n    <span>Daha Fazla Bilgi<\/span>\n  <\/a>\n\n\t\t<\/div>\n\t\t\t\t\t<\/div>\n\n\t\n\n<style>\n#row-1681721167 > .col > .col-inner {\n  background-color: rgb(255,255,255);\n}\n<\/style>\n<\/div>\n\t\t<\/div>\n\n\t\t\n<style>\n#section_2013173313 {\n  padding-top: 50px;\n  padding-bottom: 50px;\n}\n<\/style>\n\t<\/section>\n\t\n\t<section class=\"section dark\" id=\"section_703968990\">\n\t\t<div class=\"bg section-bg fill bg-fill  \" >\n\n\t\t\t\n\t\t\t\n\t\t\t\n\n\t\t<\/div>\n\n\t\t\n\n\t\t<div class=\"section-content relative\">\n\t\t\t\n<div class=\"row row-collapse align-center\"  id=\"row-813119863\">\n\n\t<div id=\"col-422632836\" class=\"col medium-6 small-11 large-7\"  >\n\t\t\t\t<div class=\"col-inner text-center\" style=\"background-color:rgba(0, 0, 0, 0.5);\" >\n\t\t\t\n\t\t\t\n\t<div id=\"text-1109319771\" class=\"text\">\n\t\t\n<h2 class=\"uppercase\"><span style=\"font-size: 150%;\">RESTAURANT<\/span><\/h2>\n<p>Kahvalt\u0131da yerel ve global lezzetler ile birlikte, \u00f6\u011fle ve ak\u015fam yemeklerinde \u00e0 la carte men\u00fc e\u015fli\u011finde g\u00fc\u00e7l\u00fc bir \u015farap listesi sunulmaktad\u0131r. \u00c0 la carte men\u00fc i\u00e7erisinde \u00f6zg\u00fcn tatlardan olu\u015fan yerel ve uluslar aras\u0131 mutfak lezzetlerini bulabilirsiniz<\/p>\n\t\t\n<style>\n#text-1109319771 {\n  font-size: 0.85rem;\n  line-height: 1.55;\n}\n<\/style>\n\t<\/div>\n\t\n<div class=\"row\"  id=\"row-92890907\">\n\n\t<div id=\"col-2123638385\" class=\"col medium-6 small-12 large-6\"  >\n\t\t\t\t<div class=\"col-inner\"  >\n\t\t\t\n\t\t\t\n<a href=\"https:\/\/surmelihotels.com\/adana\/restaurant\/\" class=\"button primary is-small\"  style=\"border-radius:5px;padding:0px 5px 0px 5px;\">\n    <span>Daha Fazla Bilgi<\/span>\n  <\/a>\n\n\t\t<\/div>\n\t\t\t\t\t<\/div>\n\n\t\n<\/div>\n\t\t<\/div>\n\t\t\t\t\t<\/div>\n\n\t\n\n<style>\n#row-813119863 > .col > .col-inner {\n  padding: 100px 40px 100px 40px;\n}\n@media (min-width:550px) {\n  #row-813119863 > .col > .col-inner {\n    padding: 120px 40px 120px 40px;\n  }\n}\n@media (min-width:850px) {\n  #row-813119863 > .col > .col-inner {\n    padding: 140px 40px 140px 40px;\n  }\n}\n<\/style>\n<\/div>\n\t\t<\/div>\n\n\t\t\n<style>\n#section_703968990 {\n  padding-top: 0px;\n  padding-bottom: 0px;\n}\n#section_703968990 .section-bg.bg-loaded {\n  background-image: url(https:\/\/surmelihotels.com\/adana\/wp-content\/uploads\/2024\/03\/Adana10032024.jpg);\n}\n#section_703968990 .section-bg {\n  background-position: 50% 43%;\n}\n<\/style>\n\t<\/section>\n\t\n\t<section class=\"section\" id=\"section_561593890\">\n\t\t<div class=\"bg section-bg fill bg-fill  bg-loaded\" >\n\n\t\t\t\n\t\t\t\n\t\t\t\n\n\t\t<\/div>\n\n\t\t\n\n\t\t<div class=\"section-content relative\">\n\t\t\t\n<div class=\"row\"  id=\"row-1305020853\">\n\n\t<div id=\"col-729728498\" class=\"col medium-5 small-12 large-5\"  >\n\t\t\t\t<div class=\"col-inner text-center\"  >\n\t\t\t\n\t\t\t\n\t<div id=\"text-2794184158\" class=\"text\">\n\t\t\n<h2 class=\"uppercase\"><span style=\"color: #c7ab5e;\">Spa Center<\/span><\/h2>\n<p><span style=\"color: #000000;\">\u00d6ncelikli hedefimiz, sakin bir atmosferde zihninizi ve bedeninizi dinlendirmek, deneyimli personeliyle harika bir Spa deneyimi ya\u015fatmakt\u0131r.<\/span><\/p>\n<p><span style=\"color: #000000;\">Fiziksel, duygusal ve zihinsel iyilik haline odaklanan Aura Spa\u2019da t\u00fcm duyular\u0131n\u0131za bir \u015f\u00f6len ya\u015fat\u0131l\u0131r.<\/span><\/p>\n<p>\n\t\t\n<style>\n#text-2794184158 {\n  font-size: 0.85rem;\n  line-height: 1.3;\n  text-align: center;\n}\n@media (min-width:550px) {\n  #text-2794184158 {\n    line-height: 1.65;\n  }\n}\n<\/style>\n\t<\/div>\n\t\n<a href=\"https:\/\/surmelihotels.com\/adana\/spa\/\" class=\"button primary is-small lowercase\"  style=\"border-radius:5px;\">\n    <span>Daha Fazla Bilgi<\/span>\n  <\/a>\n\n\t\t<\/div>\n\t\t\t\t\n<style>\n#col-729728498 > .col-inner {\n  padding: 0px 0px 0px 0px;\n}\n@media (min-width:550px) {\n  #col-729728498 > .col-inner {\n    padding: 130px 0px 0px 0px;\n  }\n}\n<\/style>\n\t<\/div>\n\n\t\n\n\t<div id=\"col-1410119620\" class=\"col medium-7 small-12 large-7\"  >\n\t\t\t\t<div class=\"col-inner\"  >\n\t\t\t\n\t\t\t\n\t<div class=\"img has-hover x md-x lg-x y md-y lg-y\" id=\"image_1518006396\">\n\t\t\t\t\t\t\t\t<div class=\"img-inner dark\" >\n\t\t\t\t\t\t\t\t\t\n\t\t\t\t\t<\/div>\n\t\t\t\t\t\t\t\t\n<style>\n#image_1518006396 {\n  width: 100%;\n}\n<\/style>\n\t<\/div>\n\t\n\t<div class=\"img has-hover x md-x lg-x y md-y lg-y\" id=\"image_1226817290\">\n\t\t\t\t\t\t\t\t<div class=\"img-inner dark\" >\n\t\t\t<img loading=\"lazy\" decoding=\"async\" width=\"780\" height=\"462\" src=\"https:\/\/surmelihotels.com\/adana\/wp-content\/uploads\/2024\/02\/Spa-1.jpg\" class=\"attachment-large size-large\" alt=\"\" srcset=\"https:\/\/surmelihotels.com\/adana\/wp-content\/uploads\/2024\/02\/Spa-1.jpg 780w, https:\/\/surmelihotels.com\/adana\/wp-content\/uploads\/2024\/02\/Spa-1-675x400.jpg 675w, https:\/\/surmelihotels.com\/adana\/wp-content\/uploads\/2024\/02\/Spa-1-768x455.jpg 768w\" sizes=\"auto, (max-width: 780px) 100vw, 780px\" \/>\t\t\t\t\t\t\n\t\t\t\t\t<\/div>\n\t\t\t\t\t\t\t\t\n<style>\n#image_1226817290 {\n  width: 100%;\n}\n<\/style>\n\t<\/div>\n\t\n\t\t<\/div>\n\t\t\t\t\t<\/div>\n\n\t\n<\/div>\n\t\t<\/div>\n\n\t\t\n<style>\n#section_561593890 {\n  padding-top: 30px;\n  padding-bottom: 30px;\n}\n<\/style>\n\t<\/section>\n\t\n<div class=\"text-center\"><div class=\"is-divider divider clearfix\" style=\"max-width:1055px;height:2px;background-color:rgb(199, 171, 94);\"><\/div><\/div>\n<div class=\"row row-small align-bottom align-center\"  id=\"row-1900177518\">\n\n\t<div id=\"col-306853772\" class=\"col medium-8 small-12 large-8\"  >\n\t\t\t\t<div class=\"col-inner\"  >\n\t\t\t\n\t\t\t\n\t<section class=\"section dark\" id=\"section_1478014035\">\n\t\t<div class=\"bg section-bg fill bg-fill  \" >\n\n\t\t\t\n\t\t\t\n\t\t\t\n\n\t\t<\/div>\n\n\t\t\n\n\t\t<div class=\"section-content relative\">\n\t\t\t\n\t<div id=\"gap-1542912481\" class=\"gap-element clearfix\" style=\"display:block; height:auto;\">\n\t\t\n<style>\n#gap-1542912481 {\n  padding-top: 30px;\n}\n<\/style>\n\t<\/div>\n\t\n<div class=\"row align-center\"  id=\"row-400262575\">\n\n\t<div id=\"col-755104270\" class=\"col medium-10 small-12 large-8\"  >\n\t\t\t\t<div class=\"col-inner text-center\" style=\"background-color:rgba(0, 0, 0, 0.5);\" >\n\t\t\t\n\t\t\t\n<h2><span style=\"font-size: 150%;\">Toplant\u0131 Salonlar\u0131<\/span><\/h2>\n\t<div id=\"text-3772975001\" class=\"text\">\n\t\t\n<p>Otel b\u00fcnyesinde \u00e7al\u0131\u015fma hayat\u0131 ile konforu birle\u015ftiren, i\u015f merkezli, \u00e7ok ama\u00e7l\u0131, son teknoloji ile donat\u0131lm\u0131\u015f 7 adet \u015f\u0131k toplant\u0131 salonu ile hizmet vermektedir.\u00a0<\/p>\n\t\t\n<style>\n#text-3772975001 {\n  font-size: 0.85rem;\n  line-height: 1.8;\n}\n<\/style>\n\t<\/div>\n\t\n\t<div id=\"stack-2097736708\" class=\"stack stack-row justify-center items-stretch\">\n\t\t\n<a href=\"https:\/\/surmelihotels.com\/adana\/toplanti-salonlari\/\" class=\"button primary is-smaller\"  >\n    <span>Daha Fazla Bilgi<\/span>\n  <\/a>\n\n\t\t\n<style>\n#stack-2097736708 > * {\n  --stack-gap: 0.5rem;\n}\n<\/style>\n\t<\/div>\n\t\n\t\t<\/div>\n\t\t\t\t\t<\/div>\n\n\t\n<\/div>\n\t\t<\/div>\n\n\t\t\n<style>\n#section_1478014035 {\n  padding-top: 0px;\n  padding-bottom: 0px;\n  min-height: 300px;\n}\n#section_1478014035 .section-bg.bg-loaded {\n  background-image: url(https:\/\/surmelihotels.com\/adana\/wp-content\/uploads\/2024\/03\/100320241958.jpg);\n}\n#section_1478014035 .section-bg {\n  background-position: 100% 7%;\n}\n@media (min-width:550px) {\n  #section_1478014035 {\n    min-height: 375px;\n  }\n}\n<\/style>\n\t<\/section>\n\t\n\t<div id=\"gap-1906737722\" class=\"gap-element clearfix\" style=\"display:block; height:auto;\">\n\t\t\n<style>\n#gap-1906737722 {\n  padding-top: 20px;\n}\n<\/style>\n\t<\/div>\n\t\n\t<section class=\"section\" id=\"section_1058379898\">\n\t\t<div class=\"bg section-bg fill bg-fill  \" >\n\n\t\t\t\n\t\t\t\n\t\t\t\n\n\t\t<\/div>\n\n\t\t\n\n\t\t<div class=\"section-content relative\">\n\t\t\t\n\t\t<\/div>\n\n\t\t\n<style>\n#section_1058379898 {\n  padding-top: 0px;\n  padding-bottom: 0px;\n  min-height: 150px;\n}\n#section_1058379898 .section-bg.bg-loaded {\n  background-image: url(https:\/\/surmelihotels.com\/adana\/wp-content\/uploads\/2024\/03\/30320161559114472.jpg);\n}\n#section_1058379898 .section-bg {\n  background-position: 0% 64%;\n}\n@media (min-width:550px) {\n  #section_1058379898 {\n    min-height: 200px;\n  }\n}\n<\/style>\n\t<\/section>\n\t\n\t\t<\/div>\n\t\t\t\t\t<\/div>\n\n\t\n\n\t<div id=\"col-1695237785\" class=\"col medium-4 small-12 large-4\"  >\n\t\t\t\t<div class=\"col-inner\"  >\n\t\t\t\n\t\t\t\n\t<section class=\"section\" id=\"section_969511170\">\n\t\t<div class=\"bg section-bg fill bg-fill  \" >\n\n\t\t\t\n\t\t\t\n\t\t\t\n\n\t\t<\/div>\n\n\t\t\n\n\t\t<div class=\"section-content relative\">\n\t\t\t\n\t\t<\/div>\n\n\t\t\n<style>\n#section_969511170 {\n  padding-top: 0px;\n  padding-bottom: 0px;\n  min-height: 150px;\n}\n#section_969511170 .section-bg.bg-loaded {\n  background-image: url(https:\/\/surmelihotels.com\/adana\/wp-content\/uploads\/2024\/03\/30320161559114471.jpg);\n}\n@media (min-width:550px) {\n  #section_969511170 {\n    min-height: 200px;\n  }\n}\n<\/style>\n\t<\/section>\n\t\n\t<div id=\"gap-692111476\" class=\"gap-element clearfix\" style=\"display:block; height:auto;\">\n\t\t\n<style>\n#gap-692111476 {\n  padding-top: 20px;\n}\n<\/style>\n\t<\/div>\n\t\n\t<section class=\"section dark\" id=\"section_1744328453\">\n\t\t<div class=\"bg section-bg fill bg-fill  \" >\n\n\t\t\t\n\t\t\t\n\t\t\t\n\n\t\t<\/div>\n\n\t\t\n\n\t\t<div class=\"section-content relative\">\n\t\t\t\n\t\t<\/div>\n\n\t\t\n<style>\n#section_1744328453 {\n  padding-top: 0px;\n  padding-bottom: 0px;\n  min-height: 300px;\n}\n#section_1744328453 .section-bg.bg-loaded {\n  background-image: url(https:\/\/surmelihotels.com\/adana\/wp-content\/uploads\/2024\/02\/Toplanti-Salonu-02.jpg);\n}\n#section_1744328453 .section-bg {\n  background-position: 100% 7%;\n}\n@media (min-width:550px) {\n  #section_1744328453 {\n    min-height: 375px;\n  }\n}\n<\/style>\n\t<\/section>\n\t\n\t\t<\/div>\n\t\t\t\t\t<\/div>\n\n\t\n<\/div>\n\t<div id=\"gap-656248787\" class=\"gap-element clearfix\" style=\"display:block; height:auto;\">\n\t\t\n<style>\n#gap-656248787 {\n  padding-top: 70px;\n}\n<\/style>\n\t<\/div>\n\t\n\t<div id=\"gap-584573316\" class=\"gap-element clearfix\" style=\"display:block; height:auto;\">\n\t\t\n<style>\n#gap-584573316 {\n  padding-top: 0px;\n}\n<\/style>\n\t<\/div>\n\t\n\t<section class=\"section dark\" id=\"section_1911655590\">\n\t\t<div class=\"bg section-bg fill bg-fill  \" >\n\n\t\t\t\n\t\t\t\n\t\t\t\n\n\t\t<\/div>\n\n\t\t\n\n\t\t<div class=\"section-content relative\">\n\t\t\t\n<div class=\"row row-collapse align-center\"  id=\"row-1964422123\">\n\n\t<div id=\"col-442116462\" class=\"col medium-6 small-11 large-7\"  >\n\t\t\t\t<div class=\"col-inner text-center\" style=\"background-color:rgba(0, 0, 0, 0.5);\" >\n\t\t\t\n\t\t\t\n\t<div id=\"text-3146999428\" class=\"text\">\n\t\t\n<h1><span style=\"color: #ffffff; font-size: 150%;\"><strong>Weddings<\/strong><\/span><\/h1>\n<p><span style=\"color: #ffffff;\">Hayat\u0131n\u0131z\u0131n en \u00f6zel g\u00fcnlerinden biri olan d\u00fc\u011f\u00fcn\u00fcn\u00fcz\u00fc b\u00fcy\u00fcl\u00fc ve romantik bir masala d\u00f6n\u00fc\u015ft\u00fcrmeniz i\u00e7in S\u00fcrmeli Hotel\u2019in t\u00fcm ekibi size kusursuz bir hizmet sunuyor<\/span><\/p>\n<p>\u00a0<\/p>\n\t\t\n<style>\n#text-3146999428 {\n  font-size: 0.85rem;\n  line-height: 1.55;\n}\n<\/style>\n\t<\/div>\n\t\n<div class=\"row\"  id=\"row-434143478\">\n\n\t<div id=\"col-1689705897\" class=\"col medium-6 small-12 large-6\"  >\n\t\t\t\t<div class=\"col-inner\"  >\n\t\t\t\n\t\t\t\n<a href=\"https:\/\/surmelihotels.com\/adana\/weddings\/\" class=\"button primary is-small\"  style=\"border-radius:5px;padding:0px 5px 0px 5px;\">\n    <span>Daha Fazla Bilgi<\/span>\n  <\/a>\n\n\t\t<\/div>\n\t\t\t\t\t<\/div>\n\n\t\n<\/div>\n\t\t<\/div>\n\t\t\t\t\t<\/div>\n\n\t\n\n<style>\n#row-1964422123 > .col > .col-inner {\n  padding: 100px 40px 100px 40px;\n}\n@media (min-width:550px) {\n  #row-1964422123 > .col > .col-inner {\n    padding: 120px 40px 120px 40px;\n  }\n}\n@media (min-width:850px) {\n  #row-1964422123 > .col > .col-inner {\n    padding: 140px 40px 140px 40px;\n  }\n}\n<\/style>\n<\/div>\n\t\t<\/div>\n\n\t\t\n<style>\n#section_1911655590 {\n  padding-top: 0px;\n  padding-bottom: 0px;\n}\n#section_1911655590 .section-bg.bg-loaded {\n  background-image: url(https:\/\/surmelihotels.com\/adana\/wp-content\/uploads\/2024\/03\/3032016155358539-1.png);\n}\n#section_1911655590 .section-bg {\n  background-position: 50% 43%;\n}\n<\/style>\n\t<\/section>\n\t\n\t<section class=\"section\" id=\"section_2002163314\">\n\t\t<div class=\"bg section-bg fill bg-fill  bg-loaded\" >\n\n\t\t\t\n\t\t\t\n\t\t\t\n\n\t\t<\/div>\n\n\t\t\n\n\t\t<div class=\"section-content relative\">\n\t\t\t\n\t\t<\/div>\n\n\t\t\n<style>\n#section_2002163314 {\n  padding-top: 30px;\n  padding-bottom: 30px;\n}\n<\/style>\n\t<\/section>\n\t\n","protected":false},"excerpt":{"rendered":"","protected":false},"author":1,"featured_media":0,"parent":0,"menu_order":0,"comment_status":"closed","ping_status":"closed","template":"page-blank.php","meta":{"footnotes":""},"class_list":["post-1360","page","type-page","status-publish","hentry"],"_links":{"self":[{"href":"https:\/\/surmelihotels.com\/adana\/wp-json\/wp\/v2\/pages\/1360","targetHints":{"allow":["GET"]}}],"collection":[{"href":"https:\/\/surmelihotels.com\/adana\/wp-json\/wp\/v2\/pages"}],"about":[{"href":"https:\/\/surmelihotels.com\/adana\/wp-json\/wp\/v2\/types\/page"}],"author":[{"embeddable":true,"href":"https:\/\/surmelihotels.com\/adana\/wp-json\/wp\/v2\/users\/1"}],"replies":[{"embeddable":true,"href":"https:\/\/surmelihotels.com\/adana\/wp-json\/wp\/v2\/comments?post=1360"}],"version-history":[{"count":7,"href":"https:\/\/surmelihotels.com\/adana\/wp-json\/wp\/v2\/pages\/1360\/revisions"}],"predecessor-version":[{"id":1380,"href":"https:\/\/surmelihotels.com\/adana\/wp-json\/wp\/v2\/pages\/1360\/revisions\/1380"}],"wp:attachment":[{"href":"https:\/\/surmelihotels.com\/adana\/wp-json\/wp\/v2\/media?parent=1360"}],"curies":[{"name":"wp","href":"https:\/\/api.w.org\/{rel}","templated":true}]}}