{"id":1384,"date":"2024-06-23T21:38:23","date_gmt":"2024-06-23T21:38:23","guid":{"rendered":"https:\/\/surmelihotels.com\/adana\/?page_id=1384"},"modified":"2024-06-23T21:38:56","modified_gmt":"2024-06-23T21:38:56","slug":"surdurulebilir-turizm","status":"publish","type":"page","link":"https:\/\/surmelihotels.com\/adana\/surdurulebilir-turizm\/","title":{"rendered":"S\u00fcrd\u00fcr\u00fclebilir Turizm"},"content":{"rendered":"\t<section class=\"section dark\" id=\"section_61167198\">\n\t\t<div class=\"bg section-bg fill bg-fill  \" >\n\n\t\t\t\n\t\t\t\n\t\t\t\n\n\t\t<\/div>\n\n\t\t\n\n\t\t<div class=\"section-content relative\">\n\t\t\t\n\t\t<\/div>\n\n\t\t\n<style>\n#section_61167198 {\n  padding-top: 30px;\n  padding-bottom: 30px;\n  min-height: 450px;\n}\n#section_61167198 .section-bg.bg-loaded {\n  background-image: url(https:\/\/surmelihotels.com\/adana\/wp-content\/uploads\/2024\/06\/Cevre.jpg);\n}\n#section_61167198 .section-bg {\n  background-position: 50% 37%;\n}\n<\/style>\n\t<\/section>\n\t\n\t<section class=\"section info-card-1\" id=\"section_185517025\">\n\t\t<div class=\"bg section-bg fill bg-fill  bg-loaded\" >\n\n\t\t\t\n\t\t\t\n\t\t\t\n\n\t\t<\/div>\n\n\t\t\n\n\t\t<div class=\"section-content relative\">\n\t\t\t\n<div class=\"row\"  id=\"row-327966556\">\n\n\t<div id=\"col-1145554206\" class=\"col small-12 large-12\"  >\n\t\t\t\t<div class=\"col-inner text-center\"  >\n\t\t\t\n\t\t\t\n<div class=\"container section-title-container\" ><h3 class=\"section-title section-title-center\"><b><\/b><span class=\"section-title-main\" style=\"font-size:109%;color:rgb(199, 171, 94);\">S\u00fcrd\u00fcr\u00fclebilir Turizm<\/span><b><\/b><\/h3><\/div>\n<div class=\"row\"  id=\"row-899936322\">\n\n\t<div id=\"col-655630103\" class=\"col small-12 large-12\"  >\n\t\t\t\t<div class=\"col-inner\"  >\n\t\t\t\n\t\t\t\n\t<div id=\"text-2572984789\" class=\"text\">\n\t\t\n<p><span style=\"color: #000000;\">D\u00fcnya Turizm \u00d6rg\u00fct\u00fc (UNWTO), s\u00fcrd\u00fcr\u00fclebilir turizmi \u201cmevcut ve gelecekteki ekonomik, sosyal ve \u00e7evresel etkilerini tam olarak dikkate alarak, ziyaret\u00e7ilerin, end\u00fcstrinin, \u00e7evrenin ve ev sahibi topluluklar\u0131n ihtiya\u00e7lar\u0131n\u0131 ele almak\u201d olarak tan\u0131mlamaktad\u0131r. Turizm sekt\u00f6r\u00fcn\u00fcn temel gereklili\u011fi olarak hayat\u0131m\u0131za giren S\u00fcrd\u00fcr\u00fclebilir Turizm kavram\u0131, yerel halk\u0131n \u00f6nemini anlamam\u0131za yard\u0131mc\u0131 olan ve turizmin faydalar\u0131n\u0131 maksimize etme arzusunu ta\u015f\u0131yan bir yakla\u015f\u0131md\u0131r. Turizm sekt\u00f6r\u00fc do\u011fal, tarihi ve k\u00fclt\u00fcrel kaynaklara ba\u011fl\u0131 olarak ya\u015fam\u0131n\u0131 s\u00fcrd\u00fcrmektedir. Bu nedenle s\u00fcrd\u00fcr\u00fclebilir bir kalk\u0131nma i\u00e7in mevcut do\u011fal, k\u00fclt\u00fcrel, tarihi kaynaklar ve temel ekolojik s\u00fcre\u00e7lerin korunmas\u0131 gerekmektedir. S\u00fcrmeli Hotels olarak yerel halk\u0131n ya\u015fam kalitesini y\u00fckseltmeyi, sosyal, sosyal ve k\u00fclt\u00fcrel b\u00fct\u00fcnle\u015fmeyi desteklemeyi, ekolojik ve biyolojik \u00e7e\u015fitlili\u011fi korumay\u0131 ve \u00e7evre kalitesini koruyarak s\u00fcrd\u00fcr\u00fclebilir turizmi art\u0131rmay\u0131 hedefliyoruz. T\u00fcm faaliyetlerimiz, \u00e7al\u0131\u015fanlar\u0131m\u0131z\u0131n ve yerel halk\u0131n daha sa\u011fl\u0131kl\u0131 ve temiz bir \u00e7evrede ya\u015famas\u0131 i\u00e7in stratejimizin temelini olu\u015fturmaktad\u0131r.<\/span><\/p>\n\t\t\n<style>\n#text-2572984789 {\n  font-size: 1.2rem;\n}\n<\/style>\n\t<\/div>\n\t\n\t\t<\/div>\n\t\t\t\t\t<\/div>\n\n\t\n<\/div>\n\t\t<\/div>\n\t\t\t\t\n<style>\n#col-1145554206 > .col-inner {\n  padding: 20px 0px 0px 0px;\n}\n<\/style>\n\t<\/div>\n\n\t\n<\/div>\n\t\t<\/div>\n\n\t\t\n<style>\n#section_185517025 {\n  padding-top: 50px;\n  padding-bottom: 50px;\n}\n<\/style>\n\t<\/section>\n\t\n","protected":false},"excerpt":{"rendered":"","protected":false},"author":1,"featured_media":0,"parent":0,"menu_order":0,"comment_status":"closed","ping_status":"closed","template":"page-blank.php","meta":{"footnotes":""},"class_list":["post-1384","page","type-page","status-publish","hentry"],"_links":{"self":[{"href":"https:\/\/surmelihotels.com\/adana\/wp-json\/wp\/v2\/pages\/1384","targetHints":{"allow":["GET"]}}],"collection":[{"href":"https:\/\/surmelihotels.com\/adana\/wp-json\/wp\/v2\/pages"}],"about":[{"href":"https:\/\/surmelihotels.com\/adana\/wp-json\/wp\/v2\/types\/page"}],"author":[{"embeddable":true,"href":"https:\/\/surmelihotels.com\/adana\/wp-json\/wp\/v2\/users\/1"}],"replies":[{"embeddable":true,"href":"https:\/\/surmelihotels.com\/adana\/wp-json\/wp\/v2\/comments?post=1384"}],"version-history":[{"count":2,"href":"https:\/\/surmelihotels.com\/adana\/wp-json\/wp\/v2\/pages\/1384\/revisions"}],"predecessor-version":[{"id":1387,"href":"https:\/\/surmelihotels.com\/adana\/wp-json\/wp\/v2\/pages\/1384\/revisions\/1387"}],"wp:attachment":[{"href":"https:\/\/surmelihotels.com\/adana\/wp-json\/wp\/v2\/media?parent=1384"}],"curies":[{"name":"wp","href":"https:\/\/api.w.org\/{rel}","templated":true}]}}