{"id":1176,"date":"2024-03-11T18:50:09","date_gmt":"2024-03-11T18:50:09","guid":{"rendered":"https:\/\/surmelihotels.com\/ankara\/?page_id=1176"},"modified":"2024-03-15T21:55:22","modified_gmt":"2024-03-15T21:55:22","slug":"otomatik-taslak","status":"publish","type":"page","link":"https:\/\/surmelihotels.com\/ankara\/","title":{"rendered":"Ankara"},"content":{"rendered":"\t<section class=\"section dark\" id=\"section_1726151961\">\n\t\t<div class=\"bg section-bg fill bg-fill  \" >\n\n\t\t\t\n\t\t\t<div class=\"section-bg-overlay absolute fill\"><\/div>\n\t\t\t\n\n\t\t<\/div>\n\n\t\t\n\n\t\t<div class=\"section-content relative\">\n\t\t\t\n<div class=\"row\"  id=\"row-1047759206\">\n\n\t<div id=\"col-505501734\" class=\"col small-12 large-12\"  data-animate=\"bounceInUp\">\n\t\t\t\t<div class=\"col-inner text-center\"  >\n\t\t\t\n\t\t\t\n<h1><span style=\"font-size: 160%;\">Otelimizde Bak\u0131m Yap\u0131lmaktad\u0131r.<\/span><\/h1>\n<p>Daha sonra tekrar deneyiniz.<\/p>\n\t\t<\/div>\n\t\t\t\t\t<\/div>\n\n\t\n<\/div>\n\t\t<\/div>\n\n\t\t\n<style>\n#section_1726151961 {\n  padding-top: 30px;\n  padding-bottom: 30px;\n  min-height: 300px;\n  background-color: rgb(0,0,0);\n}\n#section_1726151961 .section-bg-overlay {\n  background-color: rgba(0, 0, 0, 0.13);\n}\n#section_1726151961 .section-bg.bg-loaded {\n  background-image: url(https:\/\/surmelihotels.com\/ankara\/wp-content\/uploads\/2024\/03\/greg-rakozy-oMpAz-DN-9I-unsplash.jpg);\n}\n#section_1726151961 .section-bg {\n  background-position: 45% 94%;\n}\n@media (min-width:550px) {\n  #section_1726151961 {\n    min-height: 400px;\n  }\n}\n@media (min-width:850px) {\n  #section_1726151961 {\n    min-height: 500px;\n  }\n}\n<\/style>\n\t<\/section>\n\t\n\t<section class=\"section dark\" id=\"section_85679632\">\n\t\t<div class=\"bg section-bg fill bg-fill  bg-loaded\" >\n\n\t\t\t\n\t\t\t\n\t\t\t\n\n\t\t<\/div>\n\n\t\t\n\n\t\t<div class=\"section-content relative\">\n\t\t\t\n<div class=\"row align-center\"  id=\"row-102295541\">\n\n\t<div id=\"col-1200144165\" class=\"col medium-10 small-11 large-9\"  >\n\t\t\t\t<div class=\"col-inner text-center\"  >\n\t\t\t\n\t\t\t\n<a href=\"https:\/\/surmelihotels.com\/\" class=\"button primary\"  style=\"border-radius:99px;padding:10px 50px 10px 50px;\">\n    <span>S\u00fcrmeli Hotels<\/span>\n  <\/a>\n\n\t\t<\/div>\n\t\t\t\t\t<\/div>\n\n\t\n<\/div>\n\t<div id=\"gap-1745936981\" class=\"gap-element clearfix\" style=\"display:block; height:auto;\">\n\t\t\n<style>\n#gap-1745936981 {\n  padding-top: 100px;\n}\n<\/style>\n\t<\/div>\n\t\n\t\t<\/div>\n\n\t\t\n<style>\n#section_85679632 {\n  padding-top: 80px;\n  padding-bottom: 80px;\n  min-height: 300px;\n  background-color: rgb(0,0,0);\n}\n@media (min-width:550px) {\n  #section_85679632 {\n    min-height: 400px;\n  }\n}\n<\/style>\n\t<\/section>\n\t\n","protected":false},"excerpt":{"rendered":"","protected":false},"author":1,"featured_media":0,"parent":0,"menu_order":0,"comment_status":"closed","ping_status":"closed","template":"page-blank.php","meta":{"footnotes":""},"class_list":["post-1176","page","type-page","status-publish","hentry"],"_links":{"self":[{"href":"https:\/\/surmelihotels.com\/ankara\/wp-json\/wp\/v2\/pages\/1176","targetHints":{"allow":["GET"]}}],"collection":[{"href":"https:\/\/surmelihotels.com\/ankara\/wp-json\/wp\/v2\/pages"}],"about":[{"href":"https:\/\/surmelihotels.com\/ankara\/wp-json\/wp\/v2\/types\/page"}],"author":[{"embeddable":true,"href":"https:\/\/surmelihotels.com\/ankara\/wp-json\/wp\/v2\/users\/1"}],"replies":[{"embeddable":true,"href":"https:\/\/surmelihotels.com\/ankara\/wp-json\/wp\/v2\/comments?post=1176"}],"version-history":[{"count":6,"href":"https:\/\/surmelihotels.com\/ankara\/wp-json\/wp\/v2\/pages\/1176\/revisions"}],"predecessor-version":[{"id":1190,"href":"https:\/\/surmelihotels.com\/ankara\/wp-json\/wp\/v2\/pages\/1176\/revisions\/1190"}],"wp:attachment":[{"href":"https:\/\/surmelihotels.com\/ankara\/wp-json\/wp\/v2\/media?parent=1176"}],"curies":[{"name":"wp","href":"https:\/\/api.w.org\/{rel}","templated":true}]}}