{"id":275,"date":"2024-02-24T14:12:41","date_gmt":"2024-02-24T14:12:41","guid":{"rendered":"https:\/\/surmelihotels.com\/ankara\/?page_id=275"},"modified":"2024-02-28T08:34:10","modified_gmt":"2024-02-28T08:34:10","slug":"home","status":"publish","type":"page","link":"https:\/\/surmelihotels.com\/ankara\/en\/home\/","title":{"rendered":"Home"},"content":{"rendered":"<div class=\"slider-wrapper relative\" id=\"slider-87513068\" >\n    <div class=\"slider slider-nav-dots-square slider-nav-circle slider-nav-large slider-nav-light slider-style-normal\"\n        data-flickity-options='{\n            \"cellAlign\": \"center\",\n            \"imagesLoaded\": true,\n            \"lazyLoad\": 1,\n            \"freeScroll\": false,\n            \"wrapAround\": true,\n            \"autoPlay\": 6000,\n            \"pauseAutoPlayOnHover\" : true,\n            \"prevNextButtons\": false,\n            \"contain\" : true,\n            \"adaptiveHeight\" : true,\n            \"dragThreshold\" : 10,\n            \"percentPosition\": true,\n            \"pageDots\": true,\n            \"rightToLeft\": false,\n            \"draggable\": true,\n            \"selectedAttraction\": 0.1,\n            \"parallax\" : 0,\n            \"friction\": 0.6        }'\n        >\n        \n\n  <div class=\"banner has-hover\" id=\"banner-1683778223\">\n          <div class=\"banner-inner fill\">\n        <div class=\"banner-bg fill\" >\n            <div class=\"bg fill bg-fill \"><\/div>\n                        <div class=\"overlay\"><\/div>            \n\t<div class=\"is-border is-dashed\"\n\t\tstyle=\"border-radius:undefinedpx;border-width:0px 0px 0px 0px;margin:0px 0px 0px 0px;\">\n\t<\/div>\n                    <\/div>\n\t\t\n        <div class=\"banner-layers container\">\n            <div class=\"fill banner-link\"><\/div>            \n   <div id=\"text-box-443075519\" class=\"text-box banner-layer x50 md-x50 lg-x50 y50 md-y50 lg-y50 res-text\">\n                     <div data-animate=\"flipInY\">           <div class=\"text-box-content text dark\">\n              \n              <div class=\"text-inner text-center\">\n                  \n<h3 class=\"lead\">Web sitemizde bak\u0131m yap\u0131lmaktad\u0131r.<\/h3>\n<p>Litfen daha sonra tekrar deneyiniz.<\/p>\n<p>\n\t<div id=\"gap-1088792071\" class=\"gap-element clearfix\" style=\"display:block; height:auto;\">\n\t\t\n<style>\n#gap-1088792071 {\n  padding-top: 23px;\n}\n<\/style>\n\t<\/div>\n\t\n              <\/div>\n           <\/div>\n       <\/div>                     \n<style>\n#text-box-443075519 {\n  width: 84%;\n}\n#text-box-443075519 .text-box-content {\n  font-size: 111%;\n}\n@media (min-width:550px) {\n  #text-box-443075519 {\n    width: 57%;\n  }\n  #text-box-443075519 .text-box-content {\n    font-size: 100%;\n  }\n}\n<\/style>\n    <\/div>\n \n        <\/div>\n      <\/div>\n\n            \n<style>\n#banner-1683778223 {\n  padding-top: 600px;\n}\n#banner-1683778223 .bg.bg-loaded {\n  background-image: url(https:\/\/surmelihotels.com\/ankara\/wp-content\/uploads\/2024\/02\/Surmeli-Dugun-579x400-1.jpg);\n}\n#banner-1683778223 .overlay {\n  background-color: rgba(225, 218, 204, 0);\n}\n<\/style>\n  <\/div>\n\n\n     <\/div>\n\n     <div class=\"loading-spin dark large centered\"><\/div>\n\n\t<\/div>\n\n\n<div class=\"message-box relative dark\" style=\"padding-top:15px;padding-bottom:15px;\"><div class=\"message-box-bg-image bg-fill fill\" ><\/div><div class=\"message-box-bg-overlay bg-fill fill\" ><\/div><div class=\"container relative\"><div class=\"inner last-reset\">\n<div class=\"row align-middle align-center\"  id=\"row-1072168746\">\n\n\t<div id=\"col-842901719\" class=\"col small-12 large-12\"  >\n\t\t\t\t<div class=\"col-inner text-center\"  >\n\t\t\t\n\t\t\t\n\n<div id=\"reseliva-widget\"><a class=\"powered_by\" href=\"https:\/\/www.reseliva.com\/\">Reseliva Rezervasyon Motoru &amp; Kanal Y\u00f6neticisi<\/a><\/div>\n<p><script>\n(function(d, s, id){var js, fjs = d.getElementsByTagName(s)[0];if (d.getElementById(id)) {return;}js = d.createElement(s); js.id = id;js.src = \"https:\/\/www.reseliva.com\/ReselivaWidget\/JS\/rw_script.js\";fjs.parentNode.insertBefore(js, fjs);}(document, 'script', 'reseliva_widget'));\nlet RW = {\"type\":\"bar\",\n\"hotelUrl\":[\"Surmeli-Hotel\"],\n\"lang\":\"en\",\n\"target\" : \"_blank\"};\n<\/script><br \/>\n\n\t\t<\/div>\n\t\t\t\t\t<\/div>\n\n\t\n<\/div>\n<\/div><\/div><\/div>\n\t<section class=\"section\" id=\"section_53472177\">\n\t\t<div class=\"bg section-bg fill bg-fill  bg-loaded\" >\n\n\t\t\t\n\t\t\t\n\t\t\t\n\n\t\t<\/div>\n\n\t\t\n\n\t\t<div class=\"section-content relative\">\n\t\t\t\n<div class=\"row align-right row-box-shadow-1\"  id=\"row-1424529967\">\n\n\t<div id=\"col-1179282594\" class=\"col medium-12 small-12 large-8\"  >\n\t\t\t\t<div class=\"col-inner\"  >\n\t\t\t\n\t\t\t\n\n  <div class=\"banner has-hover\" id=\"banner-541862868\">\n          <div class=\"banner-inner fill\">\n        <div class=\"banner-bg fill\" >\n            <div class=\"bg fill bg-fill \"><\/div>\n                        <div class=\"overlay\"><\/div>            \n\t<div class=\"is-border\"\n\t\tstyle=\"border-color:rgb(255, 255, 255);border-width:0px 0px 0px 0px;margin:0px 0px 0px 0px;\">\n\t<\/div>\n                    <\/div>\n\t\t\n        <div class=\"banner-layers container\">\n            <div class=\"fill banner-link\"><\/div>            \n   <div id=\"text-box-1343901514\" class=\"text-box banner-layer x50 md-x50 lg-x50 y50 md-y50 lg-y50 res-text\">\n                                <div class=\"text-box-content text dark\">\n              \n              <div class=\"text-inner text-center\">\n                  \n              <\/div>\n           <\/div>\n                            \n<style>\n#text-box-1343901514 {\n  width: 60%;\n}\n#text-box-1343901514 .text-box-content {\n  font-size: 100%;\n}\n<\/style>\n    <\/div>\n \n        <\/div>\n      <\/div>\n\n            \n<style>\n#banner-541862868 {\n  padding-top: 300px;\n  background-color: rgba(255, 255, 255, 0);\n}\n#banner-541862868 .bg.bg-loaded {\n  background-image: url(https:\/\/surmelihotels.com\/ankara\/wp-content\/uploads\/2024\/02\/Surmeli-Sla-01-1400x778.jpg);\n}\n#banner-541862868 .overlay {\n  background-color: rgba(0, 0, 0, 0);\n}\n@media (min-width:550px) {\n  #banner-541862868 {\n    padding-top: 450px;\n  }\n}\n<\/style>\n  <\/div>\n\n\n\t\t<\/div>\n\t\t\t\t\t<\/div>\n\n\t\n<\/div>\n<div class=\"row align-center\"  id=\"row-296299227\">\n\n\t<div id=\"col-1194944642\" class=\"col medium-10 small-12 large-7\"  >\n\t\t\t\t<div class=\"col-inner text-center\" style=\"background-color:rgb(255, 255, 255);\" >\n\t\t\t\n\t<div class=\"is-border\"\n\t\tstyle=\"border-radius:16px;border-width:0px 0px 0px 0px;margin:0px 0px 0px 0px;\">\n\t<\/div>\n\t\t\t\n\t<div id=\"text-2044323850\" class=\"text\">\n\t\t\n<h3><span style=\"color: #c7ab5e;\">S\u00fcrmeli Hotels<\/span><\/h3>\n<p>\n\t\t\n<style>\n#text-2044323850 {\n  font-size: 1.7rem;\n  line-height: 0.9;\n  text-align: left;\n}\n@media (min-width:550px) {\n  #text-2044323850 {\n    font-size: 1.85rem;\n    line-height: 2.25;\n  }\n}\n<\/style>\n\t<\/div>\n\t\n\t<div id=\"text-3617041583\" class=\"text\">\n\t\t\n<div id=\"wd-659449dceeff3\" class=\"wd-text-block wd-wpb reset-last-child wd-rs-659449dceeff3 text-left vc_custom_1704217059500\">\n<p><span style=\"color: #000000;\">T\u00fcrk Otelcili\u011finin ilk 5 y\u0131ld\u0131zl\u0131 otellerinden olan S\u00fcrmeli Hotels, Adana\u2019da ba\u015flayan ser\u00fcvenini, zaman i\u00e7inde kendini s\u00fcrekli geli\u015ftirerek, \u0130stanbul, ve Ankara \u2018ya da ta\u015f\u0131d\u0131.<\/span><\/p>\n<\/div>\n<div id=\"wd-659449ff833ca\" class=\"wd-text-block wd-wpb reset-last-child wd-rs-659449ff833ca text-left vc_custom_1704217095128\">\n<p><span style=\"color: #000000;\">40 y\u0131ll\u0131k otelcilik deneyimini, \u00e7a\u011fda\u015f ve g\u00fcncel uygulamalar ile birle\u015ftirerek, dinamik T\u00fcrk otelcilik sekt\u00f6r\u00fcnde vazge\u00e7ilmez bir \u201cklasik\u201d haline gelmeyi ba\u015fard\u0131.<\/span><\/p>\n<\/div>\n<p>\n\t\t\n<style>\n#text-3617041583 {\n  font-size: 0.8rem;\n  line-height: 1.95;\n}\n@media (min-width:550px) {\n  #text-3617041583 {\n    font-size: 0.8rem;\n    line-height: 1.7;\n  }\n}\n<\/style>\n\t<\/div>\n\t\n<div class=\"row\"  id=\"row-653235482\">\n\n\t<div id=\"col-386467736\" class=\"col medium-6 small-6 large-6\"  >\n\t\t\t\t<div class=\"col-inner\"  >\n\t\t\t\n\t\t\t\n<div class=\"social-icons follow-icons full-width text-left\" style=\"font-size:80%\"><a href=\"#\" target=\"_blank\" data-label=\"Facebook\" class=\"icon primary button circle facebook tooltip\" title=\"Facebook&amp;apos; ta takip et\" aria-label=\"Facebook&amp;apos; ta takip et\" rel=\"noopener nofollow\" ><i class=\"icon-facebook\" ><\/i><\/a><a href=\"#\" target=\"_blank\" data-label=\"Instagram\" class=\"icon primary button circle instagram tooltip\" title=\"Instagram&amp;apos; da takip et\" aria-label=\"Instagram&amp;apos; da takip et\" rel=\"noopener nofollow\" ><i class=\"icon-instagram\" ><\/i><\/a><a href=\"#\" data-label=\"YouTube\" target=\"_blank\" class=\"icon primary button circle youtube tooltip\" title=\"YouTube&amp;apos; da takip et\" aria-label=\"YouTube&amp;apos; da takip et\" rel=\"noopener nofollow\" ><i class=\"icon-youtube\" ><\/i><\/a><\/div>\n\t\t<\/div>\n\t\t\t\t\t<\/div>\n\n\t\n\n\t<div id=\"col-1703024980\" class=\"col medium-6 small-6 large-6\"  >\n\t\t\t\t<div class=\"col-inner\"  >\n\t\t\t\n\t\t\t\n<a class=\"button primary is-underline is-small\"  >\n    <span>Devam\u0131n\u0131 Oku<\/span>\n  <\/a>\n\n\t\t<\/div>\n\t\t\t\t\t<\/div>\n\n\t\n<\/div>\n\t\t<\/div>\n\t\t\t\t\n<style>\n#col-1194944642 > .col-inner {\n  padding: 0px 0px 0 0px;\n  margin: 0-20px 0px 0px 0px;\n  border-radius: 7px;\n}\n@media (min-width:550px) {\n  #col-1194944642 > .col-inner {\n    padding: 8% 5% 5% 5%;\n    margin: -30px 0px 0px 0px;\n  }\n}\n@media (min-width:850px) {\n  #col-1194944642 > .col-inner {\n    padding: 0px 0px 0px 0px;\n    margin: -420px 0px 0px -350px;\n  }\n}\n<\/style>\n\t<\/div>\n\n\t\n\n<style>\n#row-296299227 > .col > .col-inner {\n  padding: 0px 0px 0px 0px;\n}\n@media (min-width:550px) {\n  #row-296299227 > .col > .col-inner {\n    padding: 0px 0px 0px 0px;\n  }\n}\n<\/style>\n<\/div>\n\t\t<\/div>\n\n\t\t\n<style>\n#section_53472177 {\n  padding-top: 30px;\n  padding-bottom: 30px;\n  margin-bottom: -70px;\n  min-height: 0px;\n}\n@media (min-width:850px) {\n  #section_53472177 {\n    padding-top: 70px;\n    padding-bottom: 70px;\n  }\n}\n<\/style>\n\t<\/section>\n\t\n\t<section class=\"section info-card-1\" id=\"section_440091017\">\n\t\t<div class=\"bg section-bg fill bg-fill  bg-loaded\" >\n\n\t\t\t\n\t\t\t\n\t\t\t\n\n\t\t<\/div>\n\n\t\t\n\n\t\t<div class=\"section-content relative\">\n\t\t\t\n<div class=\"row\"  id=\"row-1897049359\">\n\n\t<div id=\"col-1819265959\" class=\"col small-12 large-12\"  >\n\t\t\t\t<div class=\"col-inner text-center\"  >\n\t\t\t\n\t\t\t\n<div class=\"container section-title-container\" ><h3 class=\"section-title section-title-center\"><b><\/b><span class=\"section-title-main\" style=\"font-size:130%;color:rgb(199, 171, 94);\">KONAKLAMA<\/span><b><\/b><\/h3><\/div>\n\t\t<\/div>\n\t\t\t\t\n<style>\n#col-1819265959 > .col-inner {\n  padding: 20px 0px 0px 0px;\n}\n<\/style>\n\t<\/div>\n\n\t\n<\/div>\n<div class=\"row row-small align-equal\"  id=\"row-286171358\">\n\n\t<div id=\"col-1853025935\" class=\"col medium-6 small-12 large-6\"  >\n\t\t\t\t<div class=\"col-inner text-center\"  >\n\t\t\t\n\t\t\t\n\t<div class=\"box has-hover   has-hover box-push box-text-bottom\" >\n\n\t\t<div class=\"box-image\" >\n\t\t\t<a href=\"#\" >\t\t\t<div class=\"image-zoom image-cover\" style=\"padding-top:70%;\">\n\t\t\t\t<img loading=\"lazy\" decoding=\"async\" width=\"768\" height=\"576\" src=\"https:\/\/surmelihotels.com\/ankara\/wp-content\/uploads\/2024\/02\/Aile-Suit-Room-03-768x576-1.jpg\" class=\"attachment- size-\" alt=\"\" srcset=\"https:\/\/surmelihotels.com\/ankara\/wp-content\/uploads\/2024\/02\/Aile-Suit-Room-03-768x576-1.jpg 768w, https:\/\/surmelihotels.com\/ankara\/wp-content\/uploads\/2024\/02\/Aile-Suit-Room-03-768x576-1-533x400.jpg 533w\" sizes=\"auto, (max-width: 768px) 100vw, 768px\" \/>\t\t\t\t\t\t\t\t\t\t\t<\/div>\n\t\t\t<\/a>\t\t<\/div>\n\n\t\t<div class=\"box-text text-center\" style=\"background-color:rgb(255, 255, 255);padding:20px 5% 20px 5%;\">\n\t\t\t<div class=\"box-text-inner\">\n\t\t\t\t\n\t<div id=\"text-2034013323\" class=\"text\">\n\t\t\n<h3><span style=\"color: #c7ab5e;\"><strong>S\u00fcrmeli Hotels \u0130stanbul Odalar<\/strong><\/span><\/h3>\n<p><span style=\"color: #000000; font-size: 100%;\">Seyahat yapan misafirlere kompakt ve ergonomik konaklama sunan <strong>S\u00fcrmeli Hotels \u0130stanbul<\/strong> odalar\u0131, g\u00fcn i\u00e7inde veriminizi art\u0131rmak ve seyahatinizi kolayla\u015ft\u0131rmak \u00fczere tasarland\u0131.<\/span><\/p>\n<p>\n\t\t\n<style>\n#text-2034013323 {\n  font-size: 0.8rem;\n  line-height: 1.9;\n  text-align: center;\n}\n<\/style>\n\t<\/div>\n\t\n\t\t\t<\/div>\n\t\t<\/div>\n\t<\/div>\n\t\n<a class=\"button primary is-small lowercase\"  style=\"border-radius:2px;\">\n    <span>S\u00fcrmeli Hotels \u0130stanbul<\/span>\n  <\/a>\n\n\t\t<\/div>\n\t\t\t\t\t<\/div>\n\n\t\n\n\t<div id=\"col-397737775\" class=\"col medium-6 small-12 large-6\"  >\n\t\t\t\t<div class=\"col-inner text-center\"  >\n\t\t\t\n\t\t\t\n\t<div class=\"box has-hover   has-hover box-push box-text-bottom\" >\n\n\t\t<div class=\"box-image\" >\n\t\t\t<a href=\"#\" >\t\t\t<div class=\"image-zoom image-cover\" style=\"padding-top:70%;\">\n\t\t\t\t<img loading=\"lazy\" decoding=\"async\" width=\"1024\" height=\"768\" src=\"https:\/\/surmelihotels.com\/ankara\/wp-content\/uploads\/2024\/02\/Deluxe-Room.jpg\" class=\"attachment- size-\" alt=\"\" srcset=\"https:\/\/surmelihotels.com\/ankara\/wp-content\/uploads\/2024\/02\/Deluxe-Room.jpg 1024w, https:\/\/surmelihotels.com\/ankara\/wp-content\/uploads\/2024\/02\/Deluxe-Room-533x400.jpg 533w, https:\/\/surmelihotels.com\/ankara\/wp-content\/uploads\/2024\/02\/Deluxe-Room-768x576.jpg 768w\" sizes=\"auto, (max-width: 1024px) 100vw, 1024px\" \/>\t\t\t\t\t\t\t\t\t\t\t<\/div>\n\t\t\t<\/a>\t\t<\/div>\n\n\t\t<div class=\"box-text text-center\" style=\"background-color:rgb(255, 255, 255);padding:20px 5% 20px 5%;\">\n\t\t\t<div class=\"box-text-inner\">\n\t\t\t\t\n\t<div id=\"text-1582702418\" class=\"text\">\n\t\t\n<h3><span style=\"color: #c7ab5e;\"><strong>S\u00fcrmeli Hotels Adana Odalar<\/strong><\/span><\/h3>\n<p><span style=\"color: #000000; font-size: 100%;\">Seyahat yapan misafirlere kompakt ve ergonomik konaklama sunan <strong>S\u00fcrmeli Hotels Adana<\/strong> odalar\u0131, g\u00fcn i\u00e7inde veriminizi art\u0131rmak ve seyahatinizi kolayla\u015ft\u0131rmak \u00fczere tasarland\u0131.<\/span><\/p>\n<p>\n\t\t\n<style>\n#text-1582702418 {\n  font-size: 0.75rem;\n  line-height: 1.35;\n  text-align: center;\n}\n@media (min-width:550px) {\n  #text-1582702418 {\n    font-size: 0.8rem;\n    line-height: 1.9;\n  }\n}\n<\/style>\n\t<\/div>\n\t\n\t\t\t<\/div>\n\t\t<\/div>\n\t<\/div>\n\t\n<a class=\"button primary is-small lowercase\"  style=\"border-radius:2px;\">\n    <span>S\u00fcrmeli Hotels Adana<\/span>\n  <\/a>\n\n\t\t<\/div>\n\t\t\t\t\t<\/div>\n\n\t\n\n<style>\n#row-286171358 > .col > .col-inner {\n  background-color: rgb(255,255,255);\n}\n<\/style>\n<\/div>\n\t\t<\/div>\n\n\t\t\n<style>\n#section_440091017 {\n  padding-top: 50px;\n  padding-bottom: 50px;\n  background-color: rgb(247, 246, 242);\n}\n<\/style>\n\t<\/section>\n\t\n\t<section class=\"section\" id=\"section_383462363\">\n\t\t<div class=\"bg section-bg fill bg-fill  bg-loaded\" >\n\n\t\t\t\n\t\t\t\n\t\t\t\n\n\t\t<\/div>\n\n\t\t\n\n\t\t<div class=\"section-content relative\">\n\t\t\t\n<div class=\"row\"  id=\"row-438220033\">\n\n\t<div id=\"col-1638193073\" class=\"col medium-4 small-12 large-4\"  >\n\t\t\t\t<div class=\"col-inner text-center\"  >\n\t\t\t\n\t\t\t\n\t<div id=\"text-146269606\" class=\"text\">\n\t\t\n<h2 class=\"uppercase\"><span style=\"color: #c7ab5e;\">Spa Center<\/span><\/h2>\n<p><span style=\"color: #000000;\">\u00d6ncelikli hedefimiz, sakin bir atmosferde zihninizi ve bedeninizi dinlendirmek, deneyimli personeliyle harika bir Spa deneyimi ya\u015fatmakt\u0131r.<\/span><\/p>\n<p><span style=\"color: #000000;\">Fiziksel, duygusal ve zihinsel iyilik haline odaklanan Aura Spa\u2019da t\u00fcm duyular\u0131n\u0131za bir \u015f\u00f6len ya\u015fat\u0131l\u0131r.<\/span><\/p>\n<p>\n\t\t\n<style>\n#text-146269606 {\n  font-size: 0.85rem;\n  line-height: 1.3;\n  text-align: center;\n}\n@media (min-width:550px) {\n  #text-146269606 {\n    line-height: 1.65;\n  }\n}\n<\/style>\n\t<\/div>\n\t\n<a class=\"button primary is-small lowercase\"  >\n    <span>S\u00fcrmeli \u0130stanbul<\/span>\n  <\/a>\n\n<a class=\"button primary is-small lowercase\"  >\n    <span>S\u00fcrmeli Adana<\/span>\n  <\/a>\n\n\t\t<\/div>\n\t\t\t\t\n<style>\n#col-1638193073 > .col-inner {\n  padding: 0px 0px 0px 0px;\n}\n@media (min-width:550px) {\n  #col-1638193073 > .col-inner {\n    padding: 130px 0px 0px 0px;\n  }\n}\n<\/style>\n\t<\/div>\n\n\t\n\n\t<div id=\"col-1834041275\" class=\"col medium-8 small-12 large-8\"  >\n\t\t\t\t<div class=\"col-inner\"  >\n\t\t\t\n\t\t\t\n\t<div class=\"img has-hover x md-x lg-x y md-y lg-y\" id=\"image_148829307\">\n\t\t\t\t\t\t\t\t<div class=\"img-inner dark\" >\n\t\t\t\t\t\t\t\t\t\n\t\t\t\t\t<\/div>\n\t\t\t\t\t\t\t\t\n<style>\n#image_148829307 {\n  width: 100%;\n}\n<\/style>\n\t<\/div>\n\t\n\t<div class=\"img has-hover x md-x lg-x y md-y lg-y\" id=\"image_1512406032\">\n\t\t\t\t\t\t\t\t<div class=\"img-inner dark\" >\n\t\t\t<img loading=\"lazy\" decoding=\"async\" width=\"780\" height=\"462\" src=\"https:\/\/surmelihotels.com\/ankara\/wp-content\/uploads\/2024\/02\/Spa-1.jpg\" class=\"attachment-large size-large\" alt=\"\" srcset=\"https:\/\/surmelihotels.com\/ankara\/wp-content\/uploads\/2024\/02\/Spa-1.jpg 780w, https:\/\/surmelihotels.com\/ankara\/wp-content\/uploads\/2024\/02\/Spa-1-675x400.jpg 675w, https:\/\/surmelihotels.com\/ankara\/wp-content\/uploads\/2024\/02\/Spa-1-768x455.jpg 768w\" sizes=\"auto, (max-width: 780px) 100vw, 780px\" \/>\t\t\t\t\t\t\n\t\t\t\t\t<\/div>\n\t\t\t\t\t\t\t\t\n<style>\n#image_1512406032 {\n  width: 100%;\n}\n<\/style>\n\t<\/div>\n\t\n\t\t<\/div>\n\t\t\t\t\t<\/div>\n\n\t\n<\/div>\n\t\t<\/div>\n\n\t\t\n<style>\n#section_383462363 {\n  padding-top: 30px;\n  padding-bottom: 30px;\n}\n<\/style>\n\t<\/section>\n\t\n\t<section class=\"section\" id=\"section_2031387460\">\n\t\t<div class=\"bg section-bg fill bg-fill  bg-loaded\" >\n\n\t\t\t\n\t\t\t\n\t\t\t\n\n\t\t<\/div>\n\n\t\t\n\n\t\t<div class=\"section-content relative\">\n\t\t\t\n<div class=\"row\"  id=\"row-1000863018\">\n\n\t<div id=\"col-232792445\" class=\"col medium-8 small-12 large-8\"  >\n\t\t\t\t<div class=\"col-inner\"  >\n\t\t\t\n\t\t\t\n\t<div class=\"img has-hover x md-x lg-x y md-y lg-y\" id=\"image_1114821885\">\n\t\t\t\t\t\t\t\t<div class=\"img-inner dark\" >\n\t\t\t\t\t\t\t\t\t\n\t\t\t\t\t<\/div>\n\t\t\t\t\t\t\t\t\n<style>\n#image_1114821885 {\n  width: 100%;\n}\n<\/style>\n\t<\/div>\n\t\n\t<div class=\"img has-hover x md-x lg-x y md-y lg-y\" id=\"image_13661070\">\n\t\t\t\t\t\t\t\t<div class=\"img-inner dark\" >\n\t\t\t<img loading=\"lazy\" decoding=\"async\" width=\"780\" height=\"462\" src=\"https:\/\/surmelihotels.com\/ankara\/wp-content\/uploads\/2024\/02\/Yiyecek.jpg\" class=\"attachment-large size-large\" alt=\"\" srcset=\"https:\/\/surmelihotels.com\/ankara\/wp-content\/uploads\/2024\/02\/Yiyecek.jpg 780w, https:\/\/surmelihotels.com\/ankara\/wp-content\/uploads\/2024\/02\/Yiyecek-675x400.jpg 675w, https:\/\/surmelihotels.com\/ankara\/wp-content\/uploads\/2024\/02\/Yiyecek-768x455.jpg 768w\" sizes=\"auto, (max-width: 780px) 100vw, 780px\" \/>\t\t\t\t\t\t\n\t\t\t\t\t<\/div>\n\t\t\t\t\t\t\t\t\n<style>\n#image_13661070 {\n  width: 100%;\n}\n<\/style>\n\t<\/div>\n\t\n\t\t<\/div>\n\t\t\t\t\t<\/div>\n\n\t\n\n\t<div id=\"col-301193309\" class=\"col medium-4 small-12 large-4\"  >\n\t\t\t\t<div class=\"col-inner text-center\"  >\n\t\t\t\n\t\t\t\n\t<div id=\"text-3585198682\" class=\"text\">\n\t\t\n<h2 class=\"uppercase\"><span style=\"color: #c7ab5e;\">Restaurant<\/span><\/h2>\n<p><span style=\"color: #000000;\">Lobby kat\u0131nda bulunan Ruga Restoran \u015fehrin en \u00f6zel mekanlar\u0131 aras\u0131nda yer almaktad\u0131r, kahvalt\u0131da yerel ve global lezzetler ile birlikte, \u00f6\u011fle ve ak\u015fam yemeklerinde \u00e0 la carte men\u00fc e\u015fli\u011finde g\u00fc\u00e7l\u00fc bir \u015farap listesi sunulmaktad\u0131r. \u00c0 la carte men\u00fc i\u00e7erisinde \u00f6zg\u00fcn tatlardan olu\u015fan yerel ve uluslar aras\u0131 mutfak lezzetlerini bulabilirsiniz<\/span><\/p>\n<p>\n\t\t\n<style>\n#text-3585198682 {\n  font-size: 0.85rem;\n  line-height: 1.3;\n  text-align: center;\n}\n@media (min-width:550px) {\n  #text-3585198682 {\n    line-height: 1.65;\n  }\n}\n<\/style>\n\t<\/div>\n\t\n<a class=\"button primary is-small lowercase\"  >\n    <span>S\u00fcrmeli \u0130stanbul<\/span>\n  <\/a>\n\n<a class=\"button primary is-small lowercase\"  >\n    <span>S\u00fcrmeli Adana<\/span>\n  <\/a>\n\n\t\t<\/div>\n\t\t\t\t\n<style>\n#col-301193309 > .col-inner {\n  padding: 90px 0px 0px 0px;\n}\n<\/style>\n\t<\/div>\n\n\t\n<\/div>\n\t\t<\/div>\n\n\t\t\n<style>\n#section_2031387460 {\n  padding-top: 30px;\n  padding-bottom: 30px;\n  background-color: rgb(247, 246, 242);\n}\n<\/style>\n\t<\/section>\n\t\n<div class=\"row row-small align-equal\"  id=\"row-1146921206\">\n\n\t<div id=\"col-338031130\" class=\"col medium-6 small-12 large-6\"  >\n\t\t\t\t<div class=\"col-inner text-center\"  >\n\t\t\t\n\t\t\t\n\t<div class=\"box has-hover   has-hover box-push box-text-bottom\" >\n\n\t\t<div class=\"box-image\" >\n\t\t\t<a href=\"#\" >\t\t\t<div class=\"image-zoom image-cover\" style=\"padding-top:70%;\">\n\t\t\t\t<img loading=\"lazy\" decoding=\"async\" width=\"582\" height=\"402\" src=\"https:\/\/surmelihotels.com\/ankara\/wp-content\/uploads\/2024\/02\/Surmeli-Dugun.jpg\" class=\"attachment- size-\" alt=\"\" srcset=\"https:\/\/surmelihotels.com\/ankara\/wp-content\/uploads\/2024\/02\/Surmeli-Dugun.jpg 582w, https:\/\/surmelihotels.com\/ankara\/wp-content\/uploads\/2024\/02\/Surmeli-Dugun-579x400.jpg 579w\" sizes=\"auto, (max-width: 582px) 100vw, 582px\" \/>\t\t\t\t\t\t\t\t\t\t\t<\/div>\n\t\t\t<\/a>\t\t<\/div>\n\n\t\t<div class=\"box-text text-center\" style=\"background-color:rgb(255, 255, 255);padding:20px 5% 20px 5%;\">\n\t\t\t<div class=\"box-text-inner\">\n\t\t\t\t\n\t<div id=\"text-1153057304\" class=\"text\">\n\t\t\n<h3><span style=\"color: #c7ab5e;\"><strong>Weddings<\/strong><\/span><\/h3>\n<p><span style=\"color: #000000;\">Hayat\u0131n\u0131z\u0131n en \u00f6zel g\u00fcnlerinden biri olan d\u00fc\u011f\u00fcn\u00fcn\u00fcz\u00fc b\u00fcy\u00fcl\u00fc ve romantik bir masala d\u00f6n\u00fc\u015ft\u00fcrmeniz i\u00e7in S\u00fcrmeli Hotel\u2019in t\u00fcm ekibi size kusursuz bir hizmet sunuyor<\/span><\/p>\n<p>\n\t\t\n<style>\n#text-1153057304 {\n  font-size: 0.8rem;\n  line-height: 1.9;\n  text-align: center;\n  color: rgb(178, 127, 70);\n}\n#text-1153057304 > * {\n  color: rgb(178, 127, 70);\n}\n<\/style>\n\t<\/div>\n\t\n\t\t\t<\/div>\n\t\t<\/div>\n\t<\/div>\n\t\n<a class=\"button primary is-small lowercase\"  style=\"border-radius:2px;\">\n    <span>S\u00fcrmeli Hotels \u0130stanbul<\/span>\n  <\/a>\n\n<a class=\"button primary is-small lowercase\"  style=\"border-radius:2px;\">\n    <span>S\u00fcrmeli Hotels Adana<\/span>\n  <\/a>\n\n\t\t<\/div>\n\t\t\t\t\t<\/div>\n\n\t\n\n\t<div id=\"col-457374326\" class=\"col medium-6 small-12 large-6\"  >\n\t\t\t\t<div class=\"col-inner text-center\"  >\n\t\t\t\n\t\t\t\n\t<div class=\"box has-hover   has-hover box-push box-text-bottom\" >\n\n\t\t<div class=\"box-image\" >\n\t\t\t<a href=\"#\" >\t\t\t<div class=\"image-zoom image-cover\" style=\"padding-top:70%;\">\n\t\t\t\t<img loading=\"lazy\" decoding=\"async\" width=\"582\" height=\"402\" src=\"https:\/\/surmelihotels.com\/ankara\/wp-content\/uploads\/2024\/02\/Toplanti-Salonu.jpg\" class=\"attachment- size-\" alt=\"\" srcset=\"https:\/\/surmelihotels.com\/ankara\/wp-content\/uploads\/2024\/02\/Toplanti-Salonu.jpg 582w, https:\/\/surmelihotels.com\/ankara\/wp-content\/uploads\/2024\/02\/Toplanti-Salonu-579x400.jpg 579w\" sizes=\"auto, (max-width: 582px) 100vw, 582px\" \/>\t\t\t\t\t\t\t\t\t\t\t<\/div>\n\t\t\t<\/a>\t\t<\/div>\n\n\t\t<div class=\"box-text text-center\" style=\"background-color:rgb(255, 255, 255);padding:20px 5% 20px 5%;\">\n\t\t\t<div class=\"box-text-inner\">\n\t\t\t\t\n\t<div id=\"text-3034971540\" class=\"text\">\n\t\t\n<h3><strong>Toplant\u0131 Salonlar\u0131<\/strong><\/h3>\n<p><span style=\"color: #000000;\">Otel b\u00fcnyesinde \u00e7al\u0131\u015fma hayat\u0131 ile konforu birle\u015ftiren i\u015f merkezi \u00e7ok ama\u00e7l\u0131 son teknoloji ile donat\u0131lm\u0131\u015f 18 adet \u015f\u0131k toplant\u0131 salonu hizmet vermektedir.\u00a0<\/span><\/p>\n<p>\n\t\t\n<style>\n#text-3034971540 {\n  font-size: 0.75rem;\n  line-height: 1.35;\n  text-align: center;\n  color: rgb(199, 171, 94);\n}\n#text-3034971540 > * {\n  color: rgb(199, 171, 94);\n}\n@media (min-width:550px) {\n  #text-3034971540 {\n    font-size: 0.8rem;\n    line-height: 1.9;\n  }\n}\n<\/style>\n\t<\/div>\n\t\n\t\t\t<\/div>\n\t\t<\/div>\n\t<\/div>\n\t\n<a class=\"button primary is-small lowercase\"  style=\"border-radius:2px;\">\n    <span>S\u00fcrmeli Hotels \u0130stanbul<\/span>\n  <\/a>\n\n<a class=\"button primary is-small lowercase\"  style=\"border-radius:2px;\">\n    <span>S\u00fcrmeli Hotels Adana<\/span>\n  <\/a>\n\n\t\t<\/div>\n\t\t\t\t\t<\/div>\n\n\t\n\n<style>\n#row-1146921206 > .col > .col-inner {\n  background-color: rgb(255,255,255);\n}\n<\/style>\n<\/div>\n\t<section class=\"section\" id=\"section_351326602\">\n\t\t<div class=\"bg section-bg fill bg-fill  bg-loaded\" >\n\n\t\t\t\n\t\t\t\n\t\t\t\n\n\t\t<\/div>\n\n\t\t\n\n\t\t<div class=\"section-content relative\">\n\t\t\t\n\t\t<\/div>\n\n\t\t\n<style>\n#section_351326602 {\n  padding-top: 30px;\n  padding-bottom: 30px;\n}\n<\/style>\n\t<\/section>\n\t\n","protected":false},"excerpt":{"rendered":"","protected":false},"author":1,"featured_media":0,"parent":0,"menu_order":0,"comment_status":"closed","ping_status":"closed","template":"page-blank.php","meta":{"footnotes":""},"class_list":["post-275","page","type-page","status-publish","hentry"],"_links":{"self":[{"href":"https:\/\/surmelihotels.com\/ankara\/wp-json\/wp\/v2\/pages\/275","targetHints":{"allow":["GET"]}}],"collection":[{"href":"https:\/\/surmelihotels.com\/ankara\/wp-json\/wp\/v2\/pages"}],"about":[{"href":"https:\/\/surmelihotels.com\/ankara\/wp-json\/wp\/v2\/types\/page"}],"author":[{"embeddable":true,"href":"https:\/\/surmelihotels.com\/ankara\/wp-json\/wp\/v2\/users\/1"}],"replies":[{"embeddable":true,"href":"https:\/\/surmelihotels.com\/ankara\/wp-json\/wp\/v2\/comments?post=275"}],"version-history":[{"count":4,"href":"https:\/\/surmelihotels.com\/ankara\/wp-json\/wp\/v2\/pages\/275\/revisions"}],"predecessor-version":[{"id":701,"href":"https:\/\/surmelihotels.com\/ankara\/wp-json\/wp\/v2\/pages\/275\/revisions\/701"}],"wp:attachment":[{"href":"https:\/\/surmelihotels.com\/ankara\/wp-json\/wp\/v2\/media?parent=275"}],"curies":[{"name":"wp","href":"https:\/\/api.w.org\/{rel}","templated":true}]}}