{"id":616,"date":"2024-02-25T17:22:55","date_gmt":"2024-02-25T17:22:55","guid":{"rendered":"https:\/\/surmelihotels.com\/ankara\/?page_id=616"},"modified":"2024-03-09T14:33:10","modified_gmt":"2024-03-09T14:33:10","slug":"delux-oda","status":"publish","type":"page","link":"https:\/\/surmelihotels.com\/ankara\/delux-oda\/","title":{"rendered":"Delux Oda"},"content":{"rendered":"\t<section class=\"section dark\" id=\"section_25905991\">\n\t\t<div class=\"bg section-bg fill bg-fill  \" >\n\n\t\t\t\n\t\t\t<button class=\"scroll-for-more z-5 icon absolute bottom h-center\" aria-label=\"Daha fazlas\u0131 i\u00e7in a\u015fa\u011f\u0131 kayd\u0131r\u0131n\"><i class=\"icon-angle-down\" style=\"font-size:42px;\" ><\/i><\/button>\n\t\t\t\n\n\t\t<\/div>\n\n\t\t\n\n\t\t<div class=\"section-content relative\">\n\t\t\t\n\t\t<\/div>\n\n\t\t\n<style>\n#section_25905991 {\n  padding-top: 30px;\n  padding-bottom: 30px;\n  min-height: 300px;\n}\n#section_25905991 .section-bg.bg-loaded {\n  background-image: url(https:\/\/surmelihotels.com\/ankara\/wp-content\/uploads\/2024\/03\/Delux-Suite-Banner.jpg);\n}\n#section_25905991 .section-bg {\n  background-position: 50% 37%;\n}\n<\/style>\n\t<\/section>\n\t\n\t<section class=\"section\" id=\"section_1273947451\">\n\t\t<div class=\"bg section-bg fill bg-fill  bg-loaded\" >\n\n\t\t\t\n\t\t\t<div class=\"section-bg-overlay absolute fill\"><\/div>\n\t\t\t\n\n\t\t<\/div>\n\n\t\t\n\n\t\t<div class=\"section-content relative\">\n\t\t\t\n<div class=\"row\"  id=\"row-1165436439\">\n\n\t<div id=\"col-1663054245\" class=\"col small-12 large-12\"  >\n\t\t\t\t<div class=\"col-inner\"  >\n\t\t\t\n\t\t\t\n<div class=\"row\"  id=\"row-1321447515\">\n\n\t<div id=\"col-440836371\" class=\"col small-12 large-12\"  >\n\t\t\t\t<div class=\"col-inner\"  >\n\t\t\t\n\t\t\t\n\t<div id=\"text-2381435014\" class=\"text\">\n\t\t\n<h2><span style=\"color: #c7ab5e;\">Delux Oda<\/span><\/h2>\n\t\t\n<style>\n#text-2381435014 {\n  text-align: left;\n}\n<\/style>\n\t<\/div>\n\t\n<div class=\"text-center\"><div class=\"is-divider divider clearfix\" style=\"max-width:1050px;height:1px;background-color:rgb(199, 171, 94);\"><\/div><\/div>\n\t\t<\/div>\n\t\t\t\t\n<style>\n#col-440836371 > .col-inner {\n  margin: 0px 0px -50px 0px;\n}\n<\/style>\n\t<\/div>\n\n\t\n<\/div>\n\t\t<\/div>\n\t\t\t\t\t<\/div>\n\n\t\n<\/div>\n<div class=\"row\"  id=\"row-1922644114\">\n\n\t<div id=\"col-1178925727\" class=\"col medium-6 small-12 large-6\"  >\n\t\t\t\t<div class=\"col-inner text-right\"  >\n\t\t\t\n\t\t\t\n\t<div class=\"img has-hover x md-x lg-x y md-y lg-y\" id=\"image_826555935\">\n\t\t\t\t\t\t\t\t<div class=\"img-inner dark\" >\n\t\t\t<img loading=\"lazy\" decoding=\"async\" width=\"1327\" height=\"885\" src=\"https:\/\/surmelihotels.com\/ankara\/wp-content\/uploads\/2024\/03\/1822016164416574.jpg\" class=\"attachment-original size-original\" alt=\"\" srcset=\"https:\/\/surmelihotels.com\/ankara\/wp-content\/uploads\/2024\/03\/1822016164416574.jpg 1327w, https:\/\/surmelihotels.com\/ankara\/wp-content\/uploads\/2024\/03\/1822016164416574-600x400.jpg 600w, https:\/\/surmelihotels.com\/ankara\/wp-content\/uploads\/2024\/03\/1822016164416574-1200x800.jpg 1200w, https:\/\/surmelihotels.com\/ankara\/wp-content\/uploads\/2024\/03\/1822016164416574-768x512.jpg 768w\" sizes=\"auto, (max-width: 1327px) 100vw, 1327px\" \/>\t\t\t\t\t\t\n\t\t\t\t\t<\/div>\n\t\t\t\t\t\t\t\t\n<style>\n#image_826555935 {\n  width: 99%;\n}\n<\/style>\n\t<\/div>\n\t\n\t\t<\/div>\n\t\t\t\t\t<\/div>\n\n\t\n\n\t<div id=\"col-1153740908\" class=\"col medium-6 small-12 large-6\"  >\n\t\t\t\t<div class=\"col-inner text-left\"  >\n\t\t\t\n\t\t\t\n\t<div id=\"text-18525453\" class=\"text\">\n\t\t\n<p><span style=\"color: #000000;\">28 m2 geni\u015fli\u011finde ergonomik ve modern mimari tasar\u0131m\u0131 ile \u015fehrin merkezinde kendinzii evinizde hissedeceksiniz<\/span><\/p>\n\t\t\n<style>\n#text-18525453 {\n  font-size: 0.85rem;\n  line-height: 1.45;\n  color: rgba(0, 0, 0, 0.878);\n}\n#text-18525453 > * {\n  color: rgba(0, 0, 0, 0.878);\n}\n@media (min-width:550px) {\n  #text-18525453 {\n    font-size: 0.95rem;\n    line-height: 1.35;\n  }\n}\n<\/style>\n\t<\/div>\n\t\n\t\t<\/div>\n\t\t\t\t\n<style>\n#col-1153740908 > .col-inner {\n  padding: 0px 0px 0px 0px;\n  margin: 0px 0px 0px 0px;\n}\n@media (min-width:550px) {\n  #col-1153740908 > .col-inner {\n    padding: 130px 0px 0px 0px;\n  }\n}\n<\/style>\n\t<\/div>\n\n\t\n<\/div>\n<div class=\"row\"  id=\"row-1164934977\">\n\n\t<div id=\"col-1299910287\" class=\"col medium-4 small-12 large-4\"  >\n\t\t\t\t<div class=\"col-inner\"  >\n\t\t\t\n\t\t\t\n\t<div class=\"img has-hover x md-x lg-x y md-y lg-y\" id=\"image_1595687787\">\n\t\t\t\t\t\t\t\t<div class=\"img-inner dark\" >\n\t\t\t<img loading=\"lazy\" decoding=\"async\" width=\"1020\" height=\"680\" src=\"https:\/\/surmelihotels.com\/ankara\/wp-content\/uploads\/2024\/03\/182201616432629-1200x800.jpg\" class=\"attachment-large size-large\" alt=\"\" srcset=\"https:\/\/surmelihotels.com\/ankara\/wp-content\/uploads\/2024\/03\/182201616432629-1200x800.jpg 1200w, https:\/\/surmelihotels.com\/ankara\/wp-content\/uploads\/2024\/03\/182201616432629-600x400.jpg 600w, https:\/\/surmelihotels.com\/ankara\/wp-content\/uploads\/2024\/03\/182201616432629-768x512.jpg 768w, https:\/\/surmelihotels.com\/ankara\/wp-content\/uploads\/2024\/03\/182201616432629.jpg 1327w\" sizes=\"auto, (max-width: 1020px) 100vw, 1020px\" \/>\t\t\t\t\t\t\n\t\t\t\t\t<\/div>\n\t\t\t\t\t\t\t\t\n<style>\n#image_1595687787 {\n  width: 100%;\n}\n<\/style>\n\t<\/div>\n\t\n\t\t<\/div>\n\t\t\t\t\t<\/div>\n\n\t\n\n\t<div id=\"col-1632145100\" class=\"col medium-4 small-12 large-4\"  >\n\t\t\t\t<div class=\"col-inner\"  >\n\t\t\t\n\t\t\t\n\t<div class=\"img has-hover x md-x lg-x y md-y lg-y\" id=\"image_1591903402\">\n\t\t\t\t\t\t\t\t<div class=\"img-inner dark\" >\n\t\t\t<img loading=\"lazy\" decoding=\"async\" width=\"1020\" height=\"680\" src=\"https:\/\/surmelihotels.com\/ankara\/wp-content\/uploads\/2024\/03\/1822016164426355-1200x800.jpg\" class=\"attachment-large size-large\" alt=\"\" srcset=\"https:\/\/surmelihotels.com\/ankara\/wp-content\/uploads\/2024\/03\/1822016164426355-1200x800.jpg 1200w, https:\/\/surmelihotels.com\/ankara\/wp-content\/uploads\/2024\/03\/1822016164426355-600x400.jpg 600w, https:\/\/surmelihotels.com\/ankara\/wp-content\/uploads\/2024\/03\/1822016164426355-768x512.jpg 768w, https:\/\/surmelihotels.com\/ankara\/wp-content\/uploads\/2024\/03\/1822016164426355.jpg 1327w\" sizes=\"auto, (max-width: 1020px) 100vw, 1020px\" \/>\t\t\t\t\t\t\n\t\t\t\t\t<\/div>\n\t\t\t\t\t\t\t\t\n<style>\n#image_1591903402 {\n  width: 100%;\n}\n<\/style>\n\t<\/div>\n\t\n\t\t<\/div>\n\t\t\t\t\t<\/div>\n\n\t\n\n\t<div id=\"col-55345084\" class=\"col medium-4 small-12 large-4\"  >\n\t\t\t\t<div class=\"col-inner\"  >\n\t\t\t\n\t\t\t\n\t<div class=\"img has-hover x md-x lg-x y md-y lg-y\" id=\"image_1184957247\">\n\t\t\t\t\t\t\t\t<div class=\"img-inner dark\" >\n\t\t\t<img loading=\"lazy\" decoding=\"async\" width=\"1020\" height=\"680\" src=\"https:\/\/surmelihotels.com\/ankara\/wp-content\/uploads\/2024\/03\/1822016164358478-1200x800.jpg\" class=\"attachment-large size-large\" alt=\"\" srcset=\"https:\/\/surmelihotels.com\/ankara\/wp-content\/uploads\/2024\/03\/1822016164358478-1200x800.jpg 1200w, https:\/\/surmelihotels.com\/ankara\/wp-content\/uploads\/2024\/03\/1822016164358478-600x400.jpg 600w, https:\/\/surmelihotels.com\/ankara\/wp-content\/uploads\/2024\/03\/1822016164358478-768x512.jpg 768w, https:\/\/surmelihotels.com\/ankara\/wp-content\/uploads\/2024\/03\/1822016164358478.jpg 1327w\" sizes=\"auto, (max-width: 1020px) 100vw, 1020px\" \/>\t\t\t\t\t\t\n\t\t\t\t\t<\/div>\n\t\t\t\t\t\t\t\t\n<style>\n#image_1184957247 {\n  width: 100%;\n}\n<\/style>\n\t<\/div>\n\t\n\t\t<\/div>\n\t\t\t\t\t<\/div>\n\n\t\n<\/div>\n<div class=\"row\"  id=\"row-1624695946\">\n\n\t<div id=\"col-1775440607\" class=\"col medium-3 small-6 large-3\"  >\n\t\t\t\t<div class=\"col-inner\"  >\n\t\t\t\n\t\t\t\n\t<div id=\"text-561947752\" class=\"text\">\n\t\t\n<p><span style=\"color: #000000;\"><img loading=\"lazy\" decoding=\"async\" class=\"alignnone wp-image-556\" src=\"https:\/\/surmelihotels.com\/ankara\/wp-content\/uploads\/2024\/02\/check-1.png\" alt=\"\" width=\"15\" height=\"14\" \/>\u00a0 \u00a050 m<sup>2<\/sup><\/span><\/p>\n<p><span style=\"color: #000000;\"><img loading=\"lazy\" decoding=\"async\" class=\"alignnone wp-image-556\" src=\"https:\/\/surmelihotels.com\/ankara\/wp-content\/uploads\/2024\/02\/check-1.png\" alt=\"\" width=\"15\" height=\"14\" \/>\u00a0 \u00c7al\u0131\u015fma masas\u0131<\/span><\/p>\n<p><span style=\"color: #000000; font-size: 14.4px;\"><img loading=\"lazy\" decoding=\"async\" class=\"alignnone wp-image-556\" src=\"https:\/\/surmelihotels.com\/ankara\/wp-content\/uploads\/2024\/02\/check-1.png\" alt=\"\" width=\"15\" height=\"14\" \/>\u00a0 Su \u0131s\u0131t\u0131c\u0131s\u0131<\/span><\/p>\n<p><span style=\"color: #000000; font-size: 14.4px;\"><img loading=\"lazy\" decoding=\"async\" class=\"alignnone wp-image-556\" src=\"https:\/\/surmelihotels.com\/ankara\/wp-content\/uploads\/2024\/02\/check-1.png\" alt=\"\" width=\"15\" height=\"14\" \/>\u00a0 \u00dccretsiz internet<\/span><\/p>\n<p><span style=\"color: #000000; font-size: 14.4px;\"><img loading=\"lazy\" decoding=\"async\" class=\"alignnone wp-image-556\" src=\"https:\/\/surmelihotels.com\/ankara\/wp-content\/uploads\/2024\/02\/check-1.png\" alt=\"\" width=\"15\" height=\"14\" \/>\u00a0 Transfer servisi<\/span><i class=\"fusion-li-icon icon-hotel-check-circle-regular\" aria-hidden=\"true\"><\/i><\/p>\n\t\t\n<style>\n#text-561947752 {\n  font-size: 0.8rem;\n  line-height: 0.8;\n}\n@media (min-width:550px) {\n  #text-561947752 {\n    font-size: 0.9rem;\n    line-height: 0.85;\n  }\n}\n<\/style>\n\t<\/div>\n\t\n\t\t<\/div>\n\t\t\t\t\t<\/div>\n\n\t\n\n\t<div id=\"col-1923777934\" class=\"col medium-3 small-6 large-3\"  >\n\t\t\t\t<div class=\"col-inner\"  >\n\t\t\t\n\t\t\t\n\t<div id=\"text-3552382481\" class=\"text\">\n\t\t\n<p><span style=\"color: #000000;\"><img loading=\"lazy\" decoding=\"async\" class=\"alignnone wp-image-556\" src=\"https:\/\/surmelihotels.com\/ankara\/wp-content\/uploads\/2024\/02\/check-1.png\" alt=\"\" width=\"15\" height=\"14\" \/>\u00a0 Bagaj muhafaza<\/span><\/p>\n<p><span style=\"color: #000000;\"><img loading=\"lazy\" decoding=\"async\" class=\"alignnone wp-image-556\" src=\"https:\/\/surmelihotels.com\/ankara\/wp-content\/uploads\/2024\/02\/check-1.png\" alt=\"\" width=\"15\" height=\"14\" \/>\u00a0 Geni\u015f g\u00f6mme dolaplar<\/span><\/p>\n<p><span style=\"color: #000000; font-size: 14.4px;\"><img loading=\"lazy\" decoding=\"async\" class=\"alignnone wp-image-556\" src=\"https:\/\/surmelihotels.com\/ankara\/wp-content\/uploads\/2024\/02\/check-1.png\" alt=\"\" width=\"15\" height=\"14\" \/>\u00a0 Klima<\/span><\/p>\n<p><span style=\"color: #000000; font-size: 14.4px;\"><img loading=\"lazy\" decoding=\"async\" class=\"alignnone wp-image-556\" src=\"https:\/\/surmelihotels.com\/ankara\/wp-content\/uploads\/2024\/02\/check-1.png\" alt=\"\" width=\"15\" height=\"14\" \/>\u00a0 Sa\u00e7 kurutma mak.<\/span><\/p>\n<p><span style=\"color: #000000; font-size: 14.4px;\"><img loading=\"lazy\" decoding=\"async\" class=\"alignnone wp-image-556\" src=\"https:\/\/surmelihotels.com\/ankara\/wp-content\/uploads\/2024\/02\/check-1.png\" alt=\"\" width=\"15\" height=\"14\" \/> 24 saat oda servisi<\/span><i class=\"fusion-li-icon icon-hotel-check-circle-regular\" aria-hidden=\"true\"><\/i><\/p>\n\t\t\n<style>\n#text-3552382481 {\n  font-size: 0.8rem;\n  line-height: 0.8;\n}\n@media (min-width:550px) {\n  #text-3552382481 {\n    font-size: 0.9rem;\n    line-height: 0.85;\n  }\n}\n<\/style>\n\t<\/div>\n\t\n\t\t<\/div>\n\t\t\t\t\t<\/div>\n\n\t\n\n\t<div id=\"col-303368479\" class=\"col medium-3 small-6 large-3\"  >\n\t\t\t\t<div class=\"col-inner\"  >\n\t\t\t\n\t\t\t\n\t<div id=\"text-11156116\" class=\"text\">\n\t\t\n<p><span style=\"color: #000000;\"><img loading=\"lazy\" decoding=\"async\" class=\"alignnone wp-image-556\" src=\"https:\/\/surmelihotels.com\/ankara\/wp-content\/uploads\/2024\/02\/check-1.png\" alt=\"\" width=\"15\" height=\"14\" \/> Business Center<\/span><\/p>\n<p><span style=\"color: #000000;\"><img loading=\"lazy\" decoding=\"async\" class=\"alignnone wp-image-556\" src=\"https:\/\/surmelihotels.com\/ankara\/wp-content\/uploads\/2024\/02\/check-1.png\" alt=\"\" width=\"15\" height=\"14\" \/> Bornoz ve terlik<\/span><\/p>\n<p><span style=\"color: #000000; font-size: 14.4px;\"><img loading=\"lazy\" decoding=\"async\" class=\"alignnone wp-image-556\" src=\"https:\/\/surmelihotels.com\/ankara\/wp-content\/uploads\/2024\/02\/check-1.png\" alt=\"\" width=\"15\" height=\"14\" \/> Sauna<\/span><\/p>\n<p><span style=\"color: #000000; font-size: 14.4px;\"><img loading=\"lazy\" decoding=\"async\" class=\"alignnone wp-image-556\" src=\"https:\/\/surmelihotels.com\/ankara\/wp-content\/uploads\/2024\/02\/check-1.png\" alt=\"\" width=\"15\" height=\"14\" \/> Uydu kanallar\u0131<\/span><\/p>\n<p><span style=\"color: #000000; font-size: 14.4px;\"><img loading=\"lazy\" decoding=\"async\" class=\"alignnone wp-image-556\" src=\"https:\/\/surmelihotels.com\/ankara\/wp-content\/uploads\/2024\/02\/check-1.png\" alt=\"\" width=\"15\" height=\"14\" \/> Elektronik kasa<\/span><i class=\"fusion-li-icon icon-hotel-check-circle-regular\" aria-hidden=\"true\"><\/i><\/p>\n\t\t\n<style>\n#text-11156116 {\n  font-size: 0.8rem;\n  line-height: 0.8;\n}\n@media (min-width:550px) {\n  #text-11156116 {\n    font-size: 0.9rem;\n    line-height: 0.85;\n  }\n}\n<\/style>\n\t<\/div>\n\t\n\t\t<\/div>\n\t\t\t\t\t<\/div>\n\n\t\n\n\t<div id=\"col-305497127\" class=\"col medium-3 small-6 large-3\"  >\n\t\t\t\t<div class=\"col-inner\"  >\n\t\t\t\n\t\t\t\n\t<div id=\"text-171466438\" class=\"text\">\n\t\t\n<p><span style=\"color: #000000;\"><img loading=\"lazy\" decoding=\"async\" class=\"alignnone wp-image-556\" src=\"https:\/\/surmelihotels.com\/ankara\/wp-content\/uploads\/2024\/02\/check-1.png\" alt=\"\" width=\"15\" height=\"14\" \/>\u00a0 Banyo k\u00fcveti<\/span><\/p>\n<p><span style=\"color: #000000;\"><img loading=\"lazy\" decoding=\"async\" class=\"alignnone wp-image-556\" src=\"https:\/\/surmelihotels.com\/ankara\/wp-content\/uploads\/2024\/02\/check-1.png\" alt=\"\" width=\"15\" height=\"14\" \/> Uyand\u0131rma servisi<\/span><\/p>\n<p><span style=\"color: #000000; font-size: 14.4px;\"><img loading=\"lazy\" decoding=\"async\" class=\"alignnone wp-image-556\" src=\"https:\/\/surmelihotels.com\/ankara\/wp-content\/uploads\/2024\/02\/check-1.png\" alt=\"\" width=\"15\" height=\"14\" \/> \u00dccretsiz otopark<\/span><\/p>\n<p><span style=\"color: #000000; font-size: 14.4px;\"><img loading=\"lazy\" decoding=\"async\" class=\"alignnone wp-image-556\" src=\"https:\/\/surmelihotels.com\/ankara\/wp-content\/uploads\/2024\/02\/check-1.png\" alt=\"\" width=\"15\" height=\"14\" \/> Kuru temizleme<\/span><\/p>\n<p><span style=\"color: #000000; font-size: 14.4px;\"><img loading=\"lazy\" decoding=\"async\" class=\"alignnone wp-image-556\" src=\"https:\/\/surmelihotels.com\/ankara\/wp-content\/uploads\/2024\/02\/check-1.png\" alt=\"\" width=\"15\" height=\"14\" \/> Mini bar<\/span><i class=\"fusion-li-icon icon-hotel-check-circle-regular\" aria-hidden=\"true\"><\/i><\/p>\n\t\t\n<style>\n#text-171466438 {\n  font-size: 0.8rem;\n  line-height: 0.8;\n  text-align: left;\n}\n@media (min-width:550px) {\n  #text-171466438 {\n    font-size: 0.9rem;\n    line-height: 0.85;\n  }\n}\n<\/style>\n\t<\/div>\n\t\n\t\t<\/div>\n\t\t\t\t\t<\/div>\n\n\t\n<\/div>\n<div class=\"social-icons follow-icons full-width text-center\" ><a href=\"https:\/\/www.facebook.com\/SurmeliHotelsResorts\/\" target=\"_blank\" data-label=\"Facebook\" class=\"icon primary button circle facebook tooltip\" title=\"Facebook&amp;apos; ta takip et\" aria-label=\"Facebook&amp;apos; ta takip et\" rel=\"noopener nofollow\" ><i class=\"icon-facebook\" ><\/i><\/a><a href=\"https:\/\/www.instagram.com\/surmelihotels\/\" target=\"_blank\" data-label=\"Instagram\" class=\"icon primary button circle instagram tooltip\" title=\"Instagram&amp;apos; da takip et\" aria-label=\"Instagram&amp;apos; da takip et\" rel=\"noopener nofollow\" ><i class=\"icon-instagram\" ><\/i><\/a><a href=\"https:\/\/twitter.com\/surmelihotel\" data-label=\"X\" target=\"_blank\" class=\"icon primary button circle x tooltip\" title=\"Follow on X\" aria-label=\"Follow on X\" rel=\"noopener nofollow\" ><i class=\"icon-x\" ><\/i><\/a><a href=\"https:\/\/www.youtube.com\/channel\/UCkYLggujgzqMYrv2CxeWQrw\" data-label=\"YouTube\" target=\"_blank\" class=\"icon primary button circle youtube tooltip\" title=\"YouTube&amp;apos; da takip et\" aria-label=\"YouTube&amp;apos; da takip et\" rel=\"noopener nofollow\" ><i class=\"icon-youtube\" ><\/i><\/a><\/div>\n\t\t<\/div>\n\n\t\t\n<style>\n#section_1273947451 {\n  padding-top: 90px;\n  padding-bottom: 90px;\n  background-color: rgba(255, 255, 255, 0.971);\n}\n#section_1273947451 .section-bg-overlay {\n  background-color: rgba(255, 255, 255, 0);\n}\n<\/style>\n\t<\/section>\n\t\n","protected":false},"excerpt":{"rendered":"","protected":false},"author":1,"featured_media":0,"parent":0,"menu_order":0,"comment_status":"closed","ping_status":"closed","template":"page-blank.php","meta":{"footnotes":""},"class_list":["post-616","page","type-page","status-publish","hentry"],"_links":{"self":[{"href":"https:\/\/surmelihotels.com\/ankara\/wp-json\/wp\/v2\/pages\/616","targetHints":{"allow":["GET"]}}],"collection":[{"href":"https:\/\/surmelihotels.com\/ankara\/wp-json\/wp\/v2\/pages"}],"about":[{"href":"https:\/\/surmelihotels.com\/ankara\/wp-json\/wp\/v2\/types\/page"}],"author":[{"embeddable":true,"href":"https:\/\/surmelihotels.com\/ankara\/wp-json\/wp\/v2\/users\/1"}],"replies":[{"embeddable":true,"href":"https:\/\/surmelihotels.com\/ankara\/wp-json\/wp\/v2\/comments?post=616"}],"version-history":[{"count":11,"href":"https:\/\/surmelihotels.com\/ankara\/wp-json\/wp\/v2\/pages\/616\/revisions"}],"predecessor-version":[{"id":1069,"href":"https:\/\/surmelihotels.com\/ankara\/wp-json\/wp\/v2\/pages\/616\/revisions\/1069"}],"wp:attachment":[{"href":"https:\/\/surmelihotels.com\/ankara\/wp-json\/wp\/v2\/media?parent=616"}],"curies":[{"name":"wp","href":"https:\/\/api.w.org\/{rel}","templated":true}]}}