{"id":620,"date":"2024-02-25T17:28:08","date_gmt":"2024-02-25T17:28:08","guid":{"rendered":"https:\/\/surmelihotels.com\/ankara\/?page_id=620"},"modified":"2024-03-09T14:49:43","modified_gmt":"2024-03-09T14:49:43","slug":"superior-oda","status":"publish","type":"page","link":"https:\/\/surmelihotels.com\/ankara\/superior-oda\/","title":{"rendered":"Superior Oda"},"content":{"rendered":"\t<section class=\"section dark\" id=\"section_601256848\">\n\t\t<div class=\"bg section-bg fill bg-fill  \" >\n\n\t\t\t\n\t\t\t\n\t\t\t\n\n\t\t<\/div>\n\n\t\t\n\n\t\t<div class=\"section-content relative\">\n\t\t\t\n\t\t<\/div>\n\n\t\t\n<style>\n#section_601256848 {\n  padding-top: 30px;\n  padding-bottom: 30px;\n  min-height: 300px;\n}\n#section_601256848 .section-bg.bg-loaded {\n  background-image: url(https:\/\/surmelihotels.com\/ankara\/wp-content\/uploads\/2024\/03\/Delux-Suite-Banner.jpg);\n}\n#section_601256848 .section-bg {\n  background-position: 50% 37%;\n}\n<\/style>\n\t<\/section>\n\t\n\t<section class=\"section\" id=\"section_2043798756\">\n\t\t<div class=\"bg section-bg fill bg-fill  bg-loaded\" >\n\n\t\t\t\n\t\t\t<div class=\"section-bg-overlay absolute fill\"><\/div>\n\t\t\t\n\n\t\t<\/div>\n\n\t\t\n\n\t\t<div class=\"section-content relative\">\n\t\t\t\n<div class=\"row\"  id=\"row-9226146\">\n\n\t<div id=\"col-1803679152\" class=\"col small-12 large-12\"  >\n\t\t\t\t<div class=\"col-inner\"  >\n\t\t\t\n\t\t\t\n<div class=\"row\"  id=\"row-375812746\">\n\n\t<div id=\"col-2076285401\" class=\"col small-12 large-12\"  >\n\t\t\t\t<div class=\"col-inner\"  >\n\t\t\t\n\t\t\t\n\t<div id=\"text-2091620298\" class=\"text\">\n\t\t\n<h2><span style=\"color: #c7ab5e;\">Superior Oda<\/span><\/h2>\n\t\t\n<style>\n#text-2091620298 {\n  text-align: left;\n}\n<\/style>\n\t<\/div>\n\t\n<div class=\"text-center\"><div class=\"is-divider divider clearfix\" style=\"max-width:1050px;height:1px;background-color:rgb(199, 171, 94);\"><\/div><\/div>\n\t\t<\/div>\n\t\t\t\t\n<style>\n#col-2076285401 > .col-inner {\n  margin: 0px 0px -50px 0px;\n}\n<\/style>\n\t<\/div>\n\n\t\n<\/div>\n\t\t<\/div>\n\t\t\t\t\t<\/div>\n\n\t\n<\/div>\n<div class=\"row\"  id=\"row-1848864951\">\n\n\t<div id=\"col-1416151782\" class=\"col medium-6 small-12 large-6\"  >\n\t\t\t\t<div class=\"col-inner text-right\"  >\n\t\t\t\n\t\t\t\n\t<div class=\"img has-hover x md-x lg-x y md-y lg-y\" id=\"image_495970861\">\n\t\t\t\t\t\t\t\t<div class=\"img-inner dark\" >\n\t\t\t<img loading=\"lazy\" decoding=\"async\" width=\"1020\" height=\"677\" src=\"https:\/\/surmelihotels.com\/ankara\/wp-content\/uploads\/2024\/02\/Superior-Room-01.jpg\" class=\"attachment-large size-large\" alt=\"\" srcset=\"https:\/\/surmelihotels.com\/ankara\/wp-content\/uploads\/2024\/02\/Superior-Room-01.jpg 1024w, https:\/\/surmelihotels.com\/ankara\/wp-content\/uploads\/2024\/02\/Superior-Room-01-602x400.jpg 602w, https:\/\/surmelihotels.com\/ankara\/wp-content\/uploads\/2024\/02\/Superior-Room-01-768x510.jpg 768w\" sizes=\"auto, (max-width: 1020px) 100vw, 1020px\" \/>\t\t\t\t\t\t\n\t\t\t\t\t<\/div>\n\t\t\t\t\t\t\t\t\n<style>\n#image_495970861 {\n  width: 100%;\n}\n<\/style>\n\t<\/div>\n\t\n\t\t<\/div>\n\t\t\t\t\t<\/div>\n\n\t\n\n\t<div id=\"col-699820085\" class=\"col medium-6 small-12 large-6\"  >\n\t\t\t\t<div class=\"col-inner\"  >\n\t\t\t\n\t\t\t\n\t<div id=\"text-2739591274\" class=\"text\">\n\t\t\n<p><span style=\"color: #000000;\">25- 28 m2 geni\u015fli\u011finde ergonomik ve modern mimari tasar\u0131m\u0131 ile \u015fehrin merkezinde evinizde konforlu bir konaklama ya\u015fayacaks\u0131n\u0131z.<\/span><\/p>\n\t\t\n<style>\n#text-2739591274 {\n  font-size: 0.85rem;\n  line-height: 1.45;\n}\n@media (min-width:550px) {\n  #text-2739591274 {\n    font-size: 0.85rem;\n    line-height: 1.35;\n  }\n}\n<\/style>\n\t<\/div>\n\t\n\t\t<\/div>\n\t\t\t\t\n<style>\n#col-699820085 > .col-inner {\n  padding: 0px 0px 0px 0px;\n}\n@media (min-width:550px) {\n  #col-699820085 > .col-inner {\n    padding: 150px 0px 0px 0px;\n  }\n}\n<\/style>\n\t<\/div>\n\n\t\n<\/div>\n<div class=\"row\"  id=\"row-1096188867\">\n\n\t<div id=\"col-221935608\" class=\"col medium-4 small-12 large-4\"  >\n\t\t\t\t<div class=\"col-inner\"  >\n\t\t\t\n\t\t\t\n\t<div class=\"img has-hover x md-x lg-x y md-y lg-y\" id=\"image_393474694\">\n\t\t\t\t\t\t\t\t<div class=\"img-inner dark\" >\n\t\t\t<img loading=\"lazy\" decoding=\"async\" width=\"1020\" height=\"680\" src=\"https:\/\/surmelihotels.com\/ankara\/wp-content\/uploads\/2024\/03\/182201616533674-1200x800.jpg\" class=\"attachment-large size-large\" alt=\"\" srcset=\"https:\/\/surmelihotels.com\/ankara\/wp-content\/uploads\/2024\/03\/182201616533674-1200x800.jpg 1200w, https:\/\/surmelihotels.com\/ankara\/wp-content\/uploads\/2024\/03\/182201616533674-600x400.jpg 600w, https:\/\/surmelihotels.com\/ankara\/wp-content\/uploads\/2024\/03\/182201616533674-768x512.jpg 768w, https:\/\/surmelihotels.com\/ankara\/wp-content\/uploads\/2024\/03\/182201616533674.jpg 1327w\" sizes=\"auto, (max-width: 1020px) 100vw, 1020px\" \/>\t\t\t\t\t\t\n\t\t\t\t\t<\/div>\n\t\t\t\t\t\t\t\t\n<style>\n#image_393474694 {\n  width: 100%;\n}\n<\/style>\n\t<\/div>\n\t\n\t\t<\/div>\n\t\t\t\t\t<\/div>\n\n\t\n\n\t<div id=\"col-347532367\" class=\"col medium-4 small-12 large-4\"  >\n\t\t\t\t<div class=\"col-inner\"  >\n\t\t\t\n\t\t\t\n\t<div class=\"img has-hover x md-x lg-x y md-y lg-y\" id=\"image_112413623\">\n\t\t\t\t\t\t\t\t<div class=\"img-inner dark\" >\n\t\t\t<img loading=\"lazy\" decoding=\"async\" width=\"1020\" height=\"685\" src=\"https:\/\/surmelihotels.com\/ankara\/wp-content\/uploads\/2024\/03\/54201618271134.jpg\" class=\"attachment-large size-large\" alt=\"\" srcset=\"https:\/\/surmelihotels.com\/ankara\/wp-content\/uploads\/2024\/03\/54201618271134.jpg 1181w, https:\/\/surmelihotels.com\/ankara\/wp-content\/uploads\/2024\/03\/54201618271134-596x400.jpg 596w, https:\/\/surmelihotels.com\/ankara\/wp-content\/uploads\/2024\/03\/54201618271134-768x516.jpg 768w\" sizes=\"auto, (max-width: 1020px) 100vw, 1020px\" \/>\t\t\t\t\t\t\n\t\t\t\t\t<\/div>\n\t\t\t\t\t\t\t\t\n<style>\n#image_112413623 {\n  width: 100%;\n}\n<\/style>\n\t<\/div>\n\t\n\t\t<\/div>\n\t\t\t\t\t<\/div>\n\n\t\n\n\t<div id=\"col-301294833\" class=\"col medium-4 small-12 large-4\"  >\n\t\t\t\t<div class=\"col-inner\"  >\n\t\t\t\n\t\t\t\n\t<div class=\"img has-hover x md-x lg-x y md-y lg-y\" id=\"image_2057284922\">\n\t\t\t\t\t\t\t\t<div class=\"img-inner dark\" >\n\t\t\t<img loading=\"lazy\" decoding=\"async\" width=\"1020\" height=\"680\" src=\"https:\/\/surmelihotels.com\/ankara\/wp-content\/uploads\/2024\/03\/1822016165245248-1200x800.jpg\" class=\"attachment-large size-large\" alt=\"\" srcset=\"https:\/\/surmelihotels.com\/ankara\/wp-content\/uploads\/2024\/03\/1822016165245248-1200x800.jpg 1200w, https:\/\/surmelihotels.com\/ankara\/wp-content\/uploads\/2024\/03\/1822016165245248-600x400.jpg 600w, https:\/\/surmelihotels.com\/ankara\/wp-content\/uploads\/2024\/03\/1822016165245248-768x512.jpg 768w, https:\/\/surmelihotels.com\/ankara\/wp-content\/uploads\/2024\/03\/1822016165245248.jpg 1327w\" sizes=\"auto, (max-width: 1020px) 100vw, 1020px\" \/>\t\t\t\t\t\t\n\t\t\t\t\t<\/div>\n\t\t\t\t\t\t\t\t\n<style>\n#image_2057284922 {\n  width: 100%;\n}\n<\/style>\n\t<\/div>\n\t\n\t\t<\/div>\n\t\t\t\t\t<\/div>\n\n\t\n<\/div>\n<div class=\"row\"  id=\"row-785368429\">\n\n\t<div id=\"col-1435287679\" class=\"col medium-3 small-6 large-3\"  >\n\t\t\t\t<div class=\"col-inner\"  >\n\t\t\t\n\t\t\t\n\t<div id=\"text-3480280165\" class=\"text\">\n\t\t\n<p><span style=\"color: #000000;\"><img loading=\"lazy\" decoding=\"async\" class=\"alignnone wp-image-556\" src=\"https:\/\/surmelihotels.com\/ankara\/wp-content\/uploads\/2024\/02\/check-1.png\" alt=\"\" width=\"15\" height=\"14\" \/> \u00a0 75 m<sup>2<\/sup><\/span><\/p>\n<p><span style=\"color: #000000;\"><img loading=\"lazy\" decoding=\"async\" class=\"alignnone wp-image-556\" src=\"https:\/\/surmelihotels.com\/ankara\/wp-content\/uploads\/2024\/02\/check-1.png\" alt=\"\" width=\"15\" height=\"14\" \/>\u00a0 \u00c7al\u0131\u015fma masas\u0131<\/span><\/p>\n<p><span style=\"color: #000000; font-size: 14.4px;\"><img loading=\"lazy\" decoding=\"async\" class=\"alignnone wp-image-556\" src=\"https:\/\/surmelihotels.com\/ankara\/wp-content\/uploads\/2024\/02\/check-1.png\" alt=\"\" width=\"15\" height=\"14\" \/>\u00a0 Su \u0131s\u0131t\u0131c\u0131s\u0131<\/span><\/p>\n<p><span style=\"color: #000000; font-size: 14.4px;\"><img loading=\"lazy\" decoding=\"async\" class=\"alignnone wp-image-556\" src=\"https:\/\/surmelihotels.com\/ankara\/wp-content\/uploads\/2024\/02\/check-1.png\" alt=\"\" width=\"15\" height=\"14\" \/>\u00a0 \u00dccretsiz internet<\/span><\/p>\n<p><span style=\"color: #000000; font-size: 14.4px;\"><img loading=\"lazy\" decoding=\"async\" class=\"alignnone wp-image-556\" src=\"https:\/\/surmelihotels.com\/ankara\/wp-content\/uploads\/2024\/02\/check-1.png\" alt=\"\" width=\"15\" height=\"14\" \/>\u00a0 Transfer servisi<\/span><i class=\"fusion-li-icon icon-hotel-check-circle-regular\" aria-hidden=\"true\"><\/i><\/p>\n\t\t\n<style>\n#text-3480280165 {\n  font-size: 0.8rem;\n  line-height: 0.8;\n}\n@media (min-width:550px) {\n  #text-3480280165 {\n    font-size: 0.9rem;\n    line-height: 0.85;\n  }\n}\n<\/style>\n\t<\/div>\n\t\n\t\t<\/div>\n\t\t\t\t\t<\/div>\n\n\t\n\n\t<div id=\"col-915094096\" class=\"col medium-3 small-6 large-3\"  >\n\t\t\t\t<div class=\"col-inner\"  >\n\t\t\t\n\t\t\t\n\t<div id=\"text-2545181079\" class=\"text\">\n\t\t\n<p><span style=\"color: #000000;\"><img loading=\"lazy\" decoding=\"async\" class=\"alignnone wp-image-556\" src=\"https:\/\/surmelihotels.com\/ankara\/wp-content\/uploads\/2024\/02\/check-1.png\" alt=\"\" width=\"15\" height=\"14\" \/>\u00a0 Bagaj muhafaza<\/span><\/p>\n<p><span style=\"color: #000000;\"><img loading=\"lazy\" decoding=\"async\" class=\"alignnone wp-image-556\" src=\"https:\/\/surmelihotels.com\/ankara\/wp-content\/uploads\/2024\/02\/check-1.png\" alt=\"\" width=\"15\" height=\"14\" \/>\u00a0 Geni\u015f g\u00f6mme dolaplar<\/span><\/p>\n<p><span style=\"color: #000000; font-size: 14.4px;\"><img loading=\"lazy\" decoding=\"async\" class=\"alignnone wp-image-556\" src=\"https:\/\/surmelihotels.com\/ankara\/wp-content\/uploads\/2024\/02\/check-1.png\" alt=\"\" width=\"15\" height=\"14\" \/>\u00a0 Klima<\/span><\/p>\n<p><span style=\"color: #000000; font-size: 14.4px;\"><img loading=\"lazy\" decoding=\"async\" class=\"alignnone wp-image-556\" src=\"https:\/\/surmelihotels.com\/ankara\/wp-content\/uploads\/2024\/02\/check-1.png\" alt=\"\" width=\"15\" height=\"14\" \/>\u00a0 Sa\u00e7 kurutma mak.<\/span><\/p>\n<p><span style=\"color: #000000; font-size: 14.4px;\"><img loading=\"lazy\" decoding=\"async\" class=\"alignnone wp-image-556\" src=\"https:\/\/surmelihotels.com\/ankara\/wp-content\/uploads\/2024\/02\/check-1.png\" alt=\"\" width=\"15\" height=\"14\" \/> 24 saat oda servisi<\/span><i class=\"fusion-li-icon icon-hotel-check-circle-regular\" aria-hidden=\"true\"><\/i><\/p>\n\t\t\n<style>\n#text-2545181079 {\n  font-size: 0.8rem;\n  line-height: 0.8;\n}\n@media (min-width:550px) {\n  #text-2545181079 {\n    font-size: 0.9rem;\n    line-height: 0.85;\n  }\n}\n<\/style>\n\t<\/div>\n\t\n\t\t<\/div>\n\t\t\t\t\t<\/div>\n\n\t\n\n\t<div id=\"col-1670349784\" class=\"col medium-3 small-6 large-3\"  >\n\t\t\t\t<div class=\"col-inner\"  >\n\t\t\t\n\t\t\t\n\t<div id=\"text-2159406261\" class=\"text\">\n\t\t\n<p><span style=\"color: #000000;\"><img loading=\"lazy\" decoding=\"async\" class=\"alignnone wp-image-556\" src=\"https:\/\/surmelihotels.com\/ankara\/wp-content\/uploads\/2024\/02\/check-1.png\" alt=\"\" width=\"15\" height=\"14\" \/> Business Center<\/span><\/p>\n<p><span style=\"color: #000000;\"><img loading=\"lazy\" decoding=\"async\" class=\"alignnone wp-image-556\" src=\"https:\/\/surmelihotels.com\/ankara\/wp-content\/uploads\/2024\/02\/check-1.png\" alt=\"\" width=\"15\" height=\"14\" \/> Bornoz ve terlik<\/span><\/p>\n<p><span style=\"color: #000000; font-size: 14.4px;\"><img loading=\"lazy\" decoding=\"async\" class=\"alignnone wp-image-556\" src=\"https:\/\/surmelihotels.com\/ankara\/wp-content\/uploads\/2024\/02\/check-1.png\" alt=\"\" width=\"15\" height=\"14\" \/> Sauna<\/span><\/p>\n<p><span style=\"color: #000000; font-size: 14.4px;\"><img loading=\"lazy\" decoding=\"async\" class=\"alignnone wp-image-556\" src=\"https:\/\/surmelihotels.com\/ankara\/wp-content\/uploads\/2024\/02\/check-1.png\" alt=\"\" width=\"15\" height=\"14\" \/> Uydu kanallar\u0131<\/span><\/p>\n<p><span style=\"color: #000000; font-size: 14.4px;\"><img loading=\"lazy\" decoding=\"async\" class=\"alignnone wp-image-556\" src=\"https:\/\/surmelihotels.com\/ankara\/wp-content\/uploads\/2024\/02\/check-1.png\" alt=\"\" width=\"15\" height=\"14\" \/> Elektronik kasa<\/span><i class=\"fusion-li-icon icon-hotel-check-circle-regular\" aria-hidden=\"true\"><\/i><\/p>\n\t\t\n<style>\n#text-2159406261 {\n  font-size: 0.8rem;\n  line-height: 0.8;\n}\n@media (min-width:550px) {\n  #text-2159406261 {\n    font-size: 0.9rem;\n    line-height: 0.85;\n  }\n}\n<\/style>\n\t<\/div>\n\t\n\t\t<\/div>\n\t\t\t\t\t<\/div>\n\n\t\n\n\t<div id=\"col-400844570\" class=\"col medium-3 small-6 large-3\"  >\n\t\t\t\t<div class=\"col-inner\"  >\n\t\t\t\n\t\t\t\n\t<div id=\"text-811759624\" class=\"text\">\n\t\t\n<p><span style=\"color: #000000;\"><img loading=\"lazy\" decoding=\"async\" class=\"alignnone wp-image-556\" src=\"https:\/\/surmelihotels.com\/ankara\/wp-content\/uploads\/2024\/02\/check-1.png\" alt=\"\" width=\"15\" height=\"14\" \/>\u00a0 Banyo k\u00fcveti<\/span><\/p>\n<p><span style=\"color: #000000;\"><img loading=\"lazy\" decoding=\"async\" class=\"alignnone wp-image-556\" src=\"https:\/\/surmelihotels.com\/ankara\/wp-content\/uploads\/2024\/02\/check-1.png\" alt=\"\" width=\"15\" height=\"14\" \/> Uyand\u0131rma servisi<\/span><\/p>\n<p><span style=\"color: #000000; font-size: 14.4px;\"><img loading=\"lazy\" decoding=\"async\" class=\"alignnone wp-image-556\" src=\"https:\/\/surmelihotels.com\/ankara\/wp-content\/uploads\/2024\/02\/check-1.png\" alt=\"\" width=\"15\" height=\"14\" \/> \u00dccretsiz otopark<\/span><\/p>\n<p><span style=\"color: #000000; font-size: 14.4px;\"><img loading=\"lazy\" decoding=\"async\" class=\"alignnone wp-image-556\" src=\"https:\/\/surmelihotels.com\/ankara\/wp-content\/uploads\/2024\/02\/check-1.png\" alt=\"\" width=\"15\" height=\"14\" \/> Kuru temizleme<\/span><\/p>\n<p><span style=\"color: #000000; font-size: 14.4px;\"><img loading=\"lazy\" decoding=\"async\" class=\"alignnone wp-image-556\" src=\"https:\/\/surmelihotels.com\/ankara\/wp-content\/uploads\/2024\/02\/check-1.png\" alt=\"\" width=\"15\" height=\"14\" \/> \u0130ki mini bar<\/span><i class=\"fusion-li-icon icon-hotel-check-circle-regular\" aria-hidden=\"true\"><\/i><\/p>\n\t\t\n<style>\n#text-811759624 {\n  font-size: 0.8rem;\n  line-height: 0.8;\n  text-align: left;\n}\n@media (min-width:550px) {\n  #text-811759624 {\n    font-size: 0.9rem;\n    line-height: 0.85;\n  }\n}\n<\/style>\n\t<\/div>\n\t\n\t\t<\/div>\n\t\t\t\t\t<\/div>\n\n\t\n<\/div>\n<div class=\"social-icons follow-icons full-width text-center\" ><a href=\"https:\/\/www.facebook.com\/SurmeliHotelsResorts\/\" target=\"_blank\" data-label=\"Facebook\" class=\"icon primary button circle facebook tooltip\" title=\"Facebook&amp;apos; ta takip et\" aria-label=\"Facebook&amp;apos; ta takip et\" rel=\"noopener nofollow\" ><i class=\"icon-facebook\" ><\/i><\/a><a href=\"https:\/\/www.instagram.com\/surmelihotels\/\" target=\"_blank\" data-label=\"Instagram\" class=\"icon primary button circle instagram tooltip\" title=\"Instagram&amp;apos; da takip et\" aria-label=\"Instagram&amp;apos; da takip et\" rel=\"noopener nofollow\" ><i class=\"icon-instagram\" ><\/i><\/a><a href=\"https:\/\/twitter.com\/surmelihotel\" data-label=\"X\" target=\"_blank\" class=\"icon primary button circle x tooltip\" title=\"Follow on X\" aria-label=\"Follow on X\" rel=\"noopener nofollow\" ><i class=\"icon-x\" ><\/i><\/a><a href=\"https:\/\/www.youtube.com\/channel\/UCkYLggujgzqMYrv2CxeWQrw\" data-label=\"YouTube\" target=\"_blank\" class=\"icon primary button circle youtube tooltip\" title=\"YouTube&amp;apos; da takip et\" aria-label=\"YouTube&amp;apos; da takip et\" rel=\"noopener nofollow\" ><i class=\"icon-youtube\" ><\/i><\/a><\/div>\n\t\t<\/div>\n\n\t\t\n<style>\n#section_2043798756 {\n  padding-top: 90px;\n  padding-bottom: 90px;\n  background-color: rgba(255, 255, 255, 0.971);\n}\n#section_2043798756 .section-bg-overlay {\n  background-color: rgba(255, 255, 255, 0);\n}\n<\/style>\n\t<\/section>\n\t\n","protected":false},"excerpt":{"rendered":"","protected":false},"author":1,"featured_media":0,"parent":0,"menu_order":0,"comment_status":"closed","ping_status":"closed","template":"page-blank.php","meta":{"footnotes":""},"class_list":["post-620","page","type-page","status-publish","hentry"],"_links":{"self":[{"href":"https:\/\/surmelihotels.com\/ankara\/wp-json\/wp\/v2\/pages\/620","targetHints":{"allow":["GET"]}}],"collection":[{"href":"https:\/\/surmelihotels.com\/ankara\/wp-json\/wp\/v2\/pages"}],"about":[{"href":"https:\/\/surmelihotels.com\/ankara\/wp-json\/wp\/v2\/types\/page"}],"author":[{"embeddable":true,"href":"https:\/\/surmelihotels.com\/ankara\/wp-json\/wp\/v2\/users\/1"}],"replies":[{"embeddable":true,"href":"https:\/\/surmelihotels.com\/ankara\/wp-json\/wp\/v2\/comments?post=620"}],"version-history":[{"count":9,"href":"https:\/\/surmelihotels.com\/ankara\/wp-json\/wp\/v2\/pages\/620\/revisions"}],"predecessor-version":[{"id":1076,"href":"https:\/\/surmelihotels.com\/ankara\/wp-json\/wp\/v2\/pages\/620\/revisions\/1076"}],"wp:attachment":[{"href":"https:\/\/surmelihotels.com\/ankara\/wp-json\/wp\/v2\/media?parent=620"}],"curies":[{"name":"wp","href":"https:\/\/api.w.org\/{rel}","templated":true}]}}