{"id":625,"date":"2024-02-25T17:29:41","date_gmt":"2024-02-25T17:29:41","guid":{"rendered":"https:\/\/surmelihotels.com\/ankara\/?page_id=625"},"modified":"2024-03-09T15:10:11","modified_gmt":"2024-03-09T15:10:11","slug":"aile-suiti","status":"publish","type":"page","link":"https:\/\/surmelihotels.com\/ankara\/aile-suiti\/","title":{"rendered":"Aile Suiti"},"content":{"rendered":"\t<section class=\"section dark\" id=\"section_1935530533\">\n\t\t<div class=\"bg section-bg fill bg-fill  \" >\n\n\t\t\t\n\t\t\t\n\t\t\t\n\n\t\t<\/div>\n\n\t\t\n\n\t\t<div class=\"section-content relative\">\n\t\t\t\n\t\t<\/div>\n\n\t\t\n<style>\n#section_1935530533 {\n  padding-top: 30px;\n  padding-bottom: 30px;\n  min-height: 300px;\n}\n#section_1935530533 .section-bg.bg-loaded {\n  background-image: url(https:\/\/surmelihotels.com\/ankara\/wp-content\/uploads\/2024\/03\/Delux-Suite-Banner.jpg);\n}\n#section_1935530533 .section-bg {\n  background-position: 50% 37%;\n}\n<\/style>\n\t<\/section>\n\t\n\t<section class=\"section\" id=\"section_2030338848\">\n\t\t<div class=\"bg section-bg fill bg-fill  bg-loaded\" >\n\n\t\t\t\n\t\t\t<div class=\"section-bg-overlay absolute fill\"><\/div>\n\t\t\t\n\n\t\t<\/div>\n\n\t\t\n\n\t\t<div class=\"section-content relative\">\n\t\t\t\n<div class=\"row\"  id=\"row-1567965013\">\n\n\t<div id=\"col-1081453918\" class=\"col small-12 large-12\"  >\n\t\t\t\t<div class=\"col-inner\"  >\n\t\t\t\n\t\t\t\n<div class=\"row\"  id=\"row-840054719\">\n\n\t<div id=\"col-884077027\" class=\"col small-12 large-12\"  >\n\t\t\t\t<div class=\"col-inner\"  >\n\t\t\t\n\t\t\t\n\t<div id=\"text-3256385437\" class=\"text\">\n\t\t\n<h2><span style=\"color: #c7ab5e;\">Aile Suiti<\/span><\/h2>\n\t\t\n<style>\n#text-3256385437 {\n  text-align: left;\n}\n<\/style>\n\t<\/div>\n\t\n<div class=\"text-center\"><div class=\"is-divider divider clearfix\" style=\"max-width:1050px;height:1px;background-color:rgb(199, 171, 94);\"><\/div><\/div>\n\t\t<\/div>\n\t\t\t\t\n<style>\n#col-884077027 > .col-inner {\n  margin: 0px 0px -50px 0px;\n}\n<\/style>\n\t<\/div>\n\n\t\n<\/div>\n\t\t<\/div>\n\t\t\t\t\t<\/div>\n\n\t\n<\/div>\n<div class=\"row\"  id=\"row-659979764\">\n\n\t<div id=\"col-1655965128\" class=\"col medium-6 small-12 large-6\"  >\n\t\t\t\t<div class=\"col-inner text-right\"  >\n\t\t\t\n\t\t\t\n\t<div class=\"img has-hover x md-x lg-x y md-y lg-y\" id=\"image_1484817410\">\n\t\t\t\t\t\t\t\t<div class=\"img-inner dark\" >\n\t\t\t<img loading=\"lazy\" decoding=\"async\" width=\"1020\" height=\"680\" src=\"https:\/\/surmelihotels.com\/ankara\/wp-content\/uploads\/2024\/03\/1822016165327136-1200x800.jpg\" class=\"attachment-large size-large\" alt=\"\" srcset=\"https:\/\/surmelihotels.com\/ankara\/wp-content\/uploads\/2024\/03\/1822016165327136-1200x800.jpg 1200w, https:\/\/surmelihotels.com\/ankara\/wp-content\/uploads\/2024\/03\/1822016165327136-600x400.jpg 600w, https:\/\/surmelihotels.com\/ankara\/wp-content\/uploads\/2024\/03\/1822016165327136-768x512.jpg 768w, https:\/\/surmelihotels.com\/ankara\/wp-content\/uploads\/2024\/03\/1822016165327136.jpg 1327w\" sizes=\"auto, (max-width: 1020px) 100vw, 1020px\" \/>\t\t\t\t\t\t\n\t\t\t\t\t<\/div>\n\t\t\t\t\t\t\t\t\n<style>\n#image_1484817410 {\n  width: 100%;\n}\n<\/style>\n\t<\/div>\n\t\n\t\t<\/div>\n\t\t\t\t\t<\/div>\n\n\t\n\n\t<div id=\"col-1185712793\" class=\"col medium-6 small-12 large-6\"  >\n\t\t\t\t<div class=\"col-inner\"  >\n\t\t\t\n\t\t\t\n\t<div id=\"text-3463420099\" class=\"text\">\n\t\t\n<p><span style=\"color: #000000;\">50 M2\u00a0 geni\u015fli\u011finde yatak odas\u0131 ve ayr\u0131 oturma salonundan olu\u015fan suite odada\u00a0 giri\u015f hol\u00fc,kahve-\u00e7ay seti\u00a0 ,minibar,\u00a0\u00a0 \u00e7al\u0131\u015fma masas\u0131 ve oturma grubu\u00a0 ile geni\u015f ve konforlu banyosunda\u00a0 jakuzili kuvet konforunuza sunulmaktad\u0131r.<\/span><\/p>\n<p><span style=\"color: #000000;\">Oturma salonunda aileniz i\u00e7in\u00a0 ihtiyaca g\u00f6re tek veya iki \u00a0ki\u015filik\u00a0 ergonomik yatak bulunmaktad\u0131r.<\/span><\/p>\n\t\t\n<style>\n#text-3463420099 {\n  font-size: 0.85rem;\n  line-height: 1.45;\n}\n@media (min-width:550px) {\n  #text-3463420099 {\n    font-size: 0.85rem;\n    line-height: 1.35;\n  }\n}\n<\/style>\n\t<\/div>\n\t\n\t\t<\/div>\n\t\t\t\t\n<style>\n#col-1185712793 > .col-inner {\n  padding: 0px 0px 0px 0px;\n}\n@media (min-width:550px) {\n  #col-1185712793 > .col-inner {\n    padding: 110px 0px 0px 0px;\n  }\n}\n<\/style>\n\t<\/div>\n\n\t\n<\/div>\n<div class=\"row\"  id=\"row-399617039\">\n\n\t<div id=\"col-740895290\" class=\"col medium-4 small-12 large-4\"  >\n\t\t\t\t<div class=\"col-inner\"  >\n\t\t\t\n\t\t\t\n\t<div class=\"img has-hover x md-x lg-x y md-y lg-y\" id=\"image_1235318201\">\n\t\t\t\t\t\t\t\t<div class=\"img-inner dark\" >\n\t\t\t<img loading=\"lazy\" decoding=\"async\" width=\"1020\" height=\"680\" src=\"https:\/\/surmelihotels.com\/ankara\/wp-content\/uploads\/2024\/03\/1822016164426355-1200x800.jpg\" class=\"attachment-large size-large\" alt=\"\" srcset=\"https:\/\/surmelihotels.com\/ankara\/wp-content\/uploads\/2024\/03\/1822016164426355-1200x800.jpg 1200w, https:\/\/surmelihotels.com\/ankara\/wp-content\/uploads\/2024\/03\/1822016164426355-600x400.jpg 600w, https:\/\/surmelihotels.com\/ankara\/wp-content\/uploads\/2024\/03\/1822016164426355-768x512.jpg 768w, https:\/\/surmelihotels.com\/ankara\/wp-content\/uploads\/2024\/03\/1822016164426355.jpg 1327w\" sizes=\"auto, (max-width: 1020px) 100vw, 1020px\" \/>\t\t\t\t\t\t\n\t\t\t\t\t<\/div>\n\t\t\t\t\t\t\t\t\n<style>\n#image_1235318201 {\n  width: 100%;\n}\n<\/style>\n\t<\/div>\n\t\n\t\t<\/div>\n\t\t\t\t\t<\/div>\n\n\t\n\n\t<div id=\"col-404100828\" class=\"col medium-4 small-12 large-4\"  >\n\t\t\t\t<div class=\"col-inner\"  >\n\t\t\t\n\t\t\t\n\t<div class=\"img has-hover x md-x lg-x y md-y lg-y\" id=\"image_1052363915\">\n\t\t\t\t\t\t\t\t<div class=\"img-inner dark\" >\n\t\t\t<img loading=\"lazy\" decoding=\"async\" width=\"1020\" height=\"679\" src=\"https:\/\/surmelihotels.com\/ankara\/wp-content\/uploads\/2024\/03\/29220161216643.jpg\" class=\"attachment-large size-large\" alt=\"\" srcset=\"https:\/\/surmelihotels.com\/ankara\/wp-content\/uploads\/2024\/03\/29220161216643.jpg 1064w, https:\/\/surmelihotels.com\/ankara\/wp-content\/uploads\/2024\/03\/29220161216643-601x400.jpg 601w, https:\/\/surmelihotels.com\/ankara\/wp-content\/uploads\/2024\/03\/29220161216643-768x511.jpg 768w\" sizes=\"auto, (max-width: 1020px) 100vw, 1020px\" \/>\t\t\t\t\t\t\n\t\t\t\t\t<\/div>\n\t\t\t\t\t\t\t\t\n<style>\n#image_1052363915 {\n  width: 100%;\n}\n<\/style>\n\t<\/div>\n\t\n\t\t<\/div>\n\t\t\t\t\t<\/div>\n\n\t\n\n\t<div id=\"col-462675478\" class=\"col medium-4 small-12 large-4\"  >\n\t\t\t\t<div class=\"col-inner\"  >\n\t\t\t\n\t\t\t\n\t<div class=\"img has-hover x md-x lg-x y md-y lg-y\" id=\"image_1155083949\">\n\t\t\t\t\t\t\t\t<div class=\"img-inner dark\" >\n\t\t\t<img loading=\"lazy\" decoding=\"async\" width=\"1020\" height=\"680\" src=\"https:\/\/surmelihotels.com\/ankara\/wp-content\/uploads\/2024\/03\/182201617443168-1200x800.jpg\" class=\"attachment-large size-large\" alt=\"\" srcset=\"https:\/\/surmelihotels.com\/ankara\/wp-content\/uploads\/2024\/03\/182201617443168-1200x800.jpg 1200w, https:\/\/surmelihotels.com\/ankara\/wp-content\/uploads\/2024\/03\/182201617443168-600x400.jpg 600w, https:\/\/surmelihotels.com\/ankara\/wp-content\/uploads\/2024\/03\/182201617443168-768x512.jpg 768w, https:\/\/surmelihotels.com\/ankara\/wp-content\/uploads\/2024\/03\/182201617443168.jpg 1327w\" sizes=\"auto, (max-width: 1020px) 100vw, 1020px\" \/>\t\t\t\t\t\t\n\t\t\t\t\t<\/div>\n\t\t\t\t\t\t\t\t\n<style>\n#image_1155083949 {\n  width: 100%;\n}\n<\/style>\n\t<\/div>\n\t\n\t\t<\/div>\n\t\t\t\t\t<\/div>\n\n\t\n<\/div>\n<div class=\"row\"  id=\"row-1239263368\">\n\n\t<div id=\"col-548419876\" class=\"col medium-3 small-6 large-3\"  >\n\t\t\t\t<div class=\"col-inner\"  >\n\t\t\t\n\t\t\t\n\t<div id=\"text-3282688688\" class=\"text\">\n\t\t\n<p><span style=\"color: #000000;\"><img loading=\"lazy\" decoding=\"async\" class=\"alignnone wp-image-556\" src=\"https:\/\/surmelihotels.com\/ankara\/wp-content\/uploads\/2024\/02\/check-1.png\" alt=\"\" width=\"15\" height=\"14\" \/> \u00a0 75 m<sup>2<\/sup><\/span><\/p>\n<p><span style=\"color: #000000;\"><img loading=\"lazy\" decoding=\"async\" class=\"alignnone wp-image-556\" src=\"https:\/\/surmelihotels.com\/ankara\/wp-content\/uploads\/2024\/02\/check-1.png\" alt=\"\" width=\"15\" height=\"14\" \/>\u00a0 \u00c7al\u0131\u015fma masas\u0131<\/span><\/p>\n<p><span style=\"color: #000000; font-size: 14.4px;\"><img loading=\"lazy\" decoding=\"async\" class=\"alignnone wp-image-556\" src=\"https:\/\/surmelihotels.com\/ankara\/wp-content\/uploads\/2024\/02\/check-1.png\" alt=\"\" width=\"15\" height=\"14\" \/>\u00a0 Su \u0131s\u0131t\u0131c\u0131s\u0131<\/span><\/p>\n<p><span style=\"color: #000000; font-size: 14.4px;\"><img loading=\"lazy\" decoding=\"async\" class=\"alignnone wp-image-556\" src=\"https:\/\/surmelihotels.com\/ankara\/wp-content\/uploads\/2024\/02\/check-1.png\" alt=\"\" width=\"15\" height=\"14\" \/>\u00a0 \u00dccretsiz internet<\/span><\/p>\n<p><span style=\"color: #000000; font-size: 14.4px;\"><img loading=\"lazy\" decoding=\"async\" class=\"alignnone wp-image-556\" src=\"https:\/\/surmelihotels.com\/ankara\/wp-content\/uploads\/2024\/02\/check-1.png\" alt=\"\" width=\"15\" height=\"14\" \/>\u00a0 Transfer servisi<\/span><i class=\"fusion-li-icon icon-hotel-check-circle-regular\" aria-hidden=\"true\"><\/i><\/p>\n\t\t\n<style>\n#text-3282688688 {\n  font-size: 0.8rem;\n  line-height: 0.8;\n}\n@media (min-width:550px) {\n  #text-3282688688 {\n    font-size: 0.9rem;\n    line-height: 0.85;\n  }\n}\n<\/style>\n\t<\/div>\n\t\n\t\t<\/div>\n\t\t\t\t\t<\/div>\n\n\t\n\n\t<div id=\"col-1216536871\" class=\"col medium-3 small-6 large-3\"  >\n\t\t\t\t<div class=\"col-inner\"  >\n\t\t\t\n\t\t\t\n\t<div id=\"text-3322714325\" class=\"text\">\n\t\t\n<p><span style=\"color: #000000;\"><img loading=\"lazy\" decoding=\"async\" class=\"alignnone wp-image-556\" src=\"https:\/\/surmelihotels.com\/ankara\/wp-content\/uploads\/2024\/02\/check-1.png\" alt=\"\" width=\"15\" height=\"14\" \/>\u00a0 Bagaj muhafaza<\/span><\/p>\n<p><span style=\"color: #000000;\"><img loading=\"lazy\" decoding=\"async\" class=\"alignnone wp-image-556\" src=\"https:\/\/surmelihotels.com\/ankara\/wp-content\/uploads\/2024\/02\/check-1.png\" alt=\"\" width=\"15\" height=\"14\" \/>\u00a0 Geni\u015f g\u00f6mme dolaplar<\/span><\/p>\n<p><span style=\"color: #000000; font-size: 14.4px;\"><img loading=\"lazy\" decoding=\"async\" class=\"alignnone wp-image-556\" src=\"https:\/\/surmelihotels.com\/ankara\/wp-content\/uploads\/2024\/02\/check-1.png\" alt=\"\" width=\"15\" height=\"14\" \/>\u00a0 Klima<\/span><\/p>\n<p><span style=\"color: #000000; font-size: 14.4px;\"><img loading=\"lazy\" decoding=\"async\" class=\"alignnone wp-image-556\" src=\"https:\/\/surmelihotels.com\/ankara\/wp-content\/uploads\/2024\/02\/check-1.png\" alt=\"\" width=\"15\" height=\"14\" \/>\u00a0 Sa\u00e7 kurutma mak.<\/span><\/p>\n<p><span style=\"color: #000000; font-size: 14.4px;\"><img loading=\"lazy\" decoding=\"async\" class=\"alignnone wp-image-556\" src=\"https:\/\/surmelihotels.com\/ankara\/wp-content\/uploads\/2024\/02\/check-1.png\" alt=\"\" width=\"15\" height=\"14\" \/> 24 saat oda servisi<\/span><i class=\"fusion-li-icon icon-hotel-check-circle-regular\" aria-hidden=\"true\"><\/i><\/p>\n\t\t\n<style>\n#text-3322714325 {\n  font-size: 0.8rem;\n  line-height: 0.8;\n}\n@media (min-width:550px) {\n  #text-3322714325 {\n    font-size: 0.9rem;\n    line-height: 0.85;\n  }\n}\n<\/style>\n\t<\/div>\n\t\n\t\t<\/div>\n\t\t\t\t\t<\/div>\n\n\t\n\n\t<div id=\"col-1646904571\" class=\"col medium-3 small-6 large-3\"  >\n\t\t\t\t<div class=\"col-inner\"  >\n\t\t\t\n\t\t\t\n\t<div id=\"text-2123272264\" class=\"text\">\n\t\t\n<p><span style=\"color: #000000;\"><img loading=\"lazy\" decoding=\"async\" class=\"alignnone wp-image-556\" src=\"https:\/\/surmelihotels.com\/ankara\/wp-content\/uploads\/2024\/02\/check-1.png\" alt=\"\" width=\"15\" height=\"14\" \/> Business Center<\/span><\/p>\n<p><span style=\"color: #000000;\"><img loading=\"lazy\" decoding=\"async\" class=\"alignnone wp-image-556\" src=\"https:\/\/surmelihotels.com\/ankara\/wp-content\/uploads\/2024\/02\/check-1.png\" alt=\"\" width=\"15\" height=\"14\" \/> Bornoz ve terlik<\/span><\/p>\n<p><span style=\"color: #000000; font-size: 14.4px;\"><img loading=\"lazy\" decoding=\"async\" class=\"alignnone wp-image-556\" src=\"https:\/\/surmelihotels.com\/ankara\/wp-content\/uploads\/2024\/02\/check-1.png\" alt=\"\" width=\"15\" height=\"14\" \/> Sauna<\/span><\/p>\n<p><span style=\"color: #000000; font-size: 14.4px;\"><img loading=\"lazy\" decoding=\"async\" class=\"alignnone wp-image-556\" src=\"https:\/\/surmelihotels.com\/ankara\/wp-content\/uploads\/2024\/02\/check-1.png\" alt=\"\" width=\"15\" height=\"14\" \/> Uydu kanallar\u0131<\/span><\/p>\n<p><span style=\"color: #000000; font-size: 14.4px;\"><img loading=\"lazy\" decoding=\"async\" class=\"alignnone wp-image-556\" src=\"https:\/\/surmelihotels.com\/ankara\/wp-content\/uploads\/2024\/02\/check-1.png\" alt=\"\" width=\"15\" height=\"14\" \/> Elektronik kasa<\/span><i class=\"fusion-li-icon icon-hotel-check-circle-regular\" aria-hidden=\"true\"><\/i><\/p>\n\t\t\n<style>\n#text-2123272264 {\n  font-size: 0.8rem;\n  line-height: 0.8;\n}\n@media (min-width:550px) {\n  #text-2123272264 {\n    font-size: 0.9rem;\n    line-height: 0.85;\n  }\n}\n<\/style>\n\t<\/div>\n\t\n\t\t<\/div>\n\t\t\t\t\t<\/div>\n\n\t\n\n\t<div id=\"col-5150603\" class=\"col medium-3 small-6 large-3\"  >\n\t\t\t\t<div class=\"col-inner\"  >\n\t\t\t\n\t\t\t\n\t<div id=\"text-2907052153\" class=\"text\">\n\t\t\n<p><span style=\"color: #000000;\"><img loading=\"lazy\" decoding=\"async\" class=\"alignnone wp-image-556\" src=\"https:\/\/surmelihotels.com\/ankara\/wp-content\/uploads\/2024\/02\/check-1.png\" alt=\"\" width=\"15\" height=\"14\" \/>\u00a0 Banyo k\u00fcveti<\/span><\/p>\n<p><span style=\"color: #000000;\"><img loading=\"lazy\" decoding=\"async\" class=\"alignnone wp-image-556\" src=\"https:\/\/surmelihotels.com\/ankara\/wp-content\/uploads\/2024\/02\/check-1.png\" alt=\"\" width=\"15\" height=\"14\" \/> Uyand\u0131rma servisi<\/span><\/p>\n<p><span style=\"color: #000000; font-size: 14.4px;\"><img loading=\"lazy\" decoding=\"async\" class=\"alignnone wp-image-556\" src=\"https:\/\/surmelihotels.com\/ankara\/wp-content\/uploads\/2024\/02\/check-1.png\" alt=\"\" width=\"15\" height=\"14\" \/> \u00dccretsiz otopark<\/span><\/p>\n<p><span style=\"color: #000000; font-size: 14.4px;\"><img loading=\"lazy\" decoding=\"async\" class=\"alignnone wp-image-556\" src=\"https:\/\/surmelihotels.com\/ankara\/wp-content\/uploads\/2024\/02\/check-1.png\" alt=\"\" width=\"15\" height=\"14\" \/> Kuru temizleme<\/span><\/p>\n<p><span style=\"color: #000000; font-size: 14.4px;\"><img loading=\"lazy\" decoding=\"async\" class=\"alignnone wp-image-556\" src=\"https:\/\/surmelihotels.com\/ankara\/wp-content\/uploads\/2024\/02\/check-1.png\" alt=\"\" width=\"15\" height=\"14\" \/> \u0130ki mini bar<\/span><i class=\"fusion-li-icon icon-hotel-check-circle-regular\" aria-hidden=\"true\"><\/i><\/p>\n\t\t\n<style>\n#text-2907052153 {\n  font-size: 0.8rem;\n  line-height: 0.8;\n  text-align: left;\n}\n@media (min-width:550px) {\n  #text-2907052153 {\n    font-size: 0.9rem;\n    line-height: 0.85;\n  }\n}\n<\/style>\n\t<\/div>\n\t\n\t\t<\/div>\n\t\t\t\t\t<\/div>\n\n\t\n<\/div>\n<div class=\"social-icons follow-icons full-width text-center\" ><a href=\"https:\/\/www.facebook.com\/SurmeliHotelsResorts\/\" target=\"_blank\" data-label=\"Facebook\" class=\"icon primary button circle facebook tooltip\" title=\"Facebook&amp;apos; ta takip et\" aria-label=\"Facebook&amp;apos; ta takip et\" rel=\"noopener nofollow\" ><i class=\"icon-facebook\" ><\/i><\/a><a href=\"https:\/\/www.instagram.com\/surmelihotels\/\" target=\"_blank\" data-label=\"Instagram\" class=\"icon primary button circle instagram tooltip\" title=\"Instagram&amp;apos; da takip et\" aria-label=\"Instagram&amp;apos; da takip et\" rel=\"noopener nofollow\" ><i class=\"icon-instagram\" ><\/i><\/a><a href=\"https:\/\/twitter.com\/surmelihotel\" data-label=\"X\" target=\"_blank\" class=\"icon primary button circle x tooltip\" title=\"Follow on X\" aria-label=\"Follow on X\" rel=\"noopener nofollow\" ><i class=\"icon-x\" ><\/i><\/a><a href=\"https:\/\/www.youtube.com\/channel\/UCkYLggujgzqMYrv2CxeWQrw\" data-label=\"YouTube\" target=\"_blank\" class=\"icon primary button circle youtube tooltip\" title=\"YouTube&amp;apos; da takip et\" aria-label=\"YouTube&amp;apos; da takip et\" rel=\"noopener nofollow\" ><i class=\"icon-youtube\" ><\/i><\/a><\/div>\n\t\t<\/div>\n\n\t\t\n<style>\n#section_2030338848 {\n  padding-top: 90px;\n  padding-bottom: 90px;\n  background-color: rgba(255, 255, 255, 0.971);\n}\n#section_2030338848 .section-bg-overlay {\n  background-color: rgba(255, 255, 255, 0);\n}\n<\/style>\n\t<\/section>\n\t\n","protected":false},"excerpt":{"rendered":"","protected":false},"author":1,"featured_media":0,"parent":0,"menu_order":0,"comment_status":"closed","ping_status":"closed","template":"page-blank.php","meta":{"footnotes":""},"class_list":["post-625","page","type-page","status-publish","hentry"],"_links":{"self":[{"href":"https:\/\/surmelihotels.com\/ankara\/wp-json\/wp\/v2\/pages\/625","targetHints":{"allow":["GET"]}}],"collection":[{"href":"https:\/\/surmelihotels.com\/ankara\/wp-json\/wp\/v2\/pages"}],"about":[{"href":"https:\/\/surmelihotels.com\/ankara\/wp-json\/wp\/v2\/types\/page"}],"author":[{"embeddable":true,"href":"https:\/\/surmelihotels.com\/ankara\/wp-json\/wp\/v2\/users\/1"}],"replies":[{"embeddable":true,"href":"https:\/\/surmelihotels.com\/ankara\/wp-json\/wp\/v2\/comments?post=625"}],"version-history":[{"count":10,"href":"https:\/\/surmelihotels.com\/ankara\/wp-json\/wp\/v2\/pages\/625\/revisions"}],"predecessor-version":[{"id":1079,"href":"https:\/\/surmelihotels.com\/ankara\/wp-json\/wp\/v2\/pages\/625\/revisions\/1079"}],"wp:attachment":[{"href":"https:\/\/surmelihotels.com\/ankara\/wp-json\/wp\/v2\/media?parent=625"}],"curies":[{"name":"wp","href":"https:\/\/api.w.org\/{rel}","templated":true}]}}