{"id":370,"date":"2024-02-24T20:04:30","date_gmt":"2024-02-24T20:04:30","guid":{"rendered":"https:\/\/surmelihotels.com\/istanbul\/?page_id=370"},"modified":"2024-03-21T10:51:44","modified_gmt":"2024-03-21T10:51:44","slug":"iletisim","status":"publish","type":"page","link":"https:\/\/surmelihotels.com\/istanbul\/iletisim\/","title":{"rendered":"\u0130leti\u015fim"},"content":{"rendered":"\t<section class=\"section dark\" id=\"section_1313036034\">\n\t\t<div class=\"bg section-bg fill bg-fill  \" >\n\n\t\t\t\n\t\t\t<div class=\"section-bg-overlay absolute fill\"><\/div>\n\t\t\t\n\n\t\t<\/div>\n\n\t\t\n\n\t\t<div class=\"section-content relative\">\n\t\t\t\n\t\t<\/div>\n\n\t\t\n<style>\n#section_1313036034 {\n  padding-top: 140px;\n  padding-bottom: 140px;\n  background-color: rgb(40, 40, 40);\n}\n#section_1313036034 .section-bg-overlay {\n  background-color: rgba(0, 0, 0, 0.3);\n}\n#section_1313036034 .section-bg.bg-loaded {\n  background-image: url(https:\/\/surmelihotels.com\/istanbul\/wp-content\/uploads\/2024\/02\/2422016153339226.png);\n}\n#section_1313036034 .section-bg {\n  background-position: 48% 50%;\n}\n<\/style>\n\t<\/section>\n\t\n\t<section class=\"section\" id=\"section_1903551161\">\n\t\t<div class=\"bg section-bg fill bg-fill  bg-loaded\" >\n\n\t\t\t\n\t\t\t\n\t\t\t\n\n\t\t<\/div>\n\n\t\t\n\n\t\t<div class=\"section-content relative\">\n\t\t\t\n<div class=\"row\"  id=\"row-1640411098\">\n\n\t<div id=\"col-897472677\" class=\"col small-12 large-12\"  >\n\t\t\t\t<div class=\"col-inner\"  >\n\t\t\t\n\t\t\t\n<div class=\"row align-equal\"  id=\"row-121545391\">\n\n\t<div id=\"col-951345651\" class=\"col medium-6 small-12 large-6\"  >\n\t\t\t\t<div class=\"col-inner text-center\"  >\n\t\t\t\n\t\t\t\n\n\t\t<div class=\"icon-box featured-box icon-box-center text-center\"  >\n\t\t\t\t\t<div class=\"icon-box-img\" style=\"width: 60px\">\n\t\t\t\t<div class=\"icon\">\n\t\t\t\t\t<div class=\"icon-inner\" >\n\t\t\t\t\t\t<img loading=\"lazy\" decoding=\"async\" width=\"300\" height=\"375\" src=\"https:\/\/surmelihotels.com\/istanbul\/wp-content\/uploads\/2024\/02\/Konum.png\" class=\"attachment-medium size-medium\" alt=\"\" \/>\t\t\t\t\t<\/div>\n\t\t\t\t<\/div>\n\t\t\t<\/div>\n\t\t\t\t<div class=\"icon-box-text last-reset\">\n\t\t\t\t\t\t\t\t\t\n<h4>S\u00fcrmeli Hotels \u0130stanbul<\/h4>\n<p><strong>Adres:<\/strong><br \/>Prof. Dr. B\u00fclent Tarcan Sokak No:3\u00a0<br \/>Gayrettepe \u0130stanbul \/ T\u00fcrkiye<\/p>\n<p><strong>Telefon:<\/strong><br \/>+90 212 272 11 61 pbx<\/p>\n<p><strong>E-mail:<\/strong><br \/><a href=\"mailto:info@surmelihotels.com\">info@surmelihotels.com<\/a><\/p>\n\t<div id=\"gap-419920804\" class=\"gap-element clearfix\" style=\"display:block; height:auto;\">\n\t\t\n<style>\n#gap-419920804 {\n  padding-top: 20px;\n}\n<\/style>\n\t<\/div>\n\t\n<a class=\"button secondary\"  >\n    <span>+ 90 212 272 11 60<\/span>\n  <\/a>\n\n\t\t<\/div>\n\t<\/div>\n\t\n\t\n\t\t<\/div>\n\t\t\t\t\t<\/div>\n\n\t\n\n\t<div id=\"col-2021102720\" class=\"col medium-6 small-12 large-6\"  >\n\t\t\t\t<div class=\"col-inner text-center\"  >\n\t\t\t\n\t\t\t\n\n\t\t<div class=\"icon-box featured-box icon-box-center text-center\"  >\n\t\t\t\t\t<div class=\"icon-box-img\" style=\"width: 60px\">\n\t\t\t\t<div class=\"icon\">\n\t\t\t\t\t<div class=\"icon-inner\" >\n\t\t\t\t\t\t<img loading=\"lazy\" decoding=\"async\" width=\"300\" height=\"375\" src=\"https:\/\/surmelihotels.com\/istanbul\/wp-content\/uploads\/2024\/02\/Konum.png\" class=\"attachment-medium size-medium\" alt=\"\" \/>\t\t\t\t\t<\/div>\n\t\t\t\t<\/div>\n\t\t\t<\/div>\n\t\t\t\t<div class=\"icon-box-text last-reset\">\n\t\t\t\t\t\t\t\t\t\n<h4>S\u00fcrmeli Hotels Adana<\/h4>\n<p><strong>Adres:<\/strong><br \/>\u00d6zler Caddesi 01060<br \/>Kuru K\u00f6pr\u00fc Adana \/ T\u00fcrkiye<\/p>\n<p><strong>Telefon:<\/strong><br \/>+90 322 252 36 00<\/p>\n<p><strong>E-mail:<\/strong><br \/><a href=\"mailto:salesadana@surmelihotels.com\">salesadana@surmelihotels.com<\/a><\/p>\n\t<div id=\"gap-1551711913\" class=\"gap-element clearfix\" style=\"display:block; height:auto;\">\n\t\t\n<style>\n#gap-1551711913 {\n  padding-top: 20px;\n}\n<\/style>\n\t<\/div>\n\t\n\t\t<\/div>\n\t<\/div>\n\t\n\t\n<a class=\"button secondary\"  >\n    <span>+ 90 322 352 36 00<\/span>\n  <\/a>\n\n\t\t<\/div>\n\t\t\t\t\t<\/div>\n\n\t\n\n\t<div id=\"col-454617916\" class=\"col small-12 large-12\"  >\n\t\t\t\t<div class=\"col-inner text-center\" style=\"background-color:rgb(255,255,255);\" >\n\t\t\t\n\t\t\t\n<h2><span style=\"color: #c7ab5e;\">\u0130leti\u015fim Formu<\/span><\/h2>\n<div class=\"is-divider divider clearfix\" style=\"max-width:300px;height:1px;background-color:rgb(199, 171, 94);\"><\/div>\n<div class=\"row align-center\"  id=\"row-1371709450\">\n\n\t<div id=\"col-1721128023\" class=\"col medium-11 small-12 large-9\"  >\n\t\t\t\t<div class=\"col-inner text-left\"  >\n\t\t\t\n\t\t\t\n\n<div class=\"wpcf7 no-js\" id=\"wpcf7-f320-o1\" lang=\"tr-TR\" dir=\"ltr\" data-wpcf7-id=\"320\">\n<div class=\"screen-reader-response\"><p role=\"status\" aria-live=\"polite\" aria-atomic=\"true\"><\/p> <ul><\/ul><\/div>\n<form action=\"\/istanbul\/wp-json\/wp\/v2\/pages\/370#wpcf7-f320-o1\" method=\"post\" class=\"wpcf7-form init\" aria-label=\"\u0130leti\u015fim Formu\" novalidate=\"novalidate\" data-status=\"init\">\n<fieldset class=\"hidden-fields-container\"><input type=\"hidden\" name=\"_wpcf7\" value=\"320\" \/><input type=\"hidden\" name=\"_wpcf7_version\" value=\"6.1.4\" \/><input type=\"hidden\" name=\"_wpcf7_locale\" value=\"tr_TR\" \/><input type=\"hidden\" name=\"_wpcf7_unit_tag\" value=\"wpcf7-f320-o1\" \/><input type=\"hidden\" name=\"_wpcf7_container_post\" value=\"0\" \/><input type=\"hidden\" name=\"_wpcf7_posted_data_hash\" value=\"\" \/>\n<\/fieldset>\n<p><label> Ad\u0131n\u0131z<br \/>\n<span class=\"wpcf7-form-control-wrap\" data-name=\"your-name\"><input size=\"40\" maxlength=\"400\" class=\"wpcf7-form-control wpcf7-text wpcf7-validates-as-required\" autocomplete=\"name\" aria-required=\"true\" aria-invalid=\"false\" value=\"\" type=\"text\" name=\"your-name\" \/><\/span> <\/label>\n<\/p>\n<p><label> E-posta adresiniz<br \/>\n<span class=\"wpcf7-form-control-wrap\" data-name=\"your-email\"><input size=\"40\" maxlength=\"400\" class=\"wpcf7-form-control wpcf7-email wpcf7-validates-as-required wpcf7-text wpcf7-validates-as-email\" autocomplete=\"email\" aria-required=\"true\" aria-invalid=\"false\" value=\"\" type=\"email\" name=\"your-email\" \/><\/span> <\/label>\n<\/p>\n<p><label> Konu<br \/>\n<span class=\"wpcf7-form-control-wrap\" data-name=\"your-subject\"><input size=\"40\" maxlength=\"400\" class=\"wpcf7-form-control wpcf7-text wpcf7-validates-as-required\" aria-required=\"true\" aria-invalid=\"false\" value=\"\" type=\"text\" name=\"your-subject\" \/><\/span> <\/label>\n<\/p>\n<p><label> \u0130letiniz (tercihe ba\u011fl\u0131)<br \/>\n<span class=\"wpcf7-form-control-wrap\" data-name=\"your-message\"><textarea cols=\"40\" rows=\"10\" maxlength=\"2000\" class=\"wpcf7-form-control wpcf7-textarea\" aria-invalid=\"false\" name=\"your-message\"><\/textarea><\/span> <\/label>\n<\/p>\n<p><input class=\"wpcf7-form-control wpcf7-submit has-spinner\" type=\"submit\" value=\"G\u00f6nder\" \/>\n<\/p><div class=\"wpcf7-response-output\" aria-hidden=\"true\"><\/div>\n<\/form>\n<\/div>\n\n\t\t<\/div>\n\t\t\t\t\t<\/div>\n\n\t\n<\/div>\n<div class=\"row row-full-width align-center\"  id=\"row-1608777071\">\n\n\t<div id=\"col-1591330660\" class=\"col small-12 large-12\"  >\n\t\t\t\t<div class=\"col-inner text-center\"  >\n\t\t\t\n\t<div class=\"is-border\"\n\t\tstyle=\"border-color:rgb(130, 130, 130);border-width:1px 1px 1px 1px;margin:1px 1px 1px 1px;\">\n\t<\/div>\n\t\t\t\n\t<div class=\"img has-hover x md-x lg-x y md-y lg-y\" id=\"image_762056064\">\n\t\t<a class=\"\" href=\"https:\/\/www.google.com\/maps\/place\/S%C3%BCrmeli\/@41.0650929,29.0005418,17z\/data=!4m9!3m8!1s0x14cab654482eb9c5:0xf5a6c8eef1281797!5m2!4m1!1i2!8m2!3d41.0650889!4d29.0031167!16s%2Fg%2F1td81tgv?entry=ttu\" >\t\t\t\t\t\t<div class=\"img-inner dark\" style=\"margin:2px 2px 2px 2px;\">\n\t\t\t<img loading=\"lazy\" decoding=\"async\" width=\"1020\" height=\"307\" src=\"https:\/\/surmelihotels.com\/istanbul\/wp-content\/uploads\/2024\/03\/Surmeli-Harita-1400x422.jpg\" class=\"attachment-large size-large\" alt=\"\" srcset=\"https:\/\/surmelihotels.com\/istanbul\/wp-content\/uploads\/2024\/03\/Surmeli-Harita-1400x422.jpg 1400w, https:\/\/surmelihotels.com\/istanbul\/wp-content\/uploads\/2024\/03\/Surmeli-Harita-800x241.jpg 800w, https:\/\/surmelihotels.com\/istanbul\/wp-content\/uploads\/2024\/03\/Surmeli-Harita-768x232.jpg 768w, https:\/\/surmelihotels.com\/istanbul\/wp-content\/uploads\/2024\/03\/Surmeli-Harita-1536x463.jpg 1536w, https:\/\/surmelihotels.com\/istanbul\/wp-content\/uploads\/2024\/03\/Surmeli-Harita.jpg 1903w\" sizes=\"auto, (max-width: 1020px) 100vw, 1020px\" \/>\t\t\t\t\t\t\n\t\t\t\t\t<\/div>\n\t\t\t\t\t\t<\/a>\t\t\n<style>\n#image_762056064 {\n  width: 100%;\n}\n<\/style>\n\t<\/div>\n\t\n\t\t<\/div>\n\t\t\t\t\t<\/div>\n\n\t\n\n<style>\n#row-1608777071 > .col > .col-inner {\n  padding: 3px 3px 3px 3px;\n}\n<\/style>\n<\/div>\n\t\t<\/div>\n\t\t\t\t\t<\/div>\n\n\t\n\n<style>\n#row-121545391 > .col > .col-inner {\n  padding: 40px 40px 40px 40px;\n  background-color: rgb(255,255,255);\n}\n<\/style>\n<\/div>\n\t\t<\/div>\n\t\t\t\t\n<style>\n#col-897472677 > .col-inner {\n  margin: -100px 0px 0px 0px;\n}\n<\/style>\n\t<\/div>\n\n\t\n<\/div>\n\t\t<\/div>\n\n\t\t\n<style>\n#section_1903551161 {\n  padding-top: 30px;\n  padding-bottom: 30px;\n}\n<\/style>\n\t<\/section>\n\t\n","protected":false},"excerpt":{"rendered":"","protected":false},"author":1,"featured_media":0,"parent":0,"menu_order":0,"comment_status":"closed","ping_status":"closed","template":"page-blank.php","meta":{"footnotes":""},"class_list":["post-370","page","type-page","status-publish","hentry"],"_links":{"self":[{"href":"https:\/\/surmelihotels.com\/istanbul\/wp-json\/wp\/v2\/pages\/370","targetHints":{"allow":["GET"]}}],"collection":[{"href":"https:\/\/surmelihotels.com\/istanbul\/wp-json\/wp\/v2\/pages"}],"about":[{"href":"https:\/\/surmelihotels.com\/istanbul\/wp-json\/wp\/v2\/types\/page"}],"author":[{"embeddable":true,"href":"https:\/\/surmelihotels.com\/istanbul\/wp-json\/wp\/v2\/users\/1"}],"replies":[{"embeddable":true,"href":"https:\/\/surmelihotels.com\/istanbul\/wp-json\/wp\/v2\/comments?post=370"}],"version-history":[{"count":43,"href":"https:\/\/surmelihotels.com\/istanbul\/wp-json\/wp\/v2\/pages\/370\/revisions"}],"predecessor-version":[{"id":1212,"href":"https:\/\/surmelihotels.com\/istanbul\/wp-json\/wp\/v2\/pages\/370\/revisions\/1212"}],"wp:attachment":[{"href":"https:\/\/surmelihotels.com\/istanbul\/wp-json\/wp\/v2\/media?parent=370"}],"curies":[{"name":"wp","href":"https:\/\/api.w.org\/{rel}","templated":true}]}}