{"id":603,"date":"2024-02-25T17:10:15","date_gmt":"2024-02-25T17:10:15","guid":{"rendered":"https:\/\/surmelihotels.com\/istanbul\/?page_id=603"},"modified":"2024-08-06T20:57:45","modified_gmt":"2024-08-06T20:57:45","slug":"grand-aile-suiti","status":"publish","type":"page","link":"https:\/\/surmelihotels.com\/istanbul\/grand-aile-suiti\/","title":{"rendered":"Grand Aile Suiti"},"content":{"rendered":"\t<section class=\"section dark\" id=\"section_120185696\">\n\t\t<div class=\"bg section-bg fill bg-fill  \" >\n\n\t\t\t\n\t\t\t\n\t\t\t\n\n\t\t<\/div>\n\n\t\t\n\n\t\t<div class=\"section-content relative\">\n\t\t\t\n\t\t<\/div>\n\n\t\t\n<style>\n#section_120185696 {\n  padding-top: 30px;\n  padding-bottom: 30px;\n  min-height: 300px;\n}\n#section_120185696 .section-bg.bg-loaded {\n  background-image: url(https:\/\/surmelihotels.com\/istanbul\/wp-content\/uploads\/2024\/03\/Odalar-Bn.jpg);\n}\n#section_120185696 .section-bg {\n  background-position: 50% 37%;\n}\n<\/style>\n\t<\/section>\n\t\n\t<section class=\"section\" id=\"section_1787024388\">\n\t\t<div class=\"bg section-bg fill bg-fill  bg-loaded\" >\n\n\t\t\t\n\t\t\t<div class=\"section-bg-overlay absolute fill\"><\/div>\n\t\t\t\n\n\t\t<\/div>\n\n\t\t\n\n\t\t<div class=\"section-content relative\">\n\t\t\t\n<div class=\"row\"  id=\"row-1801430033\">\n\n\t<div id=\"col-1719054296\" class=\"col small-12 large-12\"  >\n\t\t\t\t<div class=\"col-inner\"  >\n\t\t\t\n\t\t\t\n<div class=\"row\"  id=\"row-247236991\">\n\n\t<div id=\"col-485784289\" class=\"col small-12 large-12\"  >\n\t\t\t\t<div class=\"col-inner\"  >\n\t\t\t\n\t\t\t\n\t<div id=\"text-2086564111\" class=\"text\">\n\t\t\n<h2><span style=\"color: #c7ab5e;\">Grand Aile Suiti<\/span><\/h2>\n\t\t\n<style>\n#text-2086564111 {\n  text-align: left;\n}\n<\/style>\n\t<\/div>\n\t\n<div class=\"text-center\"><div class=\"is-divider divider clearfix\" style=\"max-width:1050px;height:1px;background-color:rgb(199, 171, 94);\"><\/div><\/div>\n\t\t<\/div>\n\t\t\t\t\t<\/div>\n\n\t\n<\/div>\n\t\t<\/div>\n\t\t\t\t\n<style>\n#col-1719054296 > .col-inner {\n  padding: 0px 0px 0px 0px;\n  margin: 0px 0px -50px 0px;\n}\n<\/style>\n\t<\/div>\n\n\t\n<\/div>\n<div class=\"row\"  id=\"row-599565774\">\n\n\t<div id=\"col-983955040\" class=\"col medium-6 small-12 large-6\"  >\n\t\t\t\t<div class=\"col-inner text-right\"  >\n\t\t\t\n\t\t\t\n\t<div class=\"img has-hover x md-x lg-x y md-y lg-y\" id=\"image_1141782004\">\n\t\t\t\t\t\t\t\t<div class=\"img-inner image-cover dark\" style=\"padding-top:75%;\">\n\t\t\t<img loading=\"lazy\" decoding=\"async\" width=\"576\" height=\"768\" src=\"https:\/\/surmelihotels.com\/istanbul\/wp-content\/uploads\/2024\/02\/Buyuk-Aile-Suit-03.jpg\" class=\"attachment-original size-original\" alt=\"\" srcset=\"https:\/\/surmelihotels.com\/istanbul\/wp-content\/uploads\/2024\/02\/Buyuk-Aile-Suit-03.jpg 576w, https:\/\/surmelihotels.com\/istanbul\/wp-content\/uploads\/2024\/02\/Buyuk-Aile-Suit-03-300x400.jpg 300w\" sizes=\"auto, (max-width: 576px) 100vw, 576px\" \/>\t\t\t\t\t\t\n\t\t\t\t\t<\/div>\n\t\t\t\t\t\t\t\t\n<style>\n#image_1141782004 {\n  width: 100%;\n}\n<\/style>\n\t<\/div>\n\t\n\t\t<\/div>\n\t\t\t\t\t<\/div>\n\n\t\n\n\t<div id=\"col-808773329\" class=\"col medium-6 small-12 large-6\"  >\n\t\t\t\t<div class=\"col-inner text-left\"  >\n\t\t\t\n\t\t\t\n\t<div id=\"text-3970368488\" class=\"text\">\n\t\t\n<p><span style=\"color: #000000;\">75 m2 \u00f6zel dekorasyonlu ile bir geni\u015f rahat yatak odas\u0131 ile\u00a0 \u00a0minimal mimaride tasarlanm\u0131\u015f modern ve ergonomik geni\u015f salonu bulunan s\u00fcite odada kendinizi \u00e7ok rahat hissedeceksiniz<\/span><\/p>\n<p><span style=\"color: #000000;\">Muhte\u015fem \u0130stanbul manzaras\u0131na sahip suit odan\u0131n salonunda t\u00fcm ihtiya\u00e7lar\u0131n\u0131z\u0131 kar\u015f\u0131layacak yemek masas\u0131, yan b\u00fcfesi, \u00f6zel \u00e7al\u0131\u015fma masas\u0131 , geni\u015f ve modern oturma gruplar\u0131.<\/span><\/p>\n<p><span style=\"color: #000000;\">\u00d6zel saunas\u0131 bulunan modern banyosu ,geni\u015f gardrop imkanlar\u0131 ile kendinizi ev konforunda hissedeceksiniz.<\/span><\/p>\n\t\t\n<style>\n#text-3970368488 {\n  font-size: 0.85rem;\n  line-height: 1.45;\n  color: rgba(0, 0, 0, 0.878);\n}\n#text-3970368488 > * {\n  color: rgba(0, 0, 0, 0.878);\n}\n@media (min-width:550px) {\n  #text-3970368488 {\n    font-size: 0.95rem;\n    line-height: 1.35;\n  }\n}\n<\/style>\n\t<\/div>\n\t\n<a href=\"https:\/\/www.reseliva.com\/booknow\/Surmeli-Hotel\/\" class=\"button primary is-small\"  >\n    <span>Online Rezervasyon<\/span>\n  <\/a>\n\n\t\t<\/div>\n\t\t\t\t\n<style>\n#col-808773329 > .col-inner {\n  padding: 0px 0px 15px 0px;\n  margin: 0px 0px 0px 0px;\n}\n@media (min-width:550px) {\n  #col-808773329 > .col-inner {\n    padding: 20px 0px 0px 0px;\n  }\n}\n@media (min-width:850px) {\n  #col-808773329 > .col-inner {\n    padding: 80px 0px 15px 0px;\n  }\n}\n<\/style>\n\t<\/div>\n\n\t\n<\/div>\n<div class=\"row\"  id=\"row-193068296\">\n\n\t<div id=\"col-1410838444\" class=\"col medium-4 small-12 large-4\"  >\n\t\t\t\t<div class=\"col-inner\"  >\n\t\t\t\n\t\t\t\n\t<div class=\"img has-hover x md-x lg-x y md-y lg-y\" id=\"image_607326057\">\n\t\t\t\t\t\t\t\t<div class=\"img-inner dark\" >\n\t\t\t<img loading=\"lazy\" decoding=\"async\" width=\"1020\" height=\"675\" src=\"https:\/\/surmelihotels.com\/istanbul\/wp-content\/uploads\/2024\/03\/Grand-Aile-Suit-Oda.jpg\" class=\"attachment-large size-large\" alt=\"\" srcset=\"https:\/\/surmelihotels.com\/istanbul\/wp-content\/uploads\/2024\/03\/Grand-Aile-Suit-Oda.jpg 1036w, https:\/\/surmelihotels.com\/istanbul\/wp-content\/uploads\/2024\/03\/Grand-Aile-Suit-Oda-604x400.jpg 604w, https:\/\/surmelihotels.com\/istanbul\/wp-content\/uploads\/2024\/03\/Grand-Aile-Suit-Oda-768x509.jpg 768w\" sizes=\"auto, (max-width: 1020px) 100vw, 1020px\" \/>\t\t\t\t\t\t\n\t\t\t\t\t<\/div>\n\t\t\t\t\t\t\t\t\n<style>\n#image_607326057 {\n  width: 100%;\n}\n<\/style>\n\t<\/div>\n\t\n\t\t<\/div>\n\t\t\t\t\t<\/div>\n\n\t\n\n\t<div id=\"col-1304458095\" class=\"col medium-4 small-12 large-4\"  >\n\t\t\t\t<div class=\"col-inner\"  >\n\t\t\t\n\t\t\t\n\t<div class=\"img has-hover x md-x lg-x y md-y lg-y\" id=\"image_1144524109\">\n\t\t\t\t\t\t\t\t<div class=\"img-inner dark\" >\n\t\t\t<img loading=\"lazy\" decoding=\"async\" width=\"1020\" height=\"675\" src=\"https:\/\/surmelihotels.com\/istanbul\/wp-content\/uploads\/2024\/03\/Sauna.jpg\" class=\"attachment-large size-large\" alt=\"\" srcset=\"https:\/\/surmelihotels.com\/istanbul\/wp-content\/uploads\/2024\/03\/Sauna.jpg 1036w, https:\/\/surmelihotels.com\/istanbul\/wp-content\/uploads\/2024\/03\/Sauna-604x400.jpg 604w, https:\/\/surmelihotels.com\/istanbul\/wp-content\/uploads\/2024\/03\/Sauna-768x509.jpg 768w\" sizes=\"auto, (max-width: 1020px) 100vw, 1020px\" \/>\t\t\t\t\t\t\n\t\t\t\t\t<\/div>\n\t\t\t\t\t\t\t\t\n<style>\n#image_1144524109 {\n  width: 100%;\n}\n<\/style>\n\t<\/div>\n\t\n\t\t<\/div>\n\t\t\t\t\t<\/div>\n\n\t\n\n\t<div id=\"col-1905349464\" class=\"col medium-4 small-12 large-4\"  >\n\t\t\t\t<div class=\"col-inner\"  >\n\t\t\t\n\t\t\t\n\t<div class=\"img has-hover x md-x lg-x y md-y lg-y\" id=\"image_29129503\">\n\t\t\t\t\t\t\t\t<div class=\"img-inner dark\" >\n\t\t\t<img loading=\"lazy\" decoding=\"async\" width=\"1020\" height=\"675\" src=\"https:\/\/surmelihotels.com\/istanbul\/wp-content\/uploads\/2024\/03\/Grand-Aile-Suit-Banyo.jpg\" class=\"attachment-large size-large\" alt=\"\" srcset=\"https:\/\/surmelihotels.com\/istanbul\/wp-content\/uploads\/2024\/03\/Grand-Aile-Suit-Banyo.jpg 1036w, https:\/\/surmelihotels.com\/istanbul\/wp-content\/uploads\/2024\/03\/Grand-Aile-Suit-Banyo-604x400.jpg 604w, https:\/\/surmelihotels.com\/istanbul\/wp-content\/uploads\/2024\/03\/Grand-Aile-Suit-Banyo-768x509.jpg 768w\" sizes=\"auto, (max-width: 1020px) 100vw, 1020px\" \/>\t\t\t\t\t\t\n\t\t\t\t\t<\/div>\n\t\t\t\t\t\t\t\t\n<style>\n#image_29129503 {\n  width: 100%;\n}\n<\/style>\n\t<\/div>\n\t\n\t\t<\/div>\n\t\t\t\t\t<\/div>\n\n\t\n<\/div>\n<div class=\"row\"  id=\"row-1894160816\">\n\n\t<div id=\"col-544161073\" class=\"col medium-3 small-6 large-3\"  >\n\t\t\t\t<div class=\"col-inner\"  >\n\t\t\t\n\t\t\t\n\t<div id=\"text-2612977761\" class=\"text\">\n\t\t\n<p><span style=\"color: #000000;\"><img loading=\"lazy\" decoding=\"async\" class=\"alignnone wp-image-556\" src=\"https:\/\/surmelihotels.com\/istanbul\/wp-content\/uploads\/2024\/02\/check-1.png\" alt=\"\" width=\"15\" height=\"14\" \/>\u00a0 \u00a075 m<sup>2<\/sup><\/span><\/p>\n<p><span style=\"color: #000000;\"><img loading=\"lazy\" decoding=\"async\" class=\"alignnone wp-image-556\" src=\"https:\/\/surmelihotels.com\/istanbul\/wp-content\/uploads\/2024\/02\/check-1.png\" alt=\"\" width=\"15\" height=\"14\" \/>\u00a0 \u00c7al\u0131\u015fma masas\u0131<\/span><\/p>\n<p><span style=\"color: #000000; font-size: 14.4px;\"><img loading=\"lazy\" decoding=\"async\" class=\"alignnone wp-image-556\" src=\"https:\/\/surmelihotels.com\/istanbul\/wp-content\/uploads\/2024\/02\/check-1.png\" alt=\"\" width=\"15\" height=\"14\" \/>\u00a0 Su \u0131s\u0131t\u0131c\u0131s\u0131<\/span><\/p>\n<p><span style=\"color: #000000; font-size: 14.4px;\"><img loading=\"lazy\" decoding=\"async\" class=\"alignnone wp-image-556\" src=\"https:\/\/surmelihotels.com\/istanbul\/wp-content\/uploads\/2024\/02\/check-1.png\" alt=\"\" width=\"15\" height=\"14\" \/>\u00a0 \u00dccretsiz internet<\/span><\/p>\n<p><span style=\"color: #000000; font-size: 14.4px;\"><img loading=\"lazy\" decoding=\"async\" class=\"alignnone wp-image-556\" src=\"https:\/\/surmelihotels.com\/istanbul\/wp-content\/uploads\/2024\/02\/check-1.png\" alt=\"\" width=\"15\" height=\"14\" \/>\u00a0 Transfer servisi<\/span><i class=\"fusion-li-icon icon-hotel-check-circle-regular\" aria-hidden=\"true\"><\/i><\/p>\n\t\t\n<style>\n#text-2612977761 {\n  font-size: 0.8rem;\n  line-height: 0.8;\n}\n@media (min-width:550px) {\n  #text-2612977761 {\n    font-size: 0.9rem;\n    line-height: 0.85;\n  }\n}\n<\/style>\n\t<\/div>\n\t\n\t\t<\/div>\n\t\t\t\t\t<\/div>\n\n\t\n\n\t<div id=\"col-515869639\" class=\"col medium-3 small-6 large-3\"  >\n\t\t\t\t<div class=\"col-inner\"  >\n\t\t\t\n\t\t\t\n\t<div id=\"text-2479450655\" class=\"text\">\n\t\t\n<p><span style=\"color: #000000;\"><img loading=\"lazy\" decoding=\"async\" class=\"alignnone wp-image-556\" src=\"https:\/\/surmelihotels.com\/istanbul\/wp-content\/uploads\/2024\/02\/check-1.png\" alt=\"\" width=\"15\" height=\"14\" \/>\u00a0 Bagaj muhafaza<\/span><\/p>\n<p><span style=\"color: #000000;\"><img loading=\"lazy\" decoding=\"async\" class=\"alignnone wp-image-556\" src=\"https:\/\/surmelihotels.com\/istanbul\/wp-content\/uploads\/2024\/02\/check-1.png\" alt=\"\" width=\"15\" height=\"14\" \/>\u00a0 Geni\u015f g\u00f6mme dolaplar<\/span><\/p>\n<p><span style=\"color: #000000; font-size: 14.4px;\"><img loading=\"lazy\" decoding=\"async\" class=\"alignnone wp-image-556\" src=\"https:\/\/surmelihotels.com\/istanbul\/wp-content\/uploads\/2024\/02\/check-1.png\" alt=\"\" width=\"15\" height=\"14\" \/>\u00a0 Klima<\/span><\/p>\n<p><span style=\"color: #000000; font-size: 14.4px;\"><img loading=\"lazy\" decoding=\"async\" class=\"alignnone wp-image-556\" src=\"https:\/\/surmelihotels.com\/istanbul\/wp-content\/uploads\/2024\/02\/check-1.png\" alt=\"\" width=\"15\" height=\"14\" \/>\u00a0 Sa\u00e7 kurutma mak.<\/span><\/p>\n<p><span style=\"color: #000000; font-size: 14.4px;\"><img loading=\"lazy\" decoding=\"async\" class=\"alignnone wp-image-556\" src=\"https:\/\/surmelihotels.com\/istanbul\/wp-content\/uploads\/2024\/02\/check-1.png\" alt=\"\" width=\"15\" height=\"14\" \/> 24 saat oda servisi<\/span><i class=\"fusion-li-icon icon-hotel-check-circle-regular\" aria-hidden=\"true\"><\/i><\/p>\n\t\t\n<style>\n#text-2479450655 {\n  font-size: 0.8rem;\n  line-height: 0.8;\n}\n@media (min-width:550px) {\n  #text-2479450655 {\n    font-size: 0.9rem;\n    line-height: 0.85;\n  }\n}\n<\/style>\n\t<\/div>\n\t\n\t\t<\/div>\n\t\t\t\t\t<\/div>\n\n\t\n\n\t<div id=\"col-887136478\" class=\"col medium-3 small-6 large-3\"  >\n\t\t\t\t<div class=\"col-inner\"  >\n\t\t\t\n\t\t\t\n\t<div id=\"text-245701579\" class=\"text\">\n\t\t\n<p><span style=\"color: #000000;\"><img loading=\"lazy\" decoding=\"async\" class=\"alignnone wp-image-556\" src=\"https:\/\/surmelihotels.com\/istanbul\/wp-content\/uploads\/2024\/02\/check-1.png\" alt=\"\" width=\"15\" height=\"14\" \/> Business Center<\/span><\/p>\n<p><span style=\"color: #000000;\"><img loading=\"lazy\" decoding=\"async\" class=\"alignnone wp-image-556\" src=\"https:\/\/surmelihotels.com\/istanbul\/wp-content\/uploads\/2024\/02\/check-1.png\" alt=\"\" width=\"15\" height=\"14\" \/> Bornoz ve terlik<\/span><\/p>\n<p><span style=\"color: #000000; font-size: 14.4px;\"><img loading=\"lazy\" decoding=\"async\" class=\"alignnone wp-image-556\" src=\"https:\/\/surmelihotels.com\/istanbul\/wp-content\/uploads\/2024\/02\/check-1.png\" alt=\"\" width=\"15\" height=\"14\" \/> Uydu kanallar\u0131<\/span><\/p>\n<p><span style=\"color: #000000; font-size: 14.4px;\"><img loading=\"lazy\" decoding=\"async\" class=\"alignnone wp-image-556\" src=\"https:\/\/surmelihotels.com\/istanbul\/wp-content\/uploads\/2024\/02\/check-1.png\" alt=\"\" width=\"15\" height=\"14\" \/> Elektronik kasa<\/span><i class=\"fusion-li-icon icon-hotel-check-circle-regular\" aria-hidden=\"true\"><\/i><\/p>\n\t\t\n<style>\n#text-245701579 {\n  font-size: 0.8rem;\n  line-height: 0.8;\n}\n@media (min-width:550px) {\n  #text-245701579 {\n    font-size: 0.9rem;\n    line-height: 0.85;\n  }\n}\n<\/style>\n\t<\/div>\n\t\n\t\t<\/div>\n\t\t\t\t\t<\/div>\n\n\t\n\n\t<div id=\"col-974069637\" class=\"col medium-3 small-6 large-3\"  >\n\t\t\t\t<div class=\"col-inner\"  >\n\t\t\t\n\t\t\t\n\t<div id=\"text-2444729668\" class=\"text\">\n\t\t\n<p><span style=\"color: #000000;\"><img loading=\"lazy\" decoding=\"async\" class=\"alignnone wp-image-556\" src=\"https:\/\/surmelihotels.com\/istanbul\/wp-content\/uploads\/2024\/02\/check-1.png\" alt=\"\" width=\"15\" height=\"14\" \/>\u00a0 Banyo k\u00fcveti<\/span><\/p>\n<p><span style=\"color: #000000;\"><img loading=\"lazy\" decoding=\"async\" class=\"alignnone wp-image-556\" src=\"https:\/\/surmelihotels.com\/istanbul\/wp-content\/uploads\/2024\/02\/check-1.png\" alt=\"\" width=\"15\" height=\"14\" \/> Uyand\u0131rma servisi<\/span><\/p>\n<p><span style=\"color: #000000; font-size: 14.4px;\"><img loading=\"lazy\" decoding=\"async\" class=\"alignnone wp-image-556\" src=\"https:\/\/surmelihotels.com\/istanbul\/wp-content\/uploads\/2024\/02\/check-1.png\" alt=\"\" width=\"15\" height=\"14\" \/> \u00dccretli otopark<\/span><\/p>\n<p><span style=\"color: #000000; font-size: 14.4px;\"><img loading=\"lazy\" decoding=\"async\" class=\"alignnone wp-image-556\" src=\"https:\/\/surmelihotels.com\/istanbul\/wp-content\/uploads\/2024\/02\/check-1.png\" alt=\"\" width=\"15\" height=\"14\" \/> Kuru temizleme<\/span><\/p>\n<p><span style=\"color: #000000; font-size: 14.4px;\"><img loading=\"lazy\" decoding=\"async\" class=\"alignnone wp-image-556\" src=\"https:\/\/surmelihotels.com\/istanbul\/wp-content\/uploads\/2024\/02\/check-1.png\" alt=\"\" width=\"15\" height=\"14\" \/> Mini bar<\/span><i class=\"fusion-li-icon icon-hotel-check-circle-regular\" aria-hidden=\"true\"><\/i><\/p>\n\t\t\n<style>\n#text-2444729668 {\n  font-size: 0.8rem;\n  line-height: 0.8;\n  text-align: left;\n}\n@media (min-width:550px) {\n  #text-2444729668 {\n    font-size: 0.9rem;\n    line-height: 0.85;\n  }\n}\n<\/style>\n\t<\/div>\n\t\n\t\t<\/div>\n\t\t\t\t\t<\/div>\n\n\t\n<\/div>\n<div class=\"social-icons follow-icons full-width text-center\" ><a href=\"https:\/\/www.facebook.com\/SurmeliHotelsResorts\/\" target=\"_blank\" data-label=\"Facebook\" class=\"icon primary button circle facebook tooltip\" title=\"Facebook&amp;apos; ta takip et\" aria-label=\"Facebook&amp;apos; ta takip et\" rel=\"noopener nofollow\" ><i class=\"icon-facebook\" ><\/i><\/a><a href=\"https:\/\/www.instagram.com\/surmelihotels\/\" target=\"_blank\" data-label=\"Instagram\" class=\"icon primary button circle instagram tooltip\" title=\"Instagram&amp;apos; da takip et\" aria-label=\"Instagram&amp;apos; da takip et\" rel=\"noopener nofollow\" ><i class=\"icon-instagram\" ><\/i><\/a><a href=\"https:\/\/twitter.com\/surmelihotel\" data-label=\"X\" target=\"_blank\" class=\"icon primary button circle x tooltip\" title=\"Follow on X\" aria-label=\"Follow on X\" rel=\"noopener nofollow\" ><i class=\"icon-x\" ><\/i><\/a><a href=\"https:\/\/www.youtube.com\/channel\/UCkYLggujgzqMYrv2CxeWQrw\" data-label=\"YouTube\" target=\"_blank\" class=\"icon primary button circle youtube tooltip\" title=\"YouTube&amp;apos; da takip et\" aria-label=\"YouTube&amp;apos; da takip et\" rel=\"noopener nofollow\" ><i class=\"icon-youtube\" ><\/i><\/a><\/div>\n\t\t<\/div>\n\n\t\t\n<style>\n#section_1787024388 {\n  padding-top: 90px;\n  padding-bottom: 90px;\n  background-color: rgba(255, 255, 255, 0.971);\n}\n#section_1787024388 .section-bg-overlay {\n  background-color: rgba(255, 255, 255, 0);\n}\n<\/style>\n\t<\/section>\n\t\n","protected":false},"excerpt":{"rendered":"","protected":false},"author":1,"featured_media":0,"parent":0,"menu_order":0,"comment_status":"closed","ping_status":"closed","template":"page-blank.php","meta":{"footnotes":""},"class_list":["post-603","page","type-page","status-publish","hentry"],"_links":{"self":[{"href":"https:\/\/surmelihotels.com\/istanbul\/wp-json\/wp\/v2\/pages\/603","targetHints":{"allow":["GET"]}}],"collection":[{"href":"https:\/\/surmelihotels.com\/istanbul\/wp-json\/wp\/v2\/pages"}],"about":[{"href":"https:\/\/surmelihotels.com\/istanbul\/wp-json\/wp\/v2\/types\/page"}],"author":[{"embeddable":true,"href":"https:\/\/surmelihotels.com\/istanbul\/wp-json\/wp\/v2\/users\/1"}],"replies":[{"embeddable":true,"href":"https:\/\/surmelihotels.com\/istanbul\/wp-json\/wp\/v2\/comments?post=603"}],"version-history":[{"count":25,"href":"https:\/\/surmelihotels.com\/istanbul\/wp-json\/wp\/v2\/pages\/603\/revisions"}],"predecessor-version":[{"id":1465,"href":"https:\/\/surmelihotels.com\/istanbul\/wp-json\/wp\/v2\/pages\/603\/revisions\/1465"}],"wp:attachment":[{"href":"https:\/\/surmelihotels.com\/istanbul\/wp-json\/wp\/v2\/media?parent=603"}],"curies":[{"name":"wp","href":"https:\/\/api.w.org\/{rel}","templated":true}]}}